{"id":7733,"date":"2021-04-07T08:38:06","date_gmt":"2021-04-07T08:38:06","guid":{"rendered":"https:\/\/felixhotel.net\/productos\/calsotadabox\/"},"modified":"2022-02-28T14:29:31","modified_gmt":"2022-02-28T14:29:31","slug":"calsotadabox","status":"publish","type":"product","link":"https:\/\/felixhotel.net\/fr\/produits\/calsotadabox\/","title":{"rendered":"Cal\u00e7otadabox &#8211; En chambre standard"},"content":{"rendered":"<p>[et_pb_section fb_built=\u00a0\u00bb1&Prime; _builder_version=\u00a0\u00bb3.22&Prime; custom_padding=\u00a0\u00bb0px||||false|false\u00a0\u00bb global_colors_info=\u00a0\u00bb{}\u00a0\u00bb][et_pb_row _builder_version=\u00a0\u00bb3.25&Prime; background_size=\u00a0\u00bbinitial\u00a0\u00bb background_position=\u00a0\u00bbtop_left\u00a0\u00bb background_repeat=\u00a0\u00bbrepeat\u00a0\u00bb width=\u00a0\u00bb100%\u00a0\u00bb custom_padding=\u00a0\u00bb0px||0px||false|false\u00a0\u00bb global_colors_info=\u00a0\u00bb{}\u00a0\u00bb][et_pb_column type=\u00a0\u00bb4_4&Prime; _builder_version=\u00a0\u00bb3.25&Prime; custom_padding=\u00a0\u00bb|||\u00a0\u00bb global_colors_info=\u00a0\u00bb{}\u00a0\u00bb custom_padding__hover=\u00a0\u00bb|||\u00a0\u00bb][et_pb_wc_breadcrumb _builder_version=\u00a0\u00bb3.0.47&Prime; global_colors_info=\u00a0\u00bb{}\u00a0\u00bb][\/et_pb_wc_breadcrumb][et_pb_wc_cart_notice background_color=\u00a0\u00bb#1d428a\u00a0\u00bb custom_button=\u00a0\u00bbon\u00a0\u00bb button_text_color=\u00a0\u00bb#dcb05c\u00a0\u00bb button_bg_color=\u00a0\u00bb#ffffff\u00a0\u00bb global_colors_info=\u00a0\u00bb{}\u00a0\u00bb][\/et_pb_wc_cart_notice][\/et_pb_column][\/et_pb_row][et_pb_row column_structure=\u00a0\u00bb1_2,1_2&Prime; _builder_version=\u00a0\u00bb3.25&Prime; background_size=\u00a0\u00bbinitial\u00a0\u00bb background_position=\u00a0\u00bbtop_left\u00a0\u00bb background_repeat=\u00a0\u00bbrepeat\u00a0\u00bb width=\u00a0\u00bb100%\u00a0\u00bb custom_padding=\u00a0\u00bb0px||||false|false\u00a0\u00bb global_colors_info=\u00a0\u00bb{}\u00a0\u00bb][et_pb_column type=\u00a0\u00bb1_2&Prime; _builder_version=\u00a0\u00bb3.25&Prime; custom_padding=\u00a0\u00bb|||\u00a0\u00bb global_colors_info=\u00a0\u00bb{}\u00a0\u00bb custom_padding__hover=\u00a0\u00bb|||\u00a0\u00bb][et_pb_wc_images _builder_version=\u00a0\u00bb3.0.47&Prime; global_colors_info=\u00a0\u00bb{}\u00a0\u00bb][\/et_pb_wc_images][\/et_pb_column][et_pb_column type=\u00a0\u00bb1_2&Prime; _builder_version=\u00a0\u00bb3.25&Prime; custom_padding=\u00a0\u00bb|||\u00a0\u00bb global_colors_info=\u00a0\u00bb{}\u00a0\u00bb custom_padding__hover=\u00a0\u00bb|||\u00a0\u00bb][et_pb_wc_title _builder_version=\u00a0\u00bb3.0.47&Prime; global_colors_info=\u00a0\u00bb{}\u00a0\u00bb][\/et_pb_wc_title][et_pb_wc_rating _builder_version=\u00a0\u00bb4.7.0&Prime; rating_text_color=\u00a0\u00bb#dcb05c\u00a0\u00bb body_text_color=\u00a0\u00bb#1d428a\u00a0\u00bb global_colors_info=\u00a0\u00bb{}\u00a0\u00bb][\/et_pb_wc_rating][et_pb_wc_price _builder_version=\u00a0\u00bb4.7.0&Prime; body_text_color=\u00a0\u00bb#1d428a\u00a0\u00bb global_colors_info=\u00a0\u00bb{}\u00a0\u00bb][\/et_pb_wc_price][et_pb_wc_description _builder_version=\u00a0\u00bb4.9.4&Prime; text_orientation=\u00a0\u00bbjustified\u00a0\u00bb global_colors_info=\u00a0\u00bb{}\u00a0\u00bb][\/et_pb_wc_description][et_pb_wc_add_to_cart custom_button=\u00a0\u00bbon\u00a0\u00bb button_text_size=\u00a0\u00bb15px\u00a0\u00bb button_text_color=\u00a0\u00bb#ffffff\u00a0\u00bb button_bg_color=\u00a0\u00bb#dcb05c\u00a0\u00bb button_border_width=\u00a0\u00bb0px\u00a0\u00bb button_border_radius=\u00a0\u00bb5px\u00a0\u00bb global_colors_info=\u00a0\u00bb{}\u00a0\u00bb][\/et_pb_wc_add_to_cart][et_pb_wc_meta _builder_version=\u00a0\u00bb4.7.0&Prime; link_text_color=\u00a0\u00bb#1d428a\u00a0\u00bb global_colors_info=\u00a0\u00bb{}\u00a0\u00bb][\/et_pb_wc_meta][\/et_pb_column][\/et_pb_row][et_pb_row column_structure=\u00a0\u00bb1_2,1_2&Prime; _builder_version=\u00a0\u00bb4.7.0&Prime; _module_preset=\u00a0\u00bbdefault\u00a0\u00bb global_colors_info=\u00a0\u00bb{}\u00a0\u00bb][et_pb_column type=\u00a0\u00bb1_2&Prime; _builder_version=\u00a0\u00bb4.7.0&Prime; _module_preset=\u00a0\u00bbdefault\u00a0\u00bb global_colors_info=\u00a0\u00bb{}\u00a0\u00bb][et_pb_text _builder_version=\u00a0\u00bb4.14.7&Prime; _module_preset=\u00a0\u00bbdefault\u00a0\u00bb header_2_font=\u00a0\u00bbRaleway|600|||||||\u00a0\u00bb hover_enabled=\u00a0\u00bb0&Prime; global_colors_info=\u00a0\u00bb{}\u00a0\u00bb sticky_enabled=\u00a0\u00bb0&Prime;]<\/p>\n<h2>Que comprend cette Box?<\/h2>\n<p>[\/et_pb_text][et_pb_text disabled_on=\u00a0\u00bbon|on|on\u00a0\u00bb _builder_version=\u00a0\u00bb4.14.7&Prime; _module_preset=\u00a0\u00bbdefault\u00a0\u00bb hover_enabled=\u00a0\u00bb0&Prime; disabled=\u00a0\u00bbon\u00a0\u00bb global_colors_info=\u00a0\u00bb{}\u00a0\u00bb sticky_enabled=\u00a0\u00bb0&Prime;]<\/p>\n<table>\n<tbody>\n<tr>\n<td><strong>\u00c9quipement<\/strong><\/td>\n<td><strong>La description<\/strong><\/td>\n<\/tr>\n<tr>\n<td>D\u00e9cor<\/td>\n<td>Romantique<\/td>\n<\/tr>\n<tr>\n<td>Caract\u00e9ristiques suppl\u00e9mentaires<\/td>\n<td>Bouteille de Cava, d\u00e9lices chocolat\u00e9s, Pack Sensuel et douceurs<\/td>\n<\/tr>\n<tr>\n<td>Petit-d\u00e9jeuner<\/td>\n<td>Petit d\u00e9jeuner en chambre<\/td>\n<\/tr>\n<tr>\n<td>Aliments<\/td>\n<td>Non inclus<\/td>\n<\/tr>\n<tr>\n<td>D\u00eener<\/td>\n<td>Possibilit\u00e9 d&rsquo;ajouter le d\u00eener en chambre. Menu vari\u00e9 au choix, eau, boisson non alcoolis\u00e9e ou bi\u00e8re incl. 22,50 \u20ac\/TVA incl. par personne<\/td>\n<\/tr>\n<tr>\n<td>Parking<\/td>\n<td>Dans le m\u00eame h\u00f4tel<\/td>\n<\/tr>\n<tr>\n<td>Acc\u00e9der<\/td>\n<td>Acc\u00e8s gratuit \u00e0 la piscine, aux jardins et \u00e0 la terrasse<\/td>\n<\/tr>\n<tr>\n<td>WiFi<\/td>\n<td>Gratuit dans tout l&rsquo;h\u00f4tel<\/td>\n<\/tr>\n<tr>\n<td>Visites<\/td>\n<td>Non inclus<\/td>\n<\/tr>\n<tr>\n<td>D\u00e9part<\/td>\n<td>D\u00e9part 12:00 heures<\/td>\n<\/tr>\n<\/tbody>\n<\/table>\n<p>&nbsp;<\/p>\n<p>[\/et_pb_text][et_pb_code _builder_version=\u00a0\u00bb4.14.7&Prime; _module_preset=\u00a0\u00bbdefault\u00a0\u00bb hover_enabled=\u00a0\u00bb0&Prime; global_colors_info=\u00a0\u00bb{}\u00a0\u00bb sticky_enabled=\u00a0\u00bb0&Prime;]<style>\n    .felix-icon {\n        font-size: 30px;\n      }\n      \n      .felix-feature-container {\n        font-family: 'Raleway',Helvetica,Arial,Lucida,sans-serif;\n        border: solid rgba(0, 0, 0, .15) 1px;\n        padding: 10px;\n        transition: border 300ms ease 0ms;\n        margin-bottom: 20px;\n      \n      }\n      \n      .felix-feature-container:hover {\n        border: solid rgba(0, 0, 0, .65) 1px;\n        transition: border 300ms ease 0ms;\n      }\n      \n      .felix-feature-icon {\n        float: left;\n        width: 50px;\n        \/*\n        margin-right: 20px;\n        *\/\n      }\n      \n      .felix-feature-title{\n        font-size: 20px;\n        margin-bottom: 5px;\n      }\n      \n      .felix-feature-description {\n        font-size: 14px;\n        padding-left: 50px;\n      }      \n    <\/style>\n    <div class=\"felix-feature-container\">\n        <div class=\"felix-feature-icon\">\n            <i class=\"felix-icon fas fa-hotel\"><\/i>\n        <\/div>\n        <div class=\"felix-feature-title\">\n         H\u00e9bergement\n        <\/div>\n        <div class=\"felix-feature-description\">\n            H\u00e9bergement pour deux personnes en chambre double Standard\n        <\/div>\n    <\/div>\n    [\/et_pb_code][et_pb_code _builder_version=\u00a0\u00bb4.14.7&Prime; _module_preset=\u00a0\u00bbdefault\u00a0\u00bb text_orientation=\u00a0\u00bbjustified\u00a0\u00bb hover_enabled=\u00a0\u00bb0&Prime; global_colors_info=\u00a0\u00bb{}\u00a0\u00bb sticky_enabled=\u00a0\u00bb0&Prime;]<style>\n    .felix-icon {\n        font-size: 30px;\n      }\n      \n      .felix-feature-container {\n        font-family: 'Raleway',Helvetica,Arial,Lucida,sans-serif;\n        border: solid rgba(0, 0, 0, .15) 1px;\n        padding: 10px;\n        transition: border 300ms ease 0ms;\n        margin-bottom: 20px;\n      \n      }\n      \n      .felix-feature-container:hover {\n        border: solid rgba(0, 0, 0, .65) 1px;\n        transition: border 300ms ease 0ms;\n      }\n      \n      .felix-feature-icon {\n        float: left;\n        width: 50px;\n        \/*\n        margin-right: 20px;\n        *\/\n      }\n      \n      .felix-feature-title{\n        font-size: 20px;\n        margin-bottom: 5px;\n      }\n      \n      .felix-feature-description {\n        font-size: 14px;\n        padding-left: 50px;\n      }      \n    <\/style>\n    <div class=\"felix-feature-container\">\n        <div class=\"felix-feature-icon\">\n            <i class=\"felix-icon \u00bbfas\"><\/i>\n        <\/div>\n        <div class=\"felix-feature-title\">\n         \u00bbMenu\n        <\/div>\n        <div class=\"felix-feature-description\">\n            \u00bbD\u00e9jeuner\n        <\/div>\n    <\/div>\n    [\/et_pb_code][et_pb_code _builder_version=\u00a0\u00bb4.14.7&Prime; _module_preset=\u00a0\u00bbdefault\u00a0\u00bb hover_enabled=\u00a0\u00bb0&Prime; global_colors_info=\u00a0\u00bb{}\u00a0\u00bb sticky_enabled=\u00a0\u00bb0&Prime;]<style>\n    .felix-icon {\n        font-size: 30px;\n      }\n      \n      .felix-feature-container {\n        font-family: 'Raleway',Helvetica,Arial,Lucida,sans-serif;\n        border: solid rgba(0, 0, 0, .15) 1px;\n        padding: 10px;\n        transition: border 300ms ease 0ms;\n        margin-bottom: 20px;\n      \n      }\n      \n      .felix-feature-container:hover {\n        border: solid rgba(0, 0, 0, .65) 1px;\n        transition: border 300ms ease 0ms;\n      }\n      \n      .felix-feature-icon {\n        float: left;\n        width: 50px;\n        \/*\n        margin-right: 20px;\n        *\/\n      }\n      \n      .felix-feature-title{\n        font-size: 20px;\n        margin-bottom: 5px;\n      }\n      \n      .felix-feature-description {\n        font-size: 14px;\n        padding-left: 50px;\n      }      \n    <\/style>\n    <div class=\"felix-feature-container\">\n        <div class=\"felix-feature-icon\">\n            <i class=\"felix-icon fas fa-moon\"><\/i>\n        <\/div>\n        <div class=\"felix-feature-title\">\n         Menu du diner\n        <\/div>\n        <div class=\"felix-feature-description\">\n            Dans notre restaurant Casa F\u00e8lix au choix entre 8 entr\u00e9es, 8 secondes et dessert. Boissons incluses. \n        <\/div>\n    <\/div>\n    [\/et_pb_code][et_pb_code _builder_version=\u00a0\u00bb4.14.7&Prime; _module_preset=\u00a0\u00bbdefault\u00a0\u00bb hover_enabled=\u00a0\u00bb0&Prime; global_colors_info=\u00a0\u00bb{}\u00a0\u00bb sticky_enabled=\u00a0\u00bb0&Prime;]<style>\n    .felix-icon {\n        font-size: 30px;\n      }\n      \n      .felix-feature-container {\n        font-family: 'Raleway',Helvetica,Arial,Lucida,sans-serif;\n        border: solid rgba(0, 0, 0, .15) 1px;\n        padding: 10px;\n        transition: border 300ms ease 0ms;\n        margin-bottom: 20px;\n      \n      }\n      \n      .felix-feature-container:hover {\n        border: solid rgba(0, 0, 0, .65) 1px;\n        transition: border 300ms ease 0ms;\n      }\n      \n      .felix-feature-icon {\n        float: left;\n        width: 50px;\n        \/*\n        margin-right: 20px;\n        *\/\n      }\n      \n      .felix-feature-title{\n        font-size: 20px;\n        margin-bottom: 5px;\n      }\n      \n      .felix-feature-description {\n        font-size: 14px;\n        padding-left: 50px;\n      }      \n    <\/style>\n    <div class=\"felix-feature-container\">\n        <div class=\"felix-feature-icon\">\n            <i class=\"felix-icon fas fa-coffee\"><\/i>\n        <\/div>\n        <div class=\"felix-feature-title\">\n         Petit-d\u00e9jeuner\n        <\/div>\n        <div class=\"felix-feature-description\">\n            Petit-d\u00e9jeuner buffet\n        <\/div>\n    <\/div>\n    [\/et_pb_code][et_pb_code _builder_version=\u00a0\u00bb4.14.7&Prime; _module_preset=\u00a0\u00bbdefault\u00a0\u00bb hover_enabled=\u00a0\u00bb0&Prime; global_colors_info=\u00a0\u00bb{}\u00a0\u00bb sticky_enabled=\u00a0\u00bb0&Prime;]<style>\n    .felix-icon {\n        font-size: 30px;\n      }\n      \n      .felix-feature-container {\n        font-family: 'Raleway',Helvetica,Arial,Lucida,sans-serif;\n        border: solid rgba(0, 0, 0, .15) 1px;\n        padding: 10px;\n        transition: border 300ms ease 0ms;\n        margin-bottom: 20px;\n      \n      }\n      \n      .felix-feature-container:hover {\n        border: solid rgba(0, 0, 0, .65) 1px;\n        transition: border 300ms ease 0ms;\n      }\n      \n      .felix-feature-icon {\n        float: left;\n        width: 50px;\n        \/*\n        margin-right: 20px;\n        *\/\n      }\n      \n      .felix-feature-title{\n        font-size: 20px;\n        margin-bottom: 5px;\n      }\n      \n      .felix-feature-description {\n        font-size: 14px;\n        padding-left: 50px;\n      }      \n    <\/style>\n    <div class=\"felix-feature-container\">\n        <div class=\"felix-feature-icon\">\n            <i class=\"felix-icon fas fa-parking\"><\/i>\n        <\/div>\n        <div class=\"felix-feature-title\">\n         Parking\n        <\/div>\n        <div class=\"felix-feature-description\">\n            Parking dans le m\u00eame h\u00f4tel\n        <\/div>\n    <\/div>\n    [\/et_pb_code][et_pb_code _builder_version=\u00a0\u00bb4.14.7&Prime; _module_preset=\u00a0\u00bbdefault\u00a0\u00bb hover_enabled=\u00a0\u00bb0&Prime; global_colors_info=\u00a0\u00bb{}\u00a0\u00bb sticky_enabled=\u00a0\u00bb0&Prime;]<style>\n    .felix-icon {\n        font-size: 30px;\n      }\n      \n      .felix-feature-container {\n        font-family: 'Raleway',Helvetica,Arial,Lucida,sans-serif;\n        border: solid rgba(0, 0, 0, .15) 1px;\n        padding: 10px;\n        transition: border 300ms ease 0ms;\n        margin-bottom: 20px;\n      \n      }\n      \n      .felix-feature-container:hover {\n        border: solid rgba(0, 0, 0, .65) 1px;\n        transition: border 300ms ease 0ms;\n      }\n      \n      .felix-feature-icon {\n        float: left;\n        width: 50px;\n        \/*\n        margin-right: 20px;\n        *\/\n      }\n      \n      .felix-feature-title{\n        font-size: 20px;\n        margin-bottom: 5px;\n      }\n      \n      .felix-feature-description {\n        font-size: 14px;\n        padding-left: 50px;\n      }      \n    <\/style>\n    <div class=\"felix-feature-container\">\n        <div class=\"felix-feature-icon\">\n            <i class=\"felix-icon fas fa-wifi\"><\/i>\n        <\/div>\n        <div class=\"felix-feature-title\">\n         Wifi\n        <\/div>\n        <div class=\"felix-feature-description\">\n            Wifi gratuit dans tout l'h\u00f4tel\n        <\/div>\n    <\/div>\n    [\/et_pb_code][\/et_pb_column][et_pb_column type=\u00a0\u00bb1_2&Prime; _builder_version=\u00a0\u00bb4.7.0&Prime; _module_preset=\u00a0\u00bbdefault\u00a0\u00bb global_colors_info=\u00a0\u00bb{}\u00a0\u00bb][et_pb_wc_gallery _builder_version=\u00a0\u00bb4.7.0&Prime; _module_preset=\u00a0\u00bbdefault\u00a0\u00bb custom_margin=\u00a0\u00bb20%||||false|false\u00a0\u00bb custom_margin_tablet=\u00a0\u00bb0%||||false|false\u00a0\u00bb custom_margin_phone=\u00a0\u00bb\u00a0\u00bb custom_margin_last_edited=\u00a0\u00bbon|tablet\u00a0\u00bb global_colors_info=\u00a0\u00bb{}\u00a0\u00bb custom_margin__hover_enabled=\u00a0\u00bbon|desktop\u00a0\u00bb custom_margin__hover=\u00a0\u00bb20%||||false|false\u00a0\u00bb][\/et_pb_wc_gallery][\/et_pb_column][\/et_pb_row][et_pb_row _builder_version=\u00a0\u00bb3.25&Prime; background_size=\u00a0\u00bbinitial\u00a0\u00bb background_position=\u00a0\u00bbtop_left\u00a0\u00bb background_repeat=\u00a0\u00bbrepeat\u00a0\u00bb width=\u00a0\u00bb100%\u00a0\u00bb global_colors_info=\u00a0\u00bb{}\u00a0\u00bb][et_pb_column type=\u00a0\u00bb4_4&Prime; _builder_version=\u00a0\u00bb3.25&Prime; custom_padding=\u00a0\u00bb|||\u00a0\u00bb global_colors_info=\u00a0\u00bb{}\u00a0\u00bb custom_padding__hover=\u00a0\u00bb|||\u00a0\u00bb][et_pb_wc_tabs _builder_version=\u00a0\u00bb4.8.2&Prime; tab_font=\u00a0\u00bbRaleway||||||||\u00a0\u00bb global_colors_info=\u00a0\u00bb{}\u00a0\u00bb]\t\t\t\t\t[\/et_pb_wc_tabs][et_pb_wc_upsells _builder_version=\u00a0\u00bb3.0.47&Prime; global_colors_info=\u00a0\u00bb{}\u00a0\u00bb][\/et_pb_wc_upsells][\/et_pb_column][\/et_pb_row][et_pb_row _builder_version=\u00a0\u00bb4.8.2&Prime; _module_preset=\u00a0\u00bbdefault\u00a0\u00bb global_colors_info=\u00a0\u00bb{}\u00a0\u00bb][et_pb_column type=\u00a0\u00bb4_4&Prime; _builder_version=\u00a0\u00bb4.8.2&Prime; _module_preset=\u00a0\u00bbdefault\u00a0\u00bb global_colors_info=\u00a0\u00bb{}\u00a0\u00bb][et_pb_wc_related_products _builder_version=\u00a0\u00bb4.9.4&Prime; _module_preset=\u00a0\u00bbdefault\u00a0\u00bb title_font=\u00a0\u00bbRaleway|600|||||||\u00a0\u00bb product_title_font=\u00a0\u00bbRaleway|700|||||||\u00a0\u00bb product_title_font_size_tablet=\u00a0\u00bb\u00a0\u00bb product_title_font_size_phone=\u00a0\u00bb16px\u00a0\u00bb product_title_font_size_last_edited=\u00a0\u00bbon|phone\u00a0\u00bb global_colors_info=\u00a0\u00bb{}\u00a0\u00bb][\/et_pb_wc_related_products][\/et_pb_column][\/et_pb_row][\/et_pb_section]<\/p>\n","protected":false},"excerpt":{"rendered":"<p>Si tu aimes la gastronomie, tu ne peux pas perdre notre traditionnel s\u00e9jour. La tradition de cette curieuse oignon a son origine au fin du XIX si\u00e8cle et avec le temps, c\u2019est transform\u00e9 en une grande c\u00e9l\u00e9bration. Avec cette escapade de Cal\u00e7otada, tu as l&rsquo;opportunit\u00e9 d\u2019explorer un monde culinaire amusant, o\u00f9 les cal\u00e7ots sont les protagonistes. Si tu offres ce cadeau : Cal\u00e7otadaBox, tu es en train de donner une exp\u00e9rience gastronomique unique.<\/p>\n","protected":false},"featured_media":7140,"comment_status":"open","ping_status":"closed","template":"","meta":{"_et_pb_use_builder":"on","_et_pb_old_content":"<strong>Conditions:<\/strong>\r\n\u2022 Une fois qu'on a achet\u00e9 ce cadeau, le destinataire a besoin d\u2019appeler au num\u00e9ro 977609090 ou d'envoyer un e-mail \u00e0 hotel@felixhotel.net pour concr\u00e9tiser les dates de la r\u00e9servation.\r\n\u2022 La r\u00e9servation sera sujette \u00e0 la disponibilit\u00e9 dans ces dates-l\u00e0.\r\n\u2022 La date d\u2019expiration du cadeau est de 365 jours apr\u00e8s la date d\u2019achat.","_et_gb_content_width":""},"product_brand":[],"product_cat":[103],"product_tag":[],"class_list":{"0":"post-7733","1":"product","2":"type-product","3":"status-publish","4":"has-post-thumbnail","6":"product_cat-cadeaux","8":"first","9":"instock","10":"virtual","11":"purchasable","12":"product-type-simple"},"yoast_head":"<!-- This site is optimized with the Yoast SEO plugin v25.0 - https:\/\/yoast.com\/wordpress\/plugins\/seo\/ -->\n<title>Cal\u00e7otadabox - En chambre standard - F\u00e8lix Hotel<\/title>\n<meta name=\"robots\" content=\"index, follow, max-snippet:-1, max-image-preview:large, max-video-preview:-1\" \/>\n<link rel=\"canonical\" href=\"https:\/\/felixhotel.net\/fr\/produits\/calsotadabox\/\" \/>\n<meta property=\"og:locale\" content=\"fr_FR\" \/>\n<meta property=\"og:type\" content=\"article\" \/>\n<meta property=\"og:title\" content=\"Cal\u00e7otadabox - En chambre standard - F\u00e8lix Hotel\" \/>\n<meta property=\"og:description\" content=\"Si tu aimes la gastronomie, tu ne peux pas perdre notre traditionnel s\u00e9jour. La tradition de cette curieuse oignon a son origine au fin du XIX si\u00e8cle et avec le temps, c\u2019est transform\u00e9 en une grande c\u00e9l\u00e9bration. Avec cette escapade de Cal\u00e7otada, tu as l&#039;opportunit\u00e9 d\u2019explorer un monde culinaire amusant, o\u00f9 les cal\u00e7ots sont les protagonistes. Si tu offres ce cadeau : Cal\u00e7otadaBox, tu es en train de donner une exp\u00e9rience gastronomique unique.\" \/>\n<meta property=\"og:url\" content=\"https:\/\/felixhotel.net\/fr\/produits\/calsotadabox\/\" \/>\n<meta property=\"og:site_name\" content=\"F\u00e8lix Hotel\" \/>\n<meta property=\"article:modified_time\" content=\"2022-02-28T14:29:31+00:00\" \/>\n<meta property=\"og:image\" content=\"https:\/\/www.felixhotel.net\/wp-content\/uploads\/2021\/03\/Calcotada_Plats_-136.jpg\" \/>\n\t<meta property=\"og:image:width\" content=\"1080\" \/>\n\t<meta property=\"og:image:height\" content=\"721\" \/>\n\t<meta property=\"og:image:type\" content=\"image\/jpeg\" \/>\n<meta name=\"twitter:card\" content=\"summary_large_image\" \/>\n<script type=\"application\/ld+json\" class=\"yoast-schema-graph\">{\"@context\":\"https:\/\/schema.org\",\"@graph\":[{\"@type\":\"WebPage\",\"@id\":\"https:\/\/felixhotel.net\/fr\/produits\/calsotadabox\/\",\"url\":\"https:\/\/felixhotel.net\/fr\/produits\/calsotadabox\/\",\"name\":\"Cal\u00e7otadabox - En chambre standard - F\u00e8lix Hotel\",\"isPartOf\":{\"@id\":\"https:\/\/felixhotel.net\/fr\/#website\"},\"primaryImageOfPage\":{\"@id\":\"https:\/\/felixhotel.net\/fr\/produits\/calsotadabox\/#primaryimage\"},\"image\":{\"@id\":\"https:\/\/felixhotel.net\/fr\/produits\/calsotadabox\/#primaryimage\"},\"thumbnailUrl\":\"https:\/\/felixhotel.net\/wp-content\/uploads\/2021\/03\/Calcotada_Plats_-136.jpg\",\"datePublished\":\"2021-04-07T08:38:06+00:00\",\"dateModified\":\"2022-02-28T14:29:31+00:00\",\"breadcrumb\":{\"@id\":\"https:\/\/felixhotel.net\/fr\/produits\/calsotadabox\/#breadcrumb\"},\"inLanguage\":\"fr-FR\",\"potentialAction\":[{\"@type\":\"ReadAction\",\"target\":[\"https:\/\/felixhotel.net\/fr\/produits\/calsotadabox\/\"]}]},{\"@type\":\"ImageObject\",\"inLanguage\":\"fr-FR\",\"@id\":\"https:\/\/felixhotel.net\/fr\/produits\/calsotadabox\/#primaryimage\",\"url\":\"https:\/\/felixhotel.net\/wp-content\/uploads\/2021\/03\/Calcotada_Plats_-136.jpg\",\"contentUrl\":\"https:\/\/felixhotel.net\/wp-content\/uploads\/2021\/03\/Calcotada_Plats_-136.jpg\",\"width\":1080,\"height\":721,\"caption\":\"La t\u00edpica cal\u00e7otada | Restaurant F\u00e8lix\"},{\"@type\":\"BreadcrumbList\",\"@id\":\"https:\/\/felixhotel.net\/fr\/produits\/calsotadabox\/#breadcrumb\",\"itemListElement\":[{\"@type\":\"ListItem\",\"position\":1,\"name\":\"FelixBox\",\"item\":\"https:\/\/felixhotel.net\/regalar-escapadas-tarragona\/\"},{\"@type\":\"ListItem\",\"position\":2,\"name\":\"Cal\u00e7otadabox &#8211; En chambre standard\"}]},{\"@type\":\"WebSite\",\"@id\":\"https:\/\/felixhotel.net\/fr\/#website\",\"url\":\"https:\/\/felixhotel.net\/fr\/\",\"name\":\"F\u00e8lix Hotel\",\"description\":\"Hotel en Valls\",\"potentialAction\":[{\"@type\":\"SearchAction\",\"target\":{\"@type\":\"EntryPoint\",\"urlTemplate\":\"https:\/\/felixhotel.net\/fr\/?s={search_term_string}\"},\"query-input\":{\"@type\":\"PropertyValueSpecification\",\"valueRequired\":true,\"valueName\":\"search_term_string\"}}],\"inLanguage\":\"fr-FR\"}]}<\/script>\n<!-- \/ Yoast SEO plugin. -->","yoast_head_json":{"title":"Cal\u00e7otadabox - En chambre standard - F\u00e8lix Hotel","robots":{"index":"index","follow":"follow","max-snippet":"max-snippet:-1","max-image-preview":"max-image-preview:large","max-video-preview":"max-video-preview:-1"},"canonical":"https:\/\/felixhotel.net\/fr\/produits\/calsotadabox\/","og_locale":"fr_FR","og_type":"article","og_title":"Cal\u00e7otadabox - En chambre standard - F\u00e8lix Hotel","og_description":"Si tu aimes la gastronomie, tu ne peux pas perdre notre traditionnel s\u00e9jour. La tradition de cette curieuse oignon a son origine au fin du XIX si\u00e8cle et avec le temps, c\u2019est transform\u00e9 en une grande c\u00e9l\u00e9bration. Avec cette escapade de Cal\u00e7otada, tu as l'opportunit\u00e9 d\u2019explorer un monde culinaire amusant, o\u00f9 les cal\u00e7ots sont les protagonistes. Si tu offres ce cadeau : Cal\u00e7otadaBox, tu es en train de donner une exp\u00e9rience gastronomique unique.","og_url":"https:\/\/felixhotel.net\/fr\/produits\/calsotadabox\/","og_site_name":"F\u00e8lix Hotel","article_modified_time":"2022-02-28T14:29:31+00:00","og_image":[{"width":1080,"height":721,"url":"https:\/\/www.felixhotel.net\/wp-content\/uploads\/2021\/03\/Calcotada_Plats_-136.jpg","type":"image\/jpeg"}],"twitter_card":"summary_large_image","schema":{"@context":"https:\/\/schema.org","@graph":[{"@type":"WebPage","@id":"https:\/\/felixhotel.net\/fr\/produits\/calsotadabox\/","url":"https:\/\/felixhotel.net\/fr\/produits\/calsotadabox\/","name":"Cal\u00e7otadabox - En chambre standard - F\u00e8lix Hotel","isPartOf":{"@id":"https:\/\/felixhotel.net\/fr\/#website"},"primaryImageOfPage":{"@id":"https:\/\/felixhotel.net\/fr\/produits\/calsotadabox\/#primaryimage"},"image":{"@id":"https:\/\/felixhotel.net\/fr\/produits\/calsotadabox\/#primaryimage"},"thumbnailUrl":"https:\/\/felixhotel.net\/wp-content\/uploads\/2021\/03\/Calcotada_Plats_-136.jpg","datePublished":"2021-04-07T08:38:06+00:00","dateModified":"2022-02-28T14:29:31+00:00","breadcrumb":{"@id":"https:\/\/felixhotel.net\/fr\/produits\/calsotadabox\/#breadcrumb"},"inLanguage":"fr-FR","potentialAction":[{"@type":"ReadAction","target":["https:\/\/felixhotel.net\/fr\/produits\/calsotadabox\/"]}]},{"@type":"ImageObject","inLanguage":"fr-FR","@id":"https:\/\/felixhotel.net\/fr\/produits\/calsotadabox\/#primaryimage","url":"https:\/\/felixhotel.net\/wp-content\/uploads\/2021\/03\/Calcotada_Plats_-136.jpg","contentUrl":"https:\/\/felixhotel.net\/wp-content\/uploads\/2021\/03\/Calcotada_Plats_-136.jpg","width":1080,"height":721,"caption":"La t\u00edpica cal\u00e7otada | Restaurant F\u00e8lix"},{"@type":"BreadcrumbList","@id":"https:\/\/felixhotel.net\/fr\/produits\/calsotadabox\/#breadcrumb","itemListElement":[{"@type":"ListItem","position":1,"name":"FelixBox","item":"https:\/\/felixhotel.net\/regalar-escapadas-tarragona\/"},{"@type":"ListItem","position":2,"name":"Cal\u00e7otadabox &#8211; En chambre standard"}]},{"@type":"WebSite","@id":"https:\/\/felixhotel.net\/fr\/#website","url":"https:\/\/felixhotel.net\/fr\/","name":"F\u00e8lix Hotel","description":"Hotel en Valls","potentialAction":[{"@type":"SearchAction","target":{"@type":"EntryPoint","urlTemplate":"https:\/\/felixhotel.net\/fr\/?s={search_term_string}"},"query-input":{"@type":"PropertyValueSpecification","valueRequired":true,"valueName":"search_term_string"}}],"inLanguage":"fr-FR"}]}},"_links":{"self":[{"href":"https:\/\/felixhotel.net\/fr\/wp-json\/wp\/v2\/product\/7733","targetHints":{"allow":["GET"]}}],"collection":[{"href":"https:\/\/felixhotel.net\/fr\/wp-json\/wp\/v2\/product"}],"about":[{"href":"https:\/\/felixhotel.net\/fr\/wp-json\/wp\/v2\/types\/product"}],"replies":[{"embeddable":true,"href":"https:\/\/felixhotel.net\/fr\/wp-json\/wp\/v2\/comments?post=7733"}],"wp:featuredmedia":[{"embeddable":true,"href":"https:\/\/felixhotel.net\/fr\/wp-json\/wp\/v2\/media\/7140"}],"wp:attachment":[{"href":"https:\/\/felixhotel.net\/fr\/wp-json\/wp\/v2\/media?parent=7733"}],"wp:term":[{"taxonomy":"product_brand","embeddable":true,"href":"https:\/\/felixhotel.net\/fr\/wp-json\/wp\/v2\/product_brand?post=7733"},{"taxonomy":"product_cat","embeddable":true,"href":"https:\/\/felixhotel.net\/fr\/wp-json\/wp\/v2\/product_cat?post=7733"},{"taxonomy":"product_tag","embeddable":true,"href":"https:\/\/felixhotel.net\/fr\/wp-json\/wp\/v2\/product_tag?post=7733"}],"curies":[{"name":"wp","href":"https:\/\/api.w.org\/{rel}","templated":true}]}}