{"id":8035,"date":"2021-05-26T17:00:41","date_gmt":"2021-05-26T17:00:42","guid":{"rendered":"https:\/\/felixhotel.net\/?post_type=product&#038;p=8035"},"modified":"2022-11-25T17:39:18","modified_gmt":"2022-11-25T17:39:18","slug":"enologicbox-in-a-suite-room-with-a-jacuzzi","status":"publish","type":"product","link":"https:\/\/felixhotel.net\/en\/products\/enologicbox-in-a-suite-room-with-a-jacuzzi\/","title":{"rendered":"Enologicbox &#8211; In a suite with hot tub"},"content":{"rendered":"<p>[et_pb_section fb_built=&#8221;1&#8243; _builder_version=&#8221;4.16&#8243; custom_padding=&#8221;0px||||false|false&#8221; global_colors_info=&#8221;{}&#8221;][et_pb_row _builder_version=&#8221;4.16&#8243; background_size=&#8221;initial&#8221; background_position=&#8221;top_left&#8221; background_repeat=&#8221;repeat&#8221; width=&#8221;100%&#8221; custom_padding=&#8221;0px||0px||false|false&#8221; global_colors_info=&#8221;{}&#8221;][et_pb_column type=&#8221;4_4&#8243; _builder_version=&#8221;4.16&#8243; custom_padding=&#8221;|||&#8221; global_colors_info=&#8221;{}&#8221; custom_padding__hover=&#8221;|||&#8221;][et_pb_wc_breadcrumb _builder_version=&#8221;4.16&#8243; global_colors_info=&#8221;{}&#8221;][\/et_pb_wc_breadcrumb][et_pb_wc_cart_notice _builder_version=&#8221;4.16&#8243; background_color=&#8221;#1d428a&#8221; custom_button=&#8221;on&#8221; button_text_color=&#8221;#dcb05c&#8221; button_bg_color=&#8221;#ffffff&#8221; global_colors_info=&#8221;{}&#8221;][\/et_pb_wc_cart_notice][\/et_pb_column][\/et_pb_row][et_pb_row column_structure=&#8221;1_2,1_2&#8243; _builder_version=&#8221;4.16&#8243; background_size=&#8221;initial&#8221; background_position=&#8221;top_left&#8221; background_repeat=&#8221;repeat&#8221; width=&#8221;100%&#8221; custom_padding=&#8221;0px||||false|false&#8221; global_colors_info=&#8221;{}&#8221;][et_pb_column type=&#8221;1_2&#8243; _builder_version=&#8221;4.16&#8243; custom_padding=&#8221;|||&#8221; global_colors_info=&#8221;{}&#8221; custom_padding__hover=&#8221;|||&#8221;][et_pb_wc_images _builder_version=&#8221;4.16&#8243; global_colors_info=&#8221;{}&#8221;][\/et_pb_wc_images][\/et_pb_column][et_pb_column type=&#8221;1_2&#8243; _builder_version=&#8221;4.16&#8243; custom_padding=&#8221;|||&#8221; global_colors_info=&#8221;{}&#8221; custom_padding__hover=&#8221;|||&#8221;][et_pb_wc_title _builder_version=&#8221;4.16&#8243; global_colors_info=&#8221;{}&#8221;][\/et_pb_wc_title][et_pb_wc_rating _builder_version=&#8221;4.16&#8243; rating_text_color=&#8221;#dcb05c&#8221; body_text_color=&#8221;#1d428a&#8221; global_colors_info=&#8221;{}&#8221;][\/et_pb_wc_rating][et_pb_wc_price _builder_version=&#8221;4.16&#8243; body_text_color=&#8221;#1d428a&#8221; global_colors_info=&#8221;{}&#8221;][\/et_pb_wc_price][et_pb_wc_description _builder_version=&#8221;4.16&#8243; text_orientation=&#8221;justified&#8221; global_colors_info=&#8221;{}&#8221;][\/et_pb_wc_description][et_pb_wc_add_to_cart _builder_version=&#8221;4.16&#8243; custom_button=&#8221;on&#8221; button_text_size=&#8221;15px&#8221; button_text_color=&#8221;#ffffff&#8221; button_bg_color=&#8221;#dcb05c&#8221; button_border_width=&#8221;0px&#8221; button_border_radius=&#8221;5px&#8221; global_colors_info=&#8221;{}&#8221;][\/et_pb_wc_add_to_cart][et_pb_wc_meta _builder_version=&#8221;4.16&#8243; link_text_color=&#8221;#1d428a&#8221; global_colors_info=&#8221;{}&#8221;][\/et_pb_wc_meta][\/et_pb_column][\/et_pb_row][et_pb_row column_structure=&#8221;1_2,1_2&#8243; _builder_version=&#8221;4.16&#8243; _module_preset=&#8221;default&#8221; global_colors_info=&#8221;{}&#8221;][et_pb_column type=&#8221;1_2&#8243; _builder_version=&#8221;4.16&#8243; _module_preset=&#8221;default&#8221; global_colors_info=&#8221;{}&#8221;][et_pb_text _builder_version=&#8221;4.16&#8243; _module_preset=&#8221;default&#8221; header_2_font=&#8221;Raleway|600|||||||&#8221; global_colors_info=&#8221;{}&#8221;]<\/p>\n<h2>\u00bfQu\u00e9 incluye este Box?<\/h2>\n<p>[\/et_pb_text][et_pb_text disabled_on=&#8221;on|on|on&#8221; _builder_version=&#8221;4.16&#8243; _module_preset=&#8221;default&#8221; disabled=&#8221;on&#8221; global_colors_info=&#8221;{}&#8221;]<\/p>\n<table>\n<tbody>\n<tr>\n<td><strong>Equipamiento<\/strong><\/td>\n<td><strong>Descripci\u00f3n<\/strong><\/td>\n<\/tr>\n<tr>\n<td>Decoraci\u00f3n<\/td>\n<td>Rom\u00e1ntica<\/td>\n<\/tr>\n<tr>\n<td>Extras<\/td>\n<td>Botella de Cava, delicias de chocolate, Pack Sensual y chucher\u00edas<\/td>\n<\/tr>\n<tr>\n<td>Desayuno<\/td>\n<td>Desayuno en habitaci\u00f3n<\/td>\n<\/tr>\n<tr>\n<td>Comida<\/td>\n<td>No incluida<\/td>\n<\/tr>\n<tr>\n<td>Cena<\/td>\n<td>Opci\u00f3n de a\u00f1adir cena en habitaci\u00f3n. Men\u00fa con variedad a escoger, agua, refresco o cerveza incl. 22,50\u20ac\/IVA incl. por persona<\/td>\n<\/tr>\n<tr>\n<td>P\u00e1rking<\/td>\n<td>En el mismo hotel<\/td>\n<\/tr>\n<tr>\n<td>Acceso<\/td>\n<td>Libre acceso a la piscina, jardines y terraza<\/td>\n<\/tr>\n<tr>\n<td>WiFi<\/td>\n<td>Gratuito en todo el hotel<\/td>\n<\/tr>\n<tr>\n<td>Visitas<\/td>\n<td>No incluidas<\/td>\n<\/tr>\n<tr>\n<td>Salida<\/td>\n<td>Salida 12:00 horas<\/td>\n<\/tr>\n<\/tbody>\n<\/table>\n<p>&nbsp;<\/p>\n<p>[\/et_pb_text][et_pb_code admin_label=&#8221;Stay&#8221; _builder_version=&#8221;4.16&#8243; _module_preset=&#8221;default&#8221; global_colors_info=&#8221;{}&#8221;]<style>\n    .felix-icon {\n        font-size: 30px;\n      }\n      \n      .felix-feature-container {\n        font-family: 'Raleway',Helvetica,Arial,Lucida,sans-serif;\n        border: solid rgba(0, 0, 0, .15) 1px;\n        padding: 10px;\n        transition: border 300ms ease 0ms;\n        margin-bottom: 20px;\n      \n      }\n      \n      .felix-feature-container:hover {\n        border: solid rgba(0, 0, 0, .65) 1px;\n        transition: border 300ms ease 0ms;\n      }\n      \n      .felix-feature-icon {\n        float: left;\n        width: 50px;\n        \/*\n        margin-right: 20px;\n        *\/\n      }\n      \n      .felix-feature-title{\n        font-size: 20px;\n        margin-bottom: 5px;\n      }\n      \n      .felix-feature-description {\n        font-size: 14px;\n        padding-left: 50px;\n      }      \n    <\/style>\n    <div class=\"felix-feature-container\">\n        <div class=\"felix-feature-icon\">\n            <i class=\"felix-icon fas fa-hotel\"><\/i>\n        <\/div>\n        <div class=\"felix-feature-title\">\n         Alojamiento\n        <\/div>\n        <div class=\"felix-feature-description\">\n            Para dos personas en habitaci\u00f3n suite con ba\u00f1era de hidromasaje\n        <\/div>\n    <\/div>\n    [\/et_pb_code][et_pb_code admin_label=&#8221;Extras&#8221; _builder_version=&#8221;4.16&#8243; _module_preset=&#8221;default&#8221; global_colors_info=&#8221;{}&#8221;]<style>\n    .felix-icon {\n        font-size: 30px;\n      }\n      \n      .felix-feature-container {\n        font-family: 'Raleway',Helvetica,Arial,Lucida,sans-serif;\n        border: solid rgba(0, 0, 0, .15) 1px;\n        padding: 10px;\n        transition: border 300ms ease 0ms;\n        margin-bottom: 20px;\n      \n      }\n      \n      .felix-feature-container:hover {\n        border: solid rgba(0, 0, 0, .65) 1px;\n        transition: border 300ms ease 0ms;\n      }\n      \n      .felix-feature-icon {\n        float: left;\n        width: 50px;\n        \/*\n        margin-right: 20px;\n        *\/\n      }\n      \n      .felix-feature-title{\n        font-size: 20px;\n        margin-bottom: 5px;\n      }\n      \n      .felix-feature-description {\n        font-size: 14px;\n        padding-left: 50px;\n      }      \n    <\/style>\n    <div class=\"felix-feature-container\">\n        <div class=\"felix-feature-icon\">\n            <i class=\"felix-icon fas fa-plus\"><\/i>\n        <\/div>\n        <div class=\"felix-feature-title\">\n         Extras\n        <\/div>\n        <div class=\"felix-feature-description\">\n            Botella de Cava de bienvenida\n        <\/div>\n    <\/div>\n    [\/et_pb_code][et_pb_code admin_label=&#8221;Cena&#8221; _builder_version=&#8221;4.18.0&#8243; _module_preset=&#8221;default&#8221; global_colors_info=&#8221;{}&#8221;]<style>\n    .felix-icon {\n        font-size: 30px;\n      }\n      \n      .felix-feature-container {\n        font-family: 'Raleway',Helvetica,Arial,Lucida,sans-serif;\n        border: solid rgba(0, 0, 0, .15) 1px;\n        padding: 10px;\n        transition: border 300ms ease 0ms;\n        margin-bottom: 20px;\n      \n      }\n      \n      .felix-feature-container:hover {\n        border: solid rgba(0, 0, 0, .65) 1px;\n        transition: border 300ms ease 0ms;\n      }\n      \n      .felix-feature-icon {\n        float: left;\n        width: 50px;\n        \/*\n        margin-right: 20px;\n        *\/\n      }\n      \n      .felix-feature-title{\n        font-size: 20px;\n        margin-bottom: 5px;\n      }\n      \n      .felix-feature-description {\n        font-size: 14px;\n        padding-left: 50px;\n      }      \n    <\/style>\n    <div class=\"felix-feature-container\">\n        <div class=\"felix-feature-icon\">\n            <i class=\"felix-icon fas fa-coffee\"><\/i>\n        <\/div>\n        <div class=\"felix-feature-title\">\n         Cena\n        <\/div>\n        <div class=\"felix-feature-description\">\n            En nuestro restaurante Casa F\u00e8lix a elegir entre 8 primeros, 8 segundos y postre. Bebidas incluidas.\n        <\/div>\n    <\/div>\n    [\/et_pb_code][et_pb_code admin_label=&#8221;Cena&#8221; _builder_version=&#8221;4.18.0&#8243; _module_preset=&#8221;default&#8221; hover_enabled=&#8221;0&#8243; global_colors_info=&#8221;{}&#8221; sticky_enabled=&#8221;0&#8243;]<style>\n    .felix-icon {\n        font-size: 30px;\n      }\n      \n      .felix-feature-container {\n        font-family: 'Raleway',Helvetica,Arial,Lucida,sans-serif;\n        border: solid rgba(0, 0, 0, .15) 1px;\n        padding: 10px;\n        transition: border 300ms ease 0ms;\n        margin-bottom: 20px;\n      \n      }\n      \n      .felix-feature-container:hover {\n        border: solid rgba(0, 0, 0, .65) 1px;\n        transition: border 300ms ease 0ms;\n      }\n      \n      .felix-feature-icon {\n        float: left;\n        width: 50px;\n        \/*\n        margin-right: 20px;\n        *\/\n      }\n      \n      .felix-feature-title{\n        font-size: 20px;\n        margin-bottom: 5px;\n      }\n      \n      .felix-feature-description {\n        font-size: 14px;\n        padding-left: 50px;\n      }      \n    <\/style>\n    <div class=\"felix-feature-container\">\n        <div class=\"felix-feature-icon\">\n            <i class=\"felix-icon fas fa-utensils\"><\/i>\n        <\/div>\n        <div class=\"felix-feature-title\">\n         Desayuno Buffet\n        <\/div>\n        <div class=\"felix-feature-description\">\n            Desayuno buffet incluido.\n        <\/div>\n    <\/div>\n    [\/et_pb_code][et_pb_code admin_label=&#8221;Visita&#8221; _builder_version=&#8221;4.16&#8243; _module_preset=&#8221;default&#8221; global_colors_info=&#8221;{}&#8221;]<style>\n    .felix-icon {\n        font-size: 30px;\n      }\n      \n      .felix-feature-container {\n        font-family: 'Raleway',Helvetica,Arial,Lucida,sans-serif;\n        border: solid rgba(0, 0, 0, .15) 1px;\n        padding: 10px;\n        transition: border 300ms ease 0ms;\n        margin-bottom: 20px;\n      \n      }\n      \n      .felix-feature-container:hover {\n        border: solid rgba(0, 0, 0, .65) 1px;\n        transition: border 300ms ease 0ms;\n      }\n      \n      .felix-feature-icon {\n        float: left;\n        width: 50px;\n        \/*\n        margin-right: 20px;\n        *\/\n      }\n      \n      .felix-feature-title{\n        font-size: 20px;\n        margin-bottom: 5px;\n      }\n      \n      .felix-feature-description {\n        font-size: 14px;\n        padding-left: 50px;\n      }      \n    <\/style>\n    <div class=\"felix-feature-container\">\n        <div class=\"felix-feature-icon\">\n            <i class=\"felix-icon fas fa-route\"><\/i>\n        <\/div>\n        <div class=\"felix-feature-title\">\n         Actividad\n        <\/div>\n        <div class=\"felix-feature-description\">\n            Visita a una bodega de la zona con degustaci\u00f3n (A escoger entre Carles Andreu, Josep Foraster o Mas Vicen\u00e7).\n        <\/div>\n    <\/div>\n    [\/et_pb_code][et_pb_code admin_label=&#8221;Parking&#8221; _builder_version=&#8221;4.16&#8243; _module_preset=&#8221;default&#8221; global_colors_info=&#8221;{}&#8221;]<style>\n    .felix-icon {\n        font-size: 30px;\n      }\n      \n      .felix-feature-container {\n        font-family: 'Raleway',Helvetica,Arial,Lucida,sans-serif;\n        border: solid rgba(0, 0, 0, .15) 1px;\n        padding: 10px;\n        transition: border 300ms ease 0ms;\n        margin-bottom: 20px;\n      \n      }\n      \n      .felix-feature-container:hover {\n        border: solid rgba(0, 0, 0, .65) 1px;\n        transition: border 300ms ease 0ms;\n      }\n      \n      .felix-feature-icon {\n        float: left;\n        width: 50px;\n        \/*\n        margin-right: 20px;\n        *\/\n      }\n      \n      .felix-feature-title{\n        font-size: 20px;\n        margin-bottom: 5px;\n      }\n      \n      .felix-feature-description {\n        font-size: 14px;\n        padding-left: 50px;\n      }      \n    <\/style>\n    <div class=\"felix-feature-container\">\n        <div class=\"felix-feature-icon\">\n            <i class=\"felix-icon fas fa-parking\"><\/i>\n        <\/div>\n        <div class=\"felix-feature-title\">\n         Parking\n        <\/div>\n        <div class=\"felix-feature-description\">\n            Parking en el mismo hotel\n        <\/div>\n    <\/div>\n    [\/et_pb_code][et_pb_code admin_label=&#8221;Wifi&#8221; _builder_version=&#8221;4.16&#8243; _module_preset=&#8221;default&#8221; global_colors_info=&#8221;{}&#8221;]<style>\n    .felix-icon {\n        font-size: 30px;\n      }\n      \n      .felix-feature-container {\n        font-family: 'Raleway',Helvetica,Arial,Lucida,sans-serif;\n        border: solid rgba(0, 0, 0, .15) 1px;\n        padding: 10px;\n        transition: border 300ms ease 0ms;\n        margin-bottom: 20px;\n      \n      }\n      \n      .felix-feature-container:hover {\n        border: solid rgba(0, 0, 0, .65) 1px;\n        transition: border 300ms ease 0ms;\n      }\n      \n      .felix-feature-icon {\n        float: left;\n        width: 50px;\n        \/*\n        margin-right: 20px;\n        *\/\n      }\n      \n      .felix-feature-title{\n        font-size: 20px;\n        margin-bottom: 5px;\n      }\n      \n      .felix-feature-description {\n        font-size: 14px;\n        padding-left: 50px;\n      }      \n    <\/style>\n    <div class=\"felix-feature-container\">\n        <div class=\"felix-feature-icon\">\n            <i class=\"felix-icon fas fa-wifi\"><\/i>\n        <\/div>\n        <div class=\"felix-feature-title\">\n         WIFI\n        <\/div>\n        <div class=\"felix-feature-description\">\n            Gratuito en todo el hotel\n        <\/div>\n    <\/div>\n    [\/et_pb_code][\/et_pb_column][et_pb_column type=&#8221;1_2&#8243; _builder_version=&#8221;4.16&#8243; _module_preset=&#8221;default&#8221; global_colors_info=&#8221;{}&#8221;][et_pb_wc_gallery _builder_version=&#8221;4.16&#8243; _module_preset=&#8221;default&#8221; custom_margin=&#8221;20%||||false|false&#8221; custom_margin_tablet=&#8221;0%||||false|false&#8221; custom_margin_phone=&#8221;&#8221; custom_margin_last_edited=&#8221;on|tablet&#8221; global_colors_info=&#8221;{}&#8221; custom_margin__hover_enabled=&#8221;on|desktop&#8221; custom_margin__hover=&#8221;20%||||false|false&#8221;][\/et_pb_wc_gallery][\/et_pb_column][\/et_pb_row][et_pb_row _builder_version=&#8221;4.16&#8243; background_size=&#8221;initial&#8221; background_position=&#8221;top_left&#8221; background_repeat=&#8221;repeat&#8221; width=&#8221;100%&#8221; global_colors_info=&#8221;{}&#8221;][et_pb_column type=&#8221;4_4&#8243; _builder_version=&#8221;4.16&#8243; custom_padding=&#8221;|||&#8221; global_colors_info=&#8221;{}&#8221; custom_padding__hover=&#8221;|||&#8221;][et_pb_wc_tabs _builder_version=&#8221;4.16&#8243; tab_font=&#8221;Raleway||||||||&#8221; global_colors_info=&#8221;{}&#8221;]\t\t\t\t\t[\/et_pb_wc_tabs][et_pb_wc_upsells _builder_version=&#8221;4.16&#8243; global_colors_info=&#8221;{}&#8221;][\/et_pb_wc_upsells][\/et_pb_column][\/et_pb_row][et_pb_row _builder_version=&#8221;4.16&#8243; _module_preset=&#8221;default&#8221; global_colors_info=&#8221;{}&#8221;][et_pb_column type=&#8221;4_4&#8243; _builder_version=&#8221;4.16&#8243; _module_preset=&#8221;default&#8221; global_colors_info=&#8221;{}&#8221;][et_pb_wc_related_products _builder_version=&#8221;4.16&#8243; title_font=&#8221;Raleway|600|||||||&#8221; product_title_font=&#8221;Raleway|600|||||||&#8221; product_title_font_size_tablet=&#8221;&#8221; product_title_font_size_phone=&#8221;16px&#8221; product_title_font_size_last_edited=&#8221;on|phone&#8221; global_colors_info=&#8221;{}&#8221;][\/et_pb_wc_related_products][\/et_pb_column][\/et_pb_row][\/et_pb_section]<\/p>\n","protected":false},"excerpt":{"rendered":"<p>With this getaway you will enjoy the wine of the region, discovering and tasting wine or cava, in a completely rural environment. In this experience you have the opportunity to do a guided tour in one of our local wine cellars, learning their installations, the elaboration process of their wines, and finally, to taste their own wine or cava. It is about familiar cellars which they will do as possible to bring you the most beautiful experience.<\/p>\n","protected":false},"featured_media":3662,"comment_status":"open","ping_status":"closed","template":"","meta":{"_et_pb_use_builder":"on","_et_pb_old_content":"<strong>Conditions:<\/strong>\r\n\u2022 Once you have bought this Box, the recipient of the gift needs to call 977609090 or send an email to hotel@felixhotel.net to define the reservation dates.\r\n\u2022 The reservation is subjected to the hotel availability on the marked date.\r\n\u2022 The expiry of this gift is about 365 days from the date of purchase.","_et_gb_content_width":""},"product_brand":[],"product_cat":[102],"product_tag":[],"class_list":{"0":"post-8035","1":"product","2":"type-product","3":"status-publish","4":"has-post-thumbnail","6":"product_cat-gifts","8":"first","9":"instock","10":"virtual","11":"sold-individually","12":"purchasable","13":"product-type-simple"},"yoast_head":"<!-- This site is optimized with the Yoast SEO plugin v25.0 - https:\/\/yoast.com\/wordpress\/plugins\/seo\/ -->\n<title>Enologicbox - In a suite with hot tub - F\u00e8lix Hotel<\/title>\n<meta name=\"robots\" content=\"index, follow, max-snippet:-1, max-image-preview:large, max-video-preview:-1\" \/>\n<link rel=\"canonical\" href=\"https:\/\/felixhotel.net\/en\/products\/enologicbox-in-a-suite-room-with-a-jacuzzi\/\" \/>\n<meta property=\"og:locale\" content=\"en_US\" \/>\n<meta property=\"og:type\" content=\"article\" \/>\n<meta property=\"og:title\" content=\"Enologicbox - In a suite with hot tub - F\u00e8lix Hotel\" \/>\n<meta property=\"og:description\" content=\"With this getaway you will enjoy the wine of the region, discovering and tasting wine or cava, in a completely rural environment. In this experience you have the opportunity to do a guided tour in one of our local wine cellars, learning their installations, the elaboration process of their wines, and finally, to taste their own wine or cava. It is about familiar cellars which they will do as possible to bring you the most beautiful experience.\" \/>\n<meta property=\"og:url\" content=\"https:\/\/felixhotel.net\/en\/products\/enologicbox-in-a-suite-room-with-a-jacuzzi\/\" \/>\n<meta property=\"og:site_name\" content=\"F\u00e8lix Hotel\" \/>\n<meta property=\"article:modified_time\" content=\"2022-11-25T17:39:18+00:00\" \/>\n<meta property=\"og:image\" content=\"https:\/\/felixhotel.net\/wp-content\/uploads\/2020\/11\/Escapada-Ecologica.jpg\" \/>\n\t<meta property=\"og:image:width\" content=\"800\" \/>\n\t<meta property=\"og:image:height\" content=\"531\" \/>\n\t<meta property=\"og:image:type\" content=\"image\/jpeg\" \/>\n<meta name=\"twitter:card\" content=\"summary_large_image\" \/>\n<script type=\"application\/ld+json\" class=\"yoast-schema-graph\">{\"@context\":\"https:\/\/schema.org\",\"@graph\":[{\"@type\":\"WebPage\",\"@id\":\"https:\/\/felixhotel.net\/en\/products\/enologicbox-in-a-suite-room-with-a-jacuzzi\/\",\"url\":\"https:\/\/felixhotel.net\/en\/products\/enologicbox-in-a-suite-room-with-a-jacuzzi\/\",\"name\":\"Enologicbox - In a suite with hot tub - F\u00e8lix Hotel\",\"isPartOf\":{\"@id\":\"https:\/\/felixhotel.net\/en\/#website\"},\"primaryImageOfPage\":{\"@id\":\"https:\/\/felixhotel.net\/en\/products\/enologicbox-in-a-suite-room-with-a-jacuzzi\/#primaryimage\"},\"image\":{\"@id\":\"https:\/\/felixhotel.net\/en\/products\/enologicbox-in-a-suite-room-with-a-jacuzzi\/#primaryimage\"},\"thumbnailUrl\":\"https:\/\/felixhotel.net\/wp-content\/uploads\/2020\/11\/Escapada-Ecologica.jpg\",\"datePublished\":\"2021-05-26T17:00:42+00:00\",\"dateModified\":\"2022-11-25T17:39:18+00:00\",\"breadcrumb\":{\"@id\":\"https:\/\/felixhotel.net\/en\/products\/enologicbox-in-a-suite-room-with-a-jacuzzi\/#breadcrumb\"},\"inLanguage\":\"en-US\",\"potentialAction\":[{\"@type\":\"ReadAction\",\"target\":[\"https:\/\/felixhotel.net\/en\/products\/enologicbox-in-a-suite-room-with-a-jacuzzi\/\"]}]},{\"@type\":\"ImageObject\",\"inLanguage\":\"en-US\",\"@id\":\"https:\/\/felixhotel.net\/en\/products\/enologicbox-in-a-suite-room-with-a-jacuzzi\/#primaryimage\",\"url\":\"https:\/\/felixhotel.net\/wp-content\/uploads\/2020\/11\/Escapada-Ecologica.jpg\",\"contentUrl\":\"https:\/\/felixhotel.net\/wp-content\/uploads\/2020\/11\/Escapada-Ecologica.jpg\",\"width\":800,\"height\":531},{\"@type\":\"BreadcrumbList\",\"@id\":\"https:\/\/felixhotel.net\/en\/products\/enologicbox-in-a-suite-room-with-a-jacuzzi\/#breadcrumb\",\"itemListElement\":[{\"@type\":\"ListItem\",\"position\":1,\"name\":\"FelixBox\",\"item\":\"https:\/\/felixhotel.net\/regalar-escapadas-tarragona\/\"},{\"@type\":\"ListItem\",\"position\":2,\"name\":\"Enologicbox &#8211; In a suite with hot tub\"}]},{\"@type\":\"WebSite\",\"@id\":\"https:\/\/felixhotel.net\/en\/#website\",\"url\":\"https:\/\/felixhotel.net\/en\/\",\"name\":\"F\u00e8lix Hotel\",\"description\":\"Hotel en Valls\",\"potentialAction\":[{\"@type\":\"SearchAction\",\"target\":{\"@type\":\"EntryPoint\",\"urlTemplate\":\"https:\/\/felixhotel.net\/en\/?s={search_term_string}\"},\"query-input\":{\"@type\":\"PropertyValueSpecification\",\"valueRequired\":true,\"valueName\":\"search_term_string\"}}],\"inLanguage\":\"en-US\"}]}<\/script>\n<!-- \/ Yoast SEO plugin. -->","yoast_head_json":{"title":"Enologicbox - In a suite with hot tub - F\u00e8lix Hotel","robots":{"index":"index","follow":"follow","max-snippet":"max-snippet:-1","max-image-preview":"max-image-preview:large","max-video-preview":"max-video-preview:-1"},"canonical":"https:\/\/felixhotel.net\/en\/products\/enologicbox-in-a-suite-room-with-a-jacuzzi\/","og_locale":"en_US","og_type":"article","og_title":"Enologicbox - In a suite with hot tub - F\u00e8lix Hotel","og_description":"With this getaway you will enjoy the wine of the region, discovering and tasting wine or cava, in a completely rural environment. In this experience you have the opportunity to do a guided tour in one of our local wine cellars, learning their installations, the elaboration process of their wines, and finally, to taste their own wine or cava. It is about familiar cellars which they will do as possible to bring you the most beautiful experience.","og_url":"https:\/\/felixhotel.net\/en\/products\/enologicbox-in-a-suite-room-with-a-jacuzzi\/","og_site_name":"F\u00e8lix Hotel","article_modified_time":"2022-11-25T17:39:18+00:00","og_image":[{"width":800,"height":531,"url":"https:\/\/felixhotel.net\/wp-content\/uploads\/2020\/11\/Escapada-Ecologica.jpg","type":"image\/jpeg"}],"twitter_card":"summary_large_image","schema":{"@context":"https:\/\/schema.org","@graph":[{"@type":"WebPage","@id":"https:\/\/felixhotel.net\/en\/products\/enologicbox-in-a-suite-room-with-a-jacuzzi\/","url":"https:\/\/felixhotel.net\/en\/products\/enologicbox-in-a-suite-room-with-a-jacuzzi\/","name":"Enologicbox - In a suite with hot tub - F\u00e8lix Hotel","isPartOf":{"@id":"https:\/\/felixhotel.net\/en\/#website"},"primaryImageOfPage":{"@id":"https:\/\/felixhotel.net\/en\/products\/enologicbox-in-a-suite-room-with-a-jacuzzi\/#primaryimage"},"image":{"@id":"https:\/\/felixhotel.net\/en\/products\/enologicbox-in-a-suite-room-with-a-jacuzzi\/#primaryimage"},"thumbnailUrl":"https:\/\/felixhotel.net\/wp-content\/uploads\/2020\/11\/Escapada-Ecologica.jpg","datePublished":"2021-05-26T17:00:42+00:00","dateModified":"2022-11-25T17:39:18+00:00","breadcrumb":{"@id":"https:\/\/felixhotel.net\/en\/products\/enologicbox-in-a-suite-room-with-a-jacuzzi\/#breadcrumb"},"inLanguage":"en-US","potentialAction":[{"@type":"ReadAction","target":["https:\/\/felixhotel.net\/en\/products\/enologicbox-in-a-suite-room-with-a-jacuzzi\/"]}]},{"@type":"ImageObject","inLanguage":"en-US","@id":"https:\/\/felixhotel.net\/en\/products\/enologicbox-in-a-suite-room-with-a-jacuzzi\/#primaryimage","url":"https:\/\/felixhotel.net\/wp-content\/uploads\/2020\/11\/Escapada-Ecologica.jpg","contentUrl":"https:\/\/felixhotel.net\/wp-content\/uploads\/2020\/11\/Escapada-Ecologica.jpg","width":800,"height":531},{"@type":"BreadcrumbList","@id":"https:\/\/felixhotel.net\/en\/products\/enologicbox-in-a-suite-room-with-a-jacuzzi\/#breadcrumb","itemListElement":[{"@type":"ListItem","position":1,"name":"FelixBox","item":"https:\/\/felixhotel.net\/regalar-escapadas-tarragona\/"},{"@type":"ListItem","position":2,"name":"Enologicbox &#8211; In a suite with hot tub"}]},{"@type":"WebSite","@id":"https:\/\/felixhotel.net\/en\/#website","url":"https:\/\/felixhotel.net\/en\/","name":"F\u00e8lix Hotel","description":"Hotel en Valls","potentialAction":[{"@type":"SearchAction","target":{"@type":"EntryPoint","urlTemplate":"https:\/\/felixhotel.net\/en\/?s={search_term_string}"},"query-input":{"@type":"PropertyValueSpecification","valueRequired":true,"valueName":"search_term_string"}}],"inLanguage":"en-US"}]}},"_links":{"self":[{"href":"https:\/\/felixhotel.net\/en\/wp-json\/wp\/v2\/product\/8035","targetHints":{"allow":["GET"]}}],"collection":[{"href":"https:\/\/felixhotel.net\/en\/wp-json\/wp\/v2\/product"}],"about":[{"href":"https:\/\/felixhotel.net\/en\/wp-json\/wp\/v2\/types\/product"}],"replies":[{"embeddable":true,"href":"https:\/\/felixhotel.net\/en\/wp-json\/wp\/v2\/comments?post=8035"}],"wp:featuredmedia":[{"embeddable":true,"href":"https:\/\/felixhotel.net\/en\/wp-json\/wp\/v2\/media\/3662"}],"wp:attachment":[{"href":"https:\/\/felixhotel.net\/en\/wp-json\/wp\/v2\/media?parent=8035"}],"wp:term":[{"taxonomy":"product_brand","embeddable":true,"href":"https:\/\/felixhotel.net\/en\/wp-json\/wp\/v2\/product_brand?post=8035"},{"taxonomy":"product_cat","embeddable":true,"href":"https:\/\/felixhotel.net\/en\/wp-json\/wp\/v2\/product_cat?post=8035"},{"taxonomy":"product_tag","embeddable":true,"href":"https:\/\/felixhotel.net\/en\/wp-json\/wp\/v2\/product_tag?post=8035"}],"curies":[{"name":"wp","href":"https:\/\/api.w.org\/{rel}","templated":true}]}}