{"id":7739,"date":"2021-04-07T10:12:19","date_gmt":"2021-04-07T10:12:19","guid":{"rendered":"https:\/\/felixhotel.net\/productos\/relaxbox\/"},"modified":"2022-03-04T10:44:34","modified_gmt":"2022-03-04T10:44:34","slug":"relaxbox","status":"publish","type":"product","link":"https:\/\/felixhotel.net\/en\/products\/relaxbox\/","title":{"rendered":"Relaxbox &#8211; In an executive suite"},"content":{"rendered":"<p>[et_pb_section fb_built=&#8221;1&#8243; _builder_version=&#8221;3.22&#8243; custom_padding=&#8221;0px||||false|false&#8221; global_colors_info=&#8221;{}&#8221;][et_pb_row _builder_version=&#8221;3.25&#8243; background_size=&#8221;initial&#8221; background_position=&#8221;top_left&#8221; background_repeat=&#8221;repeat&#8221; width=&#8221;100%&#8221; custom_padding=&#8221;0px||0px||false|false&#8221; global_colors_info=&#8221;{}&#8221;][et_pb_column type=&#8221;4_4&#8243; _builder_version=&#8221;3.25&#8243; custom_padding=&#8221;|||&#8221; global_colors_info=&#8221;{}&#8221; custom_padding__hover=&#8221;|||&#8221;][et_pb_wc_breadcrumb _builder_version=&#8221;3.0.47&#8243; global_colors_info=&#8221;{}&#8221;][\/et_pb_wc_breadcrumb][et_pb_wc_cart_notice background_color=&#8221;#1d428a&#8221; custom_button=&#8221;on&#8221; button_text_color=&#8221;#dcb05c&#8221; button_bg_color=&#8221;#ffffff&#8221; global_colors_info=&#8221;{}&#8221;][\/et_pb_wc_cart_notice][\/et_pb_column][\/et_pb_row][et_pb_row column_structure=&#8221;1_2,1_2&#8243; _builder_version=&#8221;3.25&#8243; background_size=&#8221;initial&#8221; background_position=&#8221;top_left&#8221; background_repeat=&#8221;repeat&#8221; width=&#8221;100%&#8221; custom_padding=&#8221;0px||||false|false&#8221; global_colors_info=&#8221;{}&#8221;][et_pb_column type=&#8221;1_2&#8243; _builder_version=&#8221;3.25&#8243; custom_padding=&#8221;|||&#8221; global_colors_info=&#8221;{}&#8221; custom_padding__hover=&#8221;|||&#8221;][et_pb_wc_images _builder_version=&#8221;3.0.47&#8243; global_colors_info=&#8221;{}&#8221;][\/et_pb_wc_images][\/et_pb_column][et_pb_column type=&#8221;1_2&#8243; _builder_version=&#8221;3.25&#8243; custom_padding=&#8221;|||&#8221; global_colors_info=&#8221;{}&#8221; custom_padding__hover=&#8221;|||&#8221;][et_pb_wc_title _builder_version=&#8221;3.0.47&#8243; global_colors_info=&#8221;{}&#8221;][\/et_pb_wc_title][et_pb_wc_rating _builder_version=&#8221;4.7.0&#8243; rating_text_color=&#8221;#dcb05c&#8221; body_text_color=&#8221;#1d428a&#8221; global_colors_info=&#8221;{}&#8221;][\/et_pb_wc_rating][et_pb_wc_price _builder_version=&#8221;4.7.0&#8243; body_text_color=&#8221;#1d428a&#8221; global_colors_info=&#8221;{}&#8221;][\/et_pb_wc_price][et_pb_wc_description _builder_version=&#8221;4.9.4&#8243; text_orientation=&#8221;justified&#8221; global_colors_info=&#8221;{}&#8221;][\/et_pb_wc_description][et_pb_wc_add_to_cart custom_button=&#8221;on&#8221; button_text_size=&#8221;15px&#8221; button_text_color=&#8221;#ffffff&#8221; button_bg_color=&#8221;#dcb05c&#8221; button_border_width=&#8221;0px&#8221; button_border_radius=&#8221;5px&#8221; global_colors_info=&#8221;{}&#8221;][\/et_pb_wc_add_to_cart][et_pb_wc_meta _builder_version=&#8221;4.7.0&#8243; link_text_color=&#8221;#1d428a&#8221; global_colors_info=&#8221;{}&#8221;][\/et_pb_wc_meta][\/et_pb_column][\/et_pb_row][et_pb_row column_structure=&#8221;1_2,1_2&#8243; _builder_version=&#8221;4.7.0&#8243; _module_preset=&#8221;default&#8221; global_colors_info=&#8221;{}&#8221;][et_pb_column type=&#8221;1_2&#8243; _builder_version=&#8221;4.7.0&#8243; _module_preset=&#8221;default&#8221; global_colors_info=&#8221;{}&#8221;][et_pb_text _builder_version=&#8221;4.14.7&#8243; _module_preset=&#8221;default&#8221; hover_enabled=&#8221;0&#8243; global_colors_info=&#8221;{}&#8221; sticky_enabled=&#8221;0&#8243;]<\/p>\n<h2><strong>What does it include?<\/strong><\/h2>\n<p>[\/et_pb_text][et_pb_text disabled_on=&#8221;on|on|on&#8221; _builder_version=&#8221;4.8.2&#8243; _module_preset=&#8221;default&#8221; disabled=&#8221;on&#8221; global_colors_info=&#8221;{}&#8221;]<\/p>\n<table>\n<tbody>\n<tr>\n<td><strong>Equipamiento<\/strong><\/td>\n<td><strong>Descripci\u00f3n<\/strong><\/td>\n<\/tr>\n<tr>\n<td>Decoraci\u00f3n<\/td>\n<td>Rom\u00e1ntica<\/td>\n<\/tr>\n<tr>\n<td>Extras<\/td>\n<td>Botella de Cava, delicias de chocolate, Pack Sensual y chucher\u00edas<\/td>\n<\/tr>\n<tr>\n<td>Desayuno<\/td>\n<td>Desayuno en habitaci\u00f3n<\/td>\n<\/tr>\n<tr>\n<td>Comida<\/td>\n<td>No incluida<\/td>\n<\/tr>\n<tr>\n<td>Cena<\/td>\n<td>Opci\u00f3n de a\u00f1adir cena en habitaci\u00f3n. Men\u00fa con variedad a escoger, agua, refresco o cerveza incl. 22,50\u20ac\/IVA incl. por persona<\/td>\n<\/tr>\n<tr>\n<td>P\u00e1rking<\/td>\n<td>En el mismo hotel<\/td>\n<\/tr>\n<tr>\n<td>Acceso<\/td>\n<td>Libre acceso a la piscina, jardines y terraza<\/td>\n<\/tr>\n<tr>\n<td>WiFi<\/td>\n<td>Gratuito en todo el hotel<\/td>\n<\/tr>\n<tr>\n<td>Visitas<\/td>\n<td>No incluidas<\/td>\n<\/tr>\n<tr>\n<td>Salida<\/td>\n<td>Salida 12:00 horas<\/td>\n<\/tr>\n<\/tbody>\n<\/table>\n<p>&nbsp;<\/p>\n<p>[\/et_pb_text][et_pb_code admin_label=&#8221;Stay&#8221; _builder_version=&#8221;4.9.4&#8243; _module_preset=&#8221;default&#8221; global_colors_info=&#8221;{}&#8221;]<style>\n    .felix-icon {\n        font-size: 30px;\n      }\n      \n      .felix-feature-container {\n        font-family: 'Raleway',Helvetica,Arial,Lucida,sans-serif;\n        border: solid rgba(0, 0, 0, .15) 1px;\n        padding: 10px;\n        transition: border 300ms ease 0ms;\n        margin-bottom: 20px;\n      \n      }\n      \n      .felix-feature-container:hover {\n        border: solid rgba(0, 0, 0, .65) 1px;\n        transition: border 300ms ease 0ms;\n      }\n      \n      .felix-feature-icon {\n        float: left;\n        width: 50px;\n        \/*\n        margin-right: 20px;\n        *\/\n      }\n      \n      .felix-feature-title{\n        font-size: 20px;\n        margin-bottom: 5px;\n      }\n      \n      .felix-feature-description {\n        font-size: 14px;\n        padding-left: 50px;\n      }      \n    <\/style>\n    <div class=\"felix-feature-container\">\n        <div class=\"felix-feature-icon\">\n            <i class=\"felix-icon fas fa-hotel\"><\/i>\n        <\/div>\n        <div class=\"felix-feature-title\">\n         Stay\n        <\/div>\n        <div class=\"felix-feature-description\">\n            In a double room in a Suite Executive room\n        <\/div>\n    <\/div>\n    [\/et_pb_code][et_pb_code admin_label=&#8221;Cava&#8221; _builder_version=&#8221;4.9.4&#8243; _module_preset=&#8221;default&#8221; global_colors_info=&#8221;{}&#8221;]<style>\n    .felix-icon {\n        font-size: 30px;\n      }\n      \n      .felix-feature-container {\n        font-family: 'Raleway',Helvetica,Arial,Lucida,sans-serif;\n        border: solid rgba(0, 0, 0, .15) 1px;\n        padding: 10px;\n        transition: border 300ms ease 0ms;\n        margin-bottom: 20px;\n      \n      }\n      \n      .felix-feature-container:hover {\n        border: solid rgba(0, 0, 0, .65) 1px;\n        transition: border 300ms ease 0ms;\n      }\n      \n      .felix-feature-icon {\n        float: left;\n        width: 50px;\n        \/*\n        margin-right: 20px;\n        *\/\n      }\n      \n      .felix-feature-title{\n        font-size: 20px;\n        margin-bottom: 5px;\n      }\n      \n      .felix-feature-description {\n        font-size: 14px;\n        padding-left: 50px;\n      }      \n    <\/style>\n    <div class=\"felix-feature-container\">\n        <div class=\"felix-feature-icon\">\n            <i class=\"felix-icon fas fa-plus\"><\/i>\n        <\/div>\n        <div class=\"felix-feature-title\">\n         Features\n        <\/div>\n        <div class=\"felix-feature-description\">\n            Bottle of cava and some chocolates  at your arrival\n        <\/div>\n    <\/div>\n    [\/et_pb_code][et_pb_code admin_label=&#8221;Cena&#8221; _builder_version=&#8221;4.9.4&#8243; _module_preset=&#8221;default&#8221; global_colors_info=&#8221;{}&#8221;]<style>\n    .felix-icon {\n        font-size: 30px;\n      }\n      \n      .felix-feature-container {\n        font-family: 'Raleway',Helvetica,Arial,Lucida,sans-serif;\n        border: solid rgba(0, 0, 0, .15) 1px;\n        padding: 10px;\n        transition: border 300ms ease 0ms;\n        margin-bottom: 20px;\n      \n      }\n      \n      .felix-feature-container:hover {\n        border: solid rgba(0, 0, 0, .65) 1px;\n        transition: border 300ms ease 0ms;\n      }\n      \n      .felix-feature-icon {\n        float: left;\n        width: 50px;\n        \/*\n        margin-right: 20px;\n        *\/\n      }\n      \n      .felix-feature-title{\n        font-size: 20px;\n        margin-bottom: 5px;\n      }\n      \n      .felix-feature-description {\n        font-size: 14px;\n        padding-left: 50px;\n      }      \n    <\/style>\n    <div class=\"felix-feature-container\">\n        <div class=\"felix-feature-icon\">\n            <i class=\"felix-icon fas fa-moon\"><\/i>\n        <\/div>\n        <div class=\"felix-feature-title\">\n         Dinner men\u00fa\n        <\/div>\n        <div class=\"felix-feature-description\">\n            In our Casa F\u00e8lix restaurant to choose between 8 entrances, 8 seconds and a dessert. Drinks included.\n        <\/div>\n    <\/div>\n    [\/et_pb_code][et_pb_code admin_label=&#8221;Desayuno&#8221; _builder_version=&#8221;4.9.4&#8243; _module_preset=&#8221;default&#8221; global_colors_info=&#8221;{}&#8221;]<style>\n    .felix-icon {\n        font-size: 30px;\n      }\n      \n      .felix-feature-container {\n        font-family: 'Raleway',Helvetica,Arial,Lucida,sans-serif;\n        border: solid rgba(0, 0, 0, .15) 1px;\n        padding: 10px;\n        transition: border 300ms ease 0ms;\n        margin-bottom: 20px;\n      \n      }\n      \n      .felix-feature-container:hover {\n        border: solid rgba(0, 0, 0, .65) 1px;\n        transition: border 300ms ease 0ms;\n      }\n      \n      .felix-feature-icon {\n        float: left;\n        width: 50px;\n        \/*\n        margin-right: 20px;\n        *\/\n      }\n      \n      .felix-feature-title{\n        font-size: 20px;\n        margin-bottom: 5px;\n      }\n      \n      .felix-feature-description {\n        font-size: 14px;\n        padding-left: 50px;\n      }      \n    <\/style>\n    <div class=\"felix-feature-container\">\n        <div class=\"felix-feature-icon\">\n            <i class=\"felix-icon fas fa-coffee\"><\/i>\n        <\/div>\n        <div class=\"felix-feature-title\">\n         Breakfast\n        <\/div>\n        <div class=\"felix-feature-description\">\n            Served in the room\n        <\/div>\n    <\/div>\n    [\/et_pb_code][et_pb_code admin_label=&#8221;Parking&#8221; _builder_version=&#8221;4.9.4&#8243; _module_preset=&#8221;default&#8221; global_colors_info=&#8221;{}&#8221;]<style>\n    .felix-icon {\n        font-size: 30px;\n      }\n      \n      .felix-feature-container {\n        font-family: 'Raleway',Helvetica,Arial,Lucida,sans-serif;\n        border: solid rgba(0, 0, 0, .15) 1px;\n        padding: 10px;\n        transition: border 300ms ease 0ms;\n        margin-bottom: 20px;\n      \n      }\n      \n      .felix-feature-container:hover {\n        border: solid rgba(0, 0, 0, .65) 1px;\n        transition: border 300ms ease 0ms;\n      }\n      \n      .felix-feature-icon {\n        float: left;\n        width: 50px;\n        \/*\n        margin-right: 20px;\n        *\/\n      }\n      \n      .felix-feature-title{\n        font-size: 20px;\n        margin-bottom: 5px;\n      }\n      \n      .felix-feature-description {\n        font-size: 14px;\n        padding-left: 50px;\n      }      \n    <\/style>\n    <div class=\"felix-feature-container\">\n        <div class=\"felix-feature-icon\">\n            <i class=\"felix-icon fas fa-parking\"><\/i>\n        <\/div>\n        <div class=\"felix-feature-title\">\n         Parking\n        <\/div>\n        <div class=\"felix-feature-description\">\n            In the same hotel\n        <\/div>\n    <\/div>\n    [\/et_pb_code][et_pb_code admin_label=&#8221;WIFI&#8221; _builder_version=&#8221;4.9.4&#8243; _module_preset=&#8221;default&#8221; global_colors_info=&#8221;{}&#8221;]<style>\n    .felix-icon {\n        font-size: 30px;\n      }\n      \n      .felix-feature-container {\n        font-family: 'Raleway',Helvetica,Arial,Lucida,sans-serif;\n        border: solid rgba(0, 0, 0, .15) 1px;\n        padding: 10px;\n        transition: border 300ms ease 0ms;\n        margin-bottom: 20px;\n      \n      }\n      \n      .felix-feature-container:hover {\n        border: solid rgba(0, 0, 0, .65) 1px;\n        transition: border 300ms ease 0ms;\n      }\n      \n      .felix-feature-icon {\n        float: left;\n        width: 50px;\n        \/*\n        margin-right: 20px;\n        *\/\n      }\n      \n      .felix-feature-title{\n        font-size: 20px;\n        margin-bottom: 5px;\n      }\n      \n      .felix-feature-description {\n        font-size: 14px;\n        padding-left: 50px;\n      }      \n    <\/style>\n    <div class=\"felix-feature-container\">\n        <div class=\"felix-feature-icon\">\n            <i class=\"felix-icon fas fa-wifi\"><\/i>\n        <\/div>\n        <div class=\"felix-feature-title\">\n         WIFI\n        <\/div>\n        <div class=\"felix-feature-description\">\n            Free in all the hotel\n        <\/div>\n    <\/div>\n    [\/et_pb_code][\/et_pb_column][et_pb_column type=&#8221;1_2&#8243; _builder_version=&#8221;4.7.0&#8243; _module_preset=&#8221;default&#8221; global_colors_info=&#8221;{}&#8221;][et_pb_wc_gallery _builder_version=&#8221;4.7.0&#8243; _module_preset=&#8221;default&#8221; custom_margin=&#8221;20%||||false|false&#8221; custom_margin_tablet=&#8221;0%||||false|false&#8221; custom_margin_phone=&#8221;&#8221; custom_margin_last_edited=&#8221;on|tablet&#8221; global_colors_info=&#8221;{}&#8221; custom_margin__hover_enabled=&#8221;on|desktop&#8221; custom_margin__hover=&#8221;20%||||false|false&#8221;][\/et_pb_wc_gallery][\/et_pb_column][\/et_pb_row][et_pb_row _builder_version=&#8221;3.25&#8243; background_size=&#8221;initial&#8221; background_position=&#8221;top_left&#8221; background_repeat=&#8221;repeat&#8221; width=&#8221;100%&#8221; global_colors_info=&#8221;{}&#8221;][et_pb_column type=&#8221;4_4&#8243; _builder_version=&#8221;3.25&#8243; custom_padding=&#8221;|||&#8221; global_colors_info=&#8221;{}&#8221; custom_padding__hover=&#8221;|||&#8221;][et_pb_wc_tabs _builder_version=&#8221;4.8.2&#8243; tab_font=&#8221;Raleway||||||||&#8221; global_colors_info=&#8221;{}&#8221;]\t\t\t\t\t[\/et_pb_wc_tabs][et_pb_wc_upsells _builder_version=&#8221;3.0.47&#8243; global_colors_info=&#8221;{}&#8221;][\/et_pb_wc_upsells][\/et_pb_column][\/et_pb_row][et_pb_row _builder_version=&#8221;4.8.2&#8243; _module_preset=&#8221;default&#8221; global_colors_info=&#8221;{}&#8221;][et_pb_column type=&#8221;4_4&#8243; _builder_version=&#8221;4.8.2&#8243; _module_preset=&#8221;default&#8221; global_colors_info=&#8221;{}&#8221;][et_pb_wc_related_products _builder_version=&#8221;4.9.4&#8243; _module_preset=&#8221;default&#8221; title_font=&#8221;Raleway|600|||||||&#8221; product_title_font=&#8221;Raleway|700|||||||&#8221; product_title_font_size_tablet=&#8221;&#8221; product_title_font_size_phone=&#8221;16px&#8221; product_title_font_size_last_edited=&#8221;on|phone&#8221; global_colors_info=&#8221;{}&#8221;][\/et_pb_wc_related_products][\/et_pb_column][\/et_pb_row][\/et_pb_section]<\/p>\n","protected":false},"excerpt":{"rendered":"<p>Do you need a break? Now you can break away from the daily routine and disconnect in F\u00e8lix Hotel. This gateway is specially designed to regain your energy and to enjoy with all our details we have ready for your stay, where the only concern is relaxation and to enjoy.<\/p>\n","protected":false},"featured_media":3540,"comment_status":"open","ping_status":"closed","template":"","meta":{"_et_pb_use_builder":"on","_et_pb_old_content":"<strong>Conditions:<\/strong>\r\n\t\u2022\tStay in a double room in a Suite Executive room\r\n\t\u2022\tBottle of cava and some chocolates  at your arrival\r\n\t\u2022\tDinner men\u00fa in our Casa F\u00e8lix restaurant to choose between 8 entrances, 8 seconds and a dessert. Drinks included.\r\n\t\u2022\tBreakfast served in the room\r\n\t\u2022\tParking in the same hotel\r\n\t\u2022\tWIFI Free in all the hotel","_et_gb_content_width":""},"product_brand":[],"product_cat":[102],"product_tag":[],"class_list":{"0":"post-7739","1":"product","2":"type-product","3":"status-publish","4":"has-post-thumbnail","6":"product_cat-gifts","8":"first","9":"instock","10":"virtual","11":"purchasable","12":"product-type-simple"},"yoast_head":"<!-- This site is optimized with the Yoast SEO plugin v25.0 - https:\/\/yoast.com\/wordpress\/plugins\/seo\/ -->\n<title>Relaxbox - In an executive suite - F\u00e8lix Hotel<\/title>\n<meta name=\"robots\" content=\"index, follow, max-snippet:-1, max-image-preview:large, max-video-preview:-1\" \/>\n<link rel=\"canonical\" href=\"https:\/\/felixhotel.net\/en\/products\/relaxbox\/\" \/>\n<meta property=\"og:locale\" content=\"en_US\" \/>\n<meta property=\"og:type\" content=\"article\" \/>\n<meta property=\"og:title\" content=\"Relaxbox - In an executive suite - F\u00e8lix Hotel\" \/>\n<meta property=\"og:description\" content=\"Do you need a break? Now you can break away from the daily routine and disconnect in F\u00e8lix Hotel. This gateway is specially designed to regain your energy and to enjoy with all our details we have ready for your stay, where the only concern is relaxation and to enjoy.\" \/>\n<meta property=\"og:url\" content=\"https:\/\/felixhotel.net\/en\/products\/relaxbox\/\" \/>\n<meta property=\"og:site_name\" content=\"F\u00e8lix Hotel\" \/>\n<meta property=\"article:modified_time\" content=\"2022-03-04T10:44:34+00:00\" \/>\n<meta property=\"og:image\" content=\"https:\/\/felixhotel.net\/wp-content\/uploads\/2020\/11\/x3-1536x1536.jpg.pagespeed.ic_.mU0-sk7Qmj.jpeg\" \/>\n\t<meta property=\"og:image:width\" content=\"1536\" \/>\n\t<meta property=\"og:image:height\" content=\"1536\" \/>\n\t<meta property=\"og:image:type\" content=\"image\/jpeg\" \/>\n<meta name=\"twitter:card\" content=\"summary_large_image\" \/>\n<meta name=\"twitter:label1\" content=\"Est. reading time\" \/>\n\t<meta name=\"twitter:data1\" content=\"4 minutes\" \/>\n<script type=\"application\/ld+json\" class=\"yoast-schema-graph\">{\"@context\":\"https:\/\/schema.org\",\"@graph\":[{\"@type\":\"WebPage\",\"@id\":\"https:\/\/felixhotel.net\/en\/products\/relaxbox\/\",\"url\":\"https:\/\/felixhotel.net\/en\/products\/relaxbox\/\",\"name\":\"Relaxbox - In an executive suite - F\u00e8lix Hotel\",\"isPartOf\":{\"@id\":\"https:\/\/felixhotel.net\/en\/#website\"},\"primaryImageOfPage\":{\"@id\":\"https:\/\/felixhotel.net\/en\/products\/relaxbox\/#primaryimage\"},\"image\":{\"@id\":\"https:\/\/felixhotel.net\/en\/products\/relaxbox\/#primaryimage\"},\"thumbnailUrl\":\"https:\/\/felixhotel.net\/wp-content\/uploads\/2020\/11\/x3-1536x1536.jpg.pagespeed.ic_.mU0-sk7Qmj.jpeg\",\"datePublished\":\"2021-04-07T10:12:19+00:00\",\"dateModified\":\"2022-03-04T10:44:34+00:00\",\"breadcrumb\":{\"@id\":\"https:\/\/felixhotel.net\/en\/products\/relaxbox\/#breadcrumb\"},\"inLanguage\":\"en-US\",\"potentialAction\":[{\"@type\":\"ReadAction\",\"target\":[\"https:\/\/felixhotel.net\/en\/products\/relaxbox\/\"]}]},{\"@type\":\"ImageObject\",\"inLanguage\":\"en-US\",\"@id\":\"https:\/\/felixhotel.net\/en\/products\/relaxbox\/#primaryimage\",\"url\":\"https:\/\/felixhotel.net\/wp-content\/uploads\/2020\/11\/x3-1536x1536.jpg.pagespeed.ic_.mU0-sk7Qmj.jpeg\",\"contentUrl\":\"https:\/\/felixhotel.net\/wp-content\/uploads\/2020\/11\/x3-1536x1536.jpg.pagespeed.ic_.mU0-sk7Qmj.jpeg\",\"width\":1536,\"height\":1536,\"caption\":\"Restaurant F\u00e8lix\"},{\"@type\":\"BreadcrumbList\",\"@id\":\"https:\/\/felixhotel.net\/en\/products\/relaxbox\/#breadcrumb\",\"itemListElement\":[{\"@type\":\"ListItem\",\"position\":1,\"name\":\"FelixBox\",\"item\":\"https:\/\/felixhotel.net\/regalar-escapadas-tarragona\/\"},{\"@type\":\"ListItem\",\"position\":2,\"name\":\"Relaxbox &#8211; In an executive suite\"}]},{\"@type\":\"WebSite\",\"@id\":\"https:\/\/felixhotel.net\/en\/#website\",\"url\":\"https:\/\/felixhotel.net\/en\/\",\"name\":\"F\u00e8lix Hotel\",\"description\":\"Hotel en Valls\",\"potentialAction\":[{\"@type\":\"SearchAction\",\"target\":{\"@type\":\"EntryPoint\",\"urlTemplate\":\"https:\/\/felixhotel.net\/en\/?s={search_term_string}\"},\"query-input\":{\"@type\":\"PropertyValueSpecification\",\"valueRequired\":true,\"valueName\":\"search_term_string\"}}],\"inLanguage\":\"en-US\"}]}<\/script>\n<!-- \/ Yoast SEO plugin. -->","yoast_head_json":{"title":"Relaxbox - In an executive suite - F\u00e8lix Hotel","robots":{"index":"index","follow":"follow","max-snippet":"max-snippet:-1","max-image-preview":"max-image-preview:large","max-video-preview":"max-video-preview:-1"},"canonical":"https:\/\/felixhotel.net\/en\/products\/relaxbox\/","og_locale":"en_US","og_type":"article","og_title":"Relaxbox - In an executive suite - F\u00e8lix Hotel","og_description":"Do you need a break? Now you can break away from the daily routine and disconnect in F\u00e8lix Hotel. This gateway is specially designed to regain your energy and to enjoy with all our details we have ready for your stay, where the only concern is relaxation and to enjoy.","og_url":"https:\/\/felixhotel.net\/en\/products\/relaxbox\/","og_site_name":"F\u00e8lix Hotel","article_modified_time":"2022-03-04T10:44:34+00:00","og_image":[{"width":1536,"height":1536,"url":"https:\/\/felixhotel.net\/wp-content\/uploads\/2020\/11\/x3-1536x1536.jpg.pagespeed.ic_.mU0-sk7Qmj.jpeg","type":"image\/jpeg"}],"twitter_card":"summary_large_image","twitter_misc":{"Est. reading time":"4 minutes"},"schema":{"@context":"https:\/\/schema.org","@graph":[{"@type":"WebPage","@id":"https:\/\/felixhotel.net\/en\/products\/relaxbox\/","url":"https:\/\/felixhotel.net\/en\/products\/relaxbox\/","name":"Relaxbox - In an executive suite - F\u00e8lix Hotel","isPartOf":{"@id":"https:\/\/felixhotel.net\/en\/#website"},"primaryImageOfPage":{"@id":"https:\/\/felixhotel.net\/en\/products\/relaxbox\/#primaryimage"},"image":{"@id":"https:\/\/felixhotel.net\/en\/products\/relaxbox\/#primaryimage"},"thumbnailUrl":"https:\/\/felixhotel.net\/wp-content\/uploads\/2020\/11\/x3-1536x1536.jpg.pagespeed.ic_.mU0-sk7Qmj.jpeg","datePublished":"2021-04-07T10:12:19+00:00","dateModified":"2022-03-04T10:44:34+00:00","breadcrumb":{"@id":"https:\/\/felixhotel.net\/en\/products\/relaxbox\/#breadcrumb"},"inLanguage":"en-US","potentialAction":[{"@type":"ReadAction","target":["https:\/\/felixhotel.net\/en\/products\/relaxbox\/"]}]},{"@type":"ImageObject","inLanguage":"en-US","@id":"https:\/\/felixhotel.net\/en\/products\/relaxbox\/#primaryimage","url":"https:\/\/felixhotel.net\/wp-content\/uploads\/2020\/11\/x3-1536x1536.jpg.pagespeed.ic_.mU0-sk7Qmj.jpeg","contentUrl":"https:\/\/felixhotel.net\/wp-content\/uploads\/2020\/11\/x3-1536x1536.jpg.pagespeed.ic_.mU0-sk7Qmj.jpeg","width":1536,"height":1536,"caption":"Restaurant F\u00e8lix"},{"@type":"BreadcrumbList","@id":"https:\/\/felixhotel.net\/en\/products\/relaxbox\/#breadcrumb","itemListElement":[{"@type":"ListItem","position":1,"name":"FelixBox","item":"https:\/\/felixhotel.net\/regalar-escapadas-tarragona\/"},{"@type":"ListItem","position":2,"name":"Relaxbox &#8211; In an executive suite"}]},{"@type":"WebSite","@id":"https:\/\/felixhotel.net\/en\/#website","url":"https:\/\/felixhotel.net\/en\/","name":"F\u00e8lix Hotel","description":"Hotel en Valls","potentialAction":[{"@type":"SearchAction","target":{"@type":"EntryPoint","urlTemplate":"https:\/\/felixhotel.net\/en\/?s={search_term_string}"},"query-input":{"@type":"PropertyValueSpecification","valueRequired":true,"valueName":"search_term_string"}}],"inLanguage":"en-US"}]}},"_links":{"self":[{"href":"https:\/\/felixhotel.net\/en\/wp-json\/wp\/v2\/product\/7739","targetHints":{"allow":["GET"]}}],"collection":[{"href":"https:\/\/felixhotel.net\/en\/wp-json\/wp\/v2\/product"}],"about":[{"href":"https:\/\/felixhotel.net\/en\/wp-json\/wp\/v2\/types\/product"}],"replies":[{"embeddable":true,"href":"https:\/\/felixhotel.net\/en\/wp-json\/wp\/v2\/comments?post=7739"}],"wp:featuredmedia":[{"embeddable":true,"href":"https:\/\/felixhotel.net\/en\/wp-json\/wp\/v2\/media\/3540"}],"wp:attachment":[{"href":"https:\/\/felixhotel.net\/en\/wp-json\/wp\/v2\/media?parent=7739"}],"wp:term":[{"taxonomy":"product_brand","embeddable":true,"href":"https:\/\/felixhotel.net\/en\/wp-json\/wp\/v2\/product_brand?post=7739"},{"taxonomy":"product_cat","embeddable":true,"href":"https:\/\/felixhotel.net\/en\/wp-json\/wp\/v2\/product_cat?post=7739"},{"taxonomy":"product_tag","embeddable":true,"href":"https:\/\/felixhotel.net\/en\/wp-json\/wp\/v2\/product_tag?post=7739"}],"curies":[{"name":"wp","href":"https:\/\/api.w.org\/{rel}","templated":true}]}}