{"id":6407,"date":"2021-01-26T13:22:50","date_gmt":"2021-01-26T13:22:50","guid":{"rendered":"https:\/\/felixhotel.net\/aviso-legal\/"},"modified":"2021-04-27T15:05:07","modified_gmt":"2021-04-27T15:05:07","slug":"aviso-legal","status":"publish","type":"page","link":"https:\/\/felixhotel.net\/en\/aviso-legal\/","title":{"rendered":"Legal Policy"},"content":{"rendered":"<p>[et_pb_section fb_built=&#8221;1&#8243; _builder_version=&#8221;4.7.0&#8243; _module_preset=&#8221;default&#8221;][et_pb_row _builder_version=&#8221;4.7.0&#8243; _module_preset=&#8221;default&#8221;][et_pb_column type=&#8221;4_4&#8243; _builder_version=&#8221;4.7.0&#8243; _module_preset=&#8221;default&#8221;][et_pb_text _builder_version=&#8221;4.7.7&#8243; _module_preset=&#8221;default&#8221; custom_padding=&#8221;||0px|||&#8221;]<\/p>\n<div class=\"wpb_wrapper\">\n<p>Con el fin de cumplir con la legalidad vigente y otorgar seguridad y confianza a todos sus usuarios, les informamos, en virtud de la Ley 34\/2002 de Servicios de la Sociedad de la Informaci\u00f3n y de Comercio Electr\u00f3nico, que esta p\u00e1gina Web es propiedad de F\u00c8LIX HOTEL, SL en adelante F\u00c8LIX HOTEL, con domicilio en Valls, calle Carretera N-240 KM.17, 43800 Valls (Tarragona \u2013 Espa\u00f1a), con CIF B43629591 e inscrita en el Registro Mercantil de Tarragona con los siguientes datos: Volumen xxx, folio xxx Hoja xxx, Inscripci\u00f3n n\u00ba1<\/p>\n<p>Para cualquier consulta o propuesta, cont\u00e1ctenos en el e-mail en hotel@felixhotel.com o llamando al tel\u00e9fono (+34) 977 60 90 90.<\/p>\n<p>Esta p\u00e1gina Web se rige por la normativa exclusivamente aplicable en Espa\u00f1a, quedando sometida a ella, tanto nacionales como extranjeros que utilicen esta Web.<\/p>\n<p>El acceso a nuestra p\u00e1gina Web por parte del USUARIO es gratuito y est\u00e1 condicionado a la previa lectura y aceptaci\u00f3n integra, expresa y sin reservas de las presentes CONDICIONES GENERALES DE USO vigentes en el momento del acceso, que rogamos lea detenidamente. El USUARIO en el momento que utiliza nuestro portal, sus contenidos o servicios, acepta y se somete expresamente a las condiciones generales de uso del mismo. Si el usuario no estuviera de acuerdo con las presentes condiciones de uso, deber\u00e1 abstenerse de utilizar este portal y operar por medio del mismo.<\/p>\n<p>El suministro de datos personales y la compra de productos a trav\u00e9s de nuestro portal requiere una edad m\u00ednima de 14 a\u00f1os, o en su caso, disponer de capacidad jur\u00eddica suficiente para contratar.<\/p>\n<p>En cualquier momento podremos modificar la presentaci\u00f3n y configuraci\u00f3n de nuestra Web, ampliar o reducir servicios, e incluso suprimirla de la Red, as\u00ed como los servicios y contenidos prestados, todo ello de forma unilateral y sin previo aviso.<\/p>\n<p><strong>A. Propiedad Intelectual<\/strong><\/p>\n<p>Todos los contenidos, textos, im\u00e1genes, y c\u00f3digos fuente son propiedad de F\u00c8LIX HOTEL o de terceros que a los que se han adquirido sus derechos de explotaci\u00f3n, y est\u00e1n protegidos por los derechos de Propiedad Intelectual e Industrial.<\/p>\n<p>El usuario \u00fanicamente tiene derecho a un uso privado de los mismos, sin \u00e1nimo de lucro, y necesita autorizaci\u00f3n expresa de F\u00c8LIX HOTEL y el titular de los derechos para modificar, reproducirlos, explotarlos, distribuirlos o cualquier derecho perteneciente a su titular.<\/p>\n<p>F\u00c8LIX HOTEL es una marca registrada, y est\u00e1 prohibida su reproducci\u00f3n, imitaci\u00f3n, utilizaci\u00f3n o inserci\u00f3n de estas marcas sin nuestra debida autorizaci\u00f3n.<\/p>\n<p>El establecimiento de enlaces a nuestro portal no confiere ning\u00fan derecho sobre el mismo. Asimismo, el simple hecho de establecer un enlace a nuestra p\u00e1gina web no da derecho a otorgarse la categor\u00eda de colaborador o socio de F\u00c8LIX HOTEL.<\/p>\n<p>Est\u00e1 absolutamente prohibida la imitaci\u00f3n ya sea total o parcial de nuestro portal.<\/p>\n<p><strong>B. Condiciones de Acceso<\/strong><\/p>\n<p>El acceso a nuestra p\u00e1gina Web es gratuito y no exige previa suscripci\u00f3n o registro. Sin embargo, el uso de algunos de nuestros servicios puede requerir rellenar formularios o la identificaci\u00f3n mediante contrase\u00f1as. Estos servicios quedar\u00e1n debidamente identificados en la Web, con f\u00e1ciles indicaciones para registrarse.<\/p>\n<p>El env\u00edo de datos personales implica la aceptaci\u00f3n expresa por parte del USUARIO de nuestra pol\u00edtica de privacidad.<\/p>\n<p>El usuario debe acceder a nuestra p\u00e1gina Web conforme a la buena fe, las normas de orden p\u00fablico, a las presentes Condiciones Generales de uso. El acceso a nuestro sitio Web se realiza bajo la propia y exclusiva del usuario, que responder\u00e1 en todo caso de los da\u00f1os y perjuicios que pueda causar a terceros oa nosotros mismos.<\/p>\n<p>El usuario tiene expresamente prohibido la utilizaci\u00f3n y obtenci\u00f3n de los servicios, productos y contenidos ofrecidos en la presente p\u00e1gina web, por procedimientos distintos a los estipulados en las presentes condiciones de uso, y en su caso en las condiciones particulares que regulen la adquisici\u00f3n de determinados productos.<\/p>\n<p>Teniendo en cuenta la imposibilidad de control respecto a la informaci\u00f3n, contenidos y servicios que contengan otras websites a los que se pueda acceder a trav\u00e9s de los enlaces que nuestra p\u00e1gina web pone a su disposici\u00f3n, le comunicamos que F\u00c8LIX HOTEL, queda eximida de cualquier responsabilidad por los da\u00f1os y perjuicios de toda clase que pudiesen derivar por la utilizaci\u00f3n de esas p\u00e1ginas web ajenas a nuestra empresa por parte del usuario.<\/p>\n<p>F\u00c8LIX HOTEL se reserva el derecho unilateral y sin preaviso de dar de baja a cualquier usuario de que la organizaci\u00f3n entienda que ha vulnerado las condiciones que rigen el uso de nuestra p\u00e1gina web, sin que el usuario tenga derecho a reclamaci\u00f3n de ning\u00fan tipo por este tipo de acciones.<\/p>\n<p>F\u00c8LIX HOTEL se reserva el derecho de ejercitar las acciones legales oportunas contra aquellos que vulneren las presentes condiciones generales de uso, aceptando el USUARIO que la no iniciaci\u00f3n de estas acciones no constituye una renuncia formal a los mismas, permaneciendo \u00e9stas vigentes hasta los plazos de prescripci\u00f3n de las infracciones.<\/p>\n<p><strong>C. Pol\u00edtica de Privacidad<\/strong><\/p>\n<p>La confidencialidad y la seguridad son valores primordiales de F\u00c8LIX HOTEL, y en consecuencia, asumimos el compromiso de garantizar la privacidad del usuario en todo momento y de no recabar informaci\u00f3n innecesaria sobre el Usuario.<\/p>\n<p>De conformidad con la Ley Org\u00e1nica 15\/1999 de Protecci\u00f3n de Datos de Car\u00e1cter Personal (LOPD), y Real Decreto 1720\/2007 de desarrollo de la LOPD, le informamos que la utilizaci\u00f3n de determinados servicios en nuestra p\u00e1gina web requiere que nos facilite determinados datos personales a trav\u00e9s de formularios de registro o mediante el env\u00edo de mensajes de correo electr\u00f3nico con el fin de que nos solicite cualquier tipo de informaci\u00f3n, aclaraci\u00f3n o duda. Sus datos ser\u00e1n objeto de tratamiento e incorporados a nuestros ficheros, como titulares y responsables de los mismos. El env\u00edo referido de los datos personales constituye el consentimiento expreso al tratamiento de los mismos, si bien de car\u00e1cter revocable y sin efectos retroactivos.<\/p>\n<p>Asimismo le informamos que todos nuestros ficheros se encuentran legalmente inscritos en el Registro General de Datos Personales de la Agencia Espa\u00f1ola de Protecci\u00f3n de Datos, as\u00ed como que para salvaguardar la seguridad de sus datos personales se aplicar\u00e1n las medidas de seguridad t\u00e9cnicas y organizativas exigidas en el Real Decreto 1720\/2007 que regula el reglamento de medidas de seguridad de los ficheros que contengan datos de car\u00e1cter personal.<\/p>\n<p>Con car\u00e1cter general, queda absolutamente prohibido facilitar datos personales a los menores de 14 a\u00f1os sin el consentimiento de padres o tutores legales.<\/p>\n<p>F\u00c8LIX HOTEL, se reserva el derecho de decidir la incorporaci\u00f3n o no de sus datos personales a sus ficheros.<\/p>\n<p>El usuario ser\u00e1 el \u00fanico responsable de cualquier da\u00f1o o perjuicio, directo e indirecto, que ocasione a F\u00c8LIX HOTEL oa cualquier tercero por rellenar los formularios con datos falsos, inexactos, incompletos, no actualizados, o con datos de terceros.<\/p>\n<p>Derechos de acceso, rectificaci\u00f3n, cancelaci\u00f3n y oposici\u00f3n de sus datos personales<\/p>\n<p>En cualquier momento puede ejercer sus derechos de acceso, rectificaci\u00f3n, cancelaci\u00f3n y oposici\u00f3n, en los t\u00e9rminos establecidos legalmente, pudiendo dirigirse a la siguiente direcci\u00f3n indicada al inicio del presente Aviso Legal.<\/p>\n<p>Consideramos que si no cancela sus datos personales expresamente de nuestros ficheros, contin\u00faa interesado en seguir incorporado a los mismos hasta que F\u00c8LIX HOTEL lo considere oportuno y mientras sea adecuado a la finalidad para la que se obtuvieron.<\/p>\n<p><strong>Comunicaciones de datos<\/strong><\/p>\n<p>F\u00c8LIX HOTEL le informa que sus datos son tratados con la m\u00e1xima confidencialidad y que son utilizados exclusivamente de manera interna y para las finalidades indicadas. De modo que no cedemos ni comunicamos a ning\u00fan tercero sus datos, a excepci\u00f3n de que el usuario nos lo autorice expresamente, en los casos legalmente previstos.<\/p>\n<p><strong>Seguridad de sus datos personales<\/strong><\/p>\n<p>Con el objetivo de salvaguardar la seguridad de sus datos personales, le informamos que F\u00c8LIX HOTEL ha adoptado todas las medidas de \u00edndole t\u00e9cnica y organizativa necesarias para garantizar la seguridad de los datos personales suministrados de su alteraci\u00f3n, p\u00e9rdida, y tratamientos o accesos no autorizados, tal como exige el Real Decreto 1720\/2007 regula el reglamento de medidas de seguridad de los ficheros que contengan datos de car\u00e1cter personal.<\/p>\n<p><strong>Actualizaci\u00f3n de sus datos<\/strong><\/p>\n<p>Es importante que para que podamos mantener sus datos personales actualizados, nos informe siempre que haya habido alguna modificaci\u00f3n en ellos, en caso contrario, no respondemos de la veracidad de los mismos.<\/p>\n<p><strong>Cookies<\/strong><\/p>\n<p>Esta p\u00e1gina web puede utilizar cookies para facilitar la navegaci\u00f3n en nuestra web, y en consecuencia, el usuario acepta el uso de las mismas. Las cookies permiten recoger datos a efectos estad\u00edsticos: fecha de la primera visita, n\u00famero de veces que se ha visitado, fecha de la \u00faltima visita, URL y dominio de la que proviene, explorador utilizado y resoluci\u00f3n de la pantalla. No obstante, el usuario si lo desea puede desactivar y \/ o eliminar estas cookies siguiendo las instrucciones de su navegador de Internet. En ning\u00fan caso, las cookies proporcionan datos personales del usuario.<\/p>\n<p><strong>Comunicaciones comerciales por correo electr\u00f3nico<\/strong><\/p>\n<p><span class=\"tlid-translation translation\" lang=\"es\">Teniendo en cuenta que el principal medio de comunicaci\u00f3n entre F\u00c8LIX HOTEL y el USUARIO es por medio de la direcci\u00f3n de correo electr\u00f3nico facilitada, le informamos que utilizaremos este medio para todas las comunicaciones con los USUARIOS, incluidas las informaciones comerciales o notas informativas relacionadas con la finalidad de nuestro portal, y en consecuencia, en cumplimiento del art\u00edculo 21 de la Ley de Servicios de la Sociedad de la Informaci\u00f3n y Comercio electr\u00f3nico, que proh\u00edbe el env\u00edo de comunicaciones comerciales a trav\u00e9s del correo electr\u00f3nico que previamente no hayan sido autorizadas expresamente por los destinatarios de las mismas, le informamos que la aceptaci\u00f3n de las presentes condiciones de uso, implica su autorizaci\u00f3n expresamente para remitirle nuestros env\u00edos comerciales, publicitarios y promocionales. Sin embargo, si usted no desea recibir nuestras comunicaciones comerciales por correo electr\u00f3nico puede oponerse a las mismas en la direcci\u00f3n arriba indicada, o en cada env\u00edo que le remitimos.<\/span><\/p>\n<p>F\u00c8LIX HOTEL, no se hace responsable de la pol\u00edtica de privacidad respecto a los datos personales que pueda facilitar a terceros por medio de los enlaces disponibles en nuestra p\u00e1gina web.<\/p>\n<p>F\u00c8LIX HOTEL puede modificar las presentes pol\u00edticas de privacidad para adaptarlas a las modificaciones que se produzcan en nuestra web, as\u00ed como modificaciones legislativas o jurisprudenciales sobre datos personales que vayan apareciendo, por lo que exige su lectura, cada vez que nos facilite sus datos a trav\u00e9s de esta web.<\/p>\n<p><strong>D. Responsabilidades<\/strong><\/p>\n<p>Al poner a disposici\u00f3n del usuario esta p\u00e1gina Web queremos ofrecerle toda una serie de contenidos y servicios de calidad, utilizando la m\u00e1xima diligencia en la prestaci\u00f3n de los mismos as\u00ed como en los medios tecnol\u00f3gicos utilizados. No obstante, no responderemos de la presencia de virus y otros elementos que de alg\u00fan modo puedan da\u00f1ar el sistema inform\u00e1tico del usuario.<\/p>\n<p>El usuario asume la exenci\u00f3n de cualquier responsabilidad F\u00c8LIX HOTEL por causas de fuerza mayor, incluidos los fallos tecnol\u00f3gicas propias o ajenas derivadas del estado actual de la tecnolog\u00eda.<\/p>\n<p>El USUARIO tiene prohibido cualquier tipo de acci\u00f3n sobre nuestro portal que origine una excesiva sobrecarga de funcionamiento a nuestros sistemas inform\u00e1ticos, as\u00ed como la introducci\u00f3n de virus, o instalaci\u00f3n de robots, o software que altere el normal funcionamiento de nuestra web, o en definitiva pueda causar da\u00f1os a nuestros sistemas inform\u00e1ticos.<\/p>\n<p>El usuario asume toda la responsabilidad derivada del uso de nuestra p\u00e1gina web, siendo el \u00fanico responsable de todo efecto directo o indirecto que sobre la p\u00e1gina web se derive, incluyendo, de forma enunciativa y no limitativa, todo resultado econ\u00f3mico, t\u00e9cnico y \/ o jur\u00eddico adverso, as\u00ed como la defraudaci\u00f3n de las expectativas generadas por nuestro portal, oblig\u00e1ndose el usuario a mantener indemne a F\u00c8LIX HOTEL por cualesquiera reclamaciones derivadas, directa o indirectamente de tales hechos.<\/p>\n<p>F\u00c8LIX HOTEL queda exonerado de responsabilidad por cualquier reclamaci\u00f3n respecto a los derechos de propiedad intelectual de los art\u00edculos e im\u00e1genes publicadas en su portal, as\u00ed como, no garantiza la exactitud, veracidad y vigencia de los contenidos de esta p\u00e1gina web, ya sean propios , de terceros, o enlazables a otras web sites, quedando totalmente exonerada de cualquier responsabilidad derivada del uso de la mismos.<\/p>\n<p>F\u00c8LIX HOTEL queda exonerada de cualquier responsabilidad derivada de cualquier reclamaci\u00f3n, incluido el pago de honorarios a abogados, por las demandas y reclamaciones originadas por terceros por el incumplimiento por parte del USUARIO de nuestras condiciones de uso, acceso y pol\u00edtica de privacidad, o cualesquiera otra reclamaci\u00f3n por el incumplimiento de la legislaci\u00f3n vigente.<\/p>\n<p>El USUARIO reconoce que ha entendido toda la informaci\u00f3n respecto a las condiciones de uso de nuestro portal, y reconoce que son suficientes para la exclusi\u00f3n del error en las mismas, y por tanto, las acepta integra y expresamente.<\/p>\n<p>El USUARIO es plenamente consciente de que la mera navegaci\u00f3n por la presente p\u00e1gina web, as\u00ed como la utilizaci\u00f3n de sus servicios, implica la aceptaci\u00f3n de las presentes condiciones de uso.<\/p>\n<p>Todo lo referente a nuestra p\u00e1gina web, se rige exclusivamente por las leyes espa\u00f1olas. En caso de que se produzca cualquier tipo de discrepancia o diferencia entre las partes en relaci\u00f3n con la interpretaci\u00f3n y contenido de la presente p\u00e1gina web, todas las partes se someten, con renuncia expresa a cualquier otro fuero, a los Juzgados y Tribunales de Tarragona.<\/p>\n<p><strong>E. Vigencia de las condiciones generales de acceso a la web<\/strong><\/p>\n<p>Las presentes Condiciones Generales de Uso han sido modificadas con fecha 08\/02\/2013. En cualquier momento podemos proceder a su modificaci\u00f3n: por favor, compruebe la fecha de emisi\u00f3n en cada ocasi\u00f3n que se conecte a nuestra p\u00e1gina Web y as\u00ed tendr\u00e1 la certeza de que no se ha producido modificaci\u00f3n alguna que le afecte.<\/p>\n<p><span class=\"tlid-translation translation\" lang=\"es\"><span title=\"\">Para cualquier<\/span> <span class=\"\" title=\"\">cuesti\u00f3n respecto a<\/span> <span class=\"\" title=\"\">las Condiciones<\/span> <span title=\"\">de Uso<\/span> <span title=\"\">de nuestra<\/span> <span title=\"\">p\u00e1gina<\/span> <span title=\"\">web<\/span><span title=\"\">,<\/span> <span title=\"\">puede<\/span> <span title=\"\">ponerse en<\/span> <span title=\"\">contacto<\/span> <span title=\"\">con nosotros<\/span> <span title=\"\">en los datos<\/span> <span title=\"\">arriba<\/span> <span title=\"\">indicados.<\/span><\/span><\/p>\n<\/div>\n<p>[\/et_pb_text][\/et_pb_column][\/et_pb_row][\/et_pb_section]<\/p>\n","protected":false},"excerpt":{"rendered":"<p>Con el fin de cumplir con la legalidad vigente y otorgar seguridad y confianza a todos sus usuarios, les informamos, en virtud de la Ley 34\/2002 de Servicios de la Sociedad de la Informaci\u00f3n y de Comercio Electr\u00f3nico, que esta p\u00e1gina Web es propiedad de F\u00c8LIX HOTEL, SL en adelante F\u00c8LIX HOTEL, con domicilio en [&hellip;]<\/p>\n","protected":false},"author":1,"featured_media":0,"parent":0,"menu_order":0,"comment_status":"closed","ping_status":"closed","template":"","meta":{"_et_pb_use_builder":"on","_et_pb_old_content":"","_et_gb_content_width":"","footnotes":""},"class_list":["post-6407","page","type-page","status-publish","hentry"],"yoast_head":"<!-- This site is optimized with the Yoast SEO plugin v25.0 - https:\/\/yoast.com\/wordpress\/plugins\/seo\/ -->\n<title>Legal Policy - F\u00e8lix Hotel<\/title>\n<meta name=\"robots\" content=\"noindex, follow\" \/>\n<meta property=\"og:locale\" content=\"en_US\" \/>\n<meta property=\"og:type\" content=\"article\" \/>\n<meta property=\"og:title\" content=\"Legal Policy - F\u00e8lix Hotel\" \/>\n<meta property=\"og:description\" content=\"Con el fin de cumplir con la legalidad vigente y otorgar seguridad y confianza a todos sus usuarios, les informamos, en virtud de la Ley 34\/2002 de Servicios de la Sociedad de la Informaci\u00f3n y de Comercio Electr\u00f3nico, que esta p\u00e1gina Web es propiedad de F\u00c8LIX HOTEL, SL en adelante F\u00c8LIX HOTEL, con domicilio en [&hellip;]\" \/>\n<meta property=\"og:url\" content=\"https:\/\/felixhotel.net\/en\/aviso-legal\/\" \/>\n<meta property=\"og:site_name\" content=\"F\u00e8lix Hotel\" \/>\n<meta property=\"article:modified_time\" content=\"2021-04-27T15:05:07+00:00\" \/>\n<meta name=\"twitter:card\" content=\"summary_large_image\" \/>\n<meta name=\"twitter:label1\" content=\"Est. reading time\" \/>\n\t<meta name=\"twitter:data1\" content=\"12 minutes\" \/>\n<script type=\"application\/ld+json\" class=\"yoast-schema-graph\">{\"@context\":\"https:\/\/schema.org\",\"@graph\":[{\"@type\":\"WebPage\",\"@id\":\"https:\/\/felixhotel.net\/en\/aviso-legal\/\",\"url\":\"https:\/\/felixhotel.net\/en\/aviso-legal\/\",\"name\":\"Legal Policy - F\u00e8lix Hotel\",\"isPartOf\":{\"@id\":\"https:\/\/felixhotel.net\/en\/#website\"},\"datePublished\":\"2021-01-26T13:22:50+00:00\",\"dateModified\":\"2021-04-27T15:05:07+00:00\",\"inLanguage\":\"en-US\",\"potentialAction\":[{\"@type\":\"ReadAction\",\"target\":[\"https:\/\/felixhotel.net\/en\/aviso-legal\/\"]}]},{\"@type\":\"WebSite\",\"@id\":\"https:\/\/felixhotel.net\/en\/#website\",\"url\":\"https:\/\/felixhotel.net\/en\/\",\"name\":\"F\u00e8lix Hotel\",\"description\":\"Hotel en Valls\",\"potentialAction\":[{\"@type\":\"SearchAction\",\"target\":{\"@type\":\"EntryPoint\",\"urlTemplate\":\"https:\/\/felixhotel.net\/en\/?s={search_term_string}\"},\"query-input\":{\"@type\":\"PropertyValueSpecification\",\"valueRequired\":true,\"valueName\":\"search_term_string\"}}],\"inLanguage\":\"en-US\"}]}<\/script>\n<!-- \/ Yoast SEO plugin. -->","yoast_head_json":{"title":"Legal Policy - F\u00e8lix Hotel","robots":{"index":"noindex","follow":"follow"},"og_locale":"en_US","og_type":"article","og_title":"Legal Policy - F\u00e8lix Hotel","og_description":"Con el fin de cumplir con la legalidad vigente y otorgar seguridad y confianza a todos sus usuarios, les informamos, en virtud de la Ley 34\/2002 de Servicios de la Sociedad de la Informaci\u00f3n y de Comercio Electr\u00f3nico, que esta p\u00e1gina Web es propiedad de F\u00c8LIX HOTEL, SL en adelante F\u00c8LIX HOTEL, con domicilio en [&hellip;]","og_url":"https:\/\/felixhotel.net\/en\/aviso-legal\/","og_site_name":"F\u00e8lix Hotel","article_modified_time":"2021-04-27T15:05:07+00:00","twitter_card":"summary_large_image","twitter_misc":{"Est. reading time":"12 minutes"},"schema":{"@context":"https:\/\/schema.org","@graph":[{"@type":"WebPage","@id":"https:\/\/felixhotel.net\/en\/aviso-legal\/","url":"https:\/\/felixhotel.net\/en\/aviso-legal\/","name":"Legal Policy - F\u00e8lix Hotel","isPartOf":{"@id":"https:\/\/felixhotel.net\/en\/#website"},"datePublished":"2021-01-26T13:22:50+00:00","dateModified":"2021-04-27T15:05:07+00:00","inLanguage":"en-US","potentialAction":[{"@type":"ReadAction","target":["https:\/\/felixhotel.net\/en\/aviso-legal\/"]}]},{"@type":"WebSite","@id":"https:\/\/felixhotel.net\/en\/#website","url":"https:\/\/felixhotel.net\/en\/","name":"F\u00e8lix Hotel","description":"Hotel en Valls","potentialAction":[{"@type":"SearchAction","target":{"@type":"EntryPoint","urlTemplate":"https:\/\/felixhotel.net\/en\/?s={search_term_string}"},"query-input":{"@type":"PropertyValueSpecification","valueRequired":true,"valueName":"search_term_string"}}],"inLanguage":"en-US"}]}},"_links":{"self":[{"href":"https:\/\/felixhotel.net\/en\/wp-json\/wp\/v2\/pages\/6407","targetHints":{"allow":["GET"]}}],"collection":[{"href":"https:\/\/felixhotel.net\/en\/wp-json\/wp\/v2\/pages"}],"about":[{"href":"https:\/\/felixhotel.net\/en\/wp-json\/wp\/v2\/types\/page"}],"author":[{"embeddable":true,"href":"https:\/\/felixhotel.net\/en\/wp-json\/wp\/v2\/users\/1"}],"replies":[{"embeddable":true,"href":"https:\/\/felixhotel.net\/en\/wp-json\/wp\/v2\/comments?post=6407"}],"version-history":[{"count":0,"href":"https:\/\/felixhotel.net\/en\/wp-json\/wp\/v2\/pages\/6407\/revisions"}],"wp:attachment":[{"href":"https:\/\/felixhotel.net\/en\/wp-json\/wp\/v2\/media?parent=6407"}],"curies":[{"name":"wp","href":"https:\/\/api.w.org\/{rel}","templated":true}]}}