{"id":6376,"date":"2020-11-25T15:14:36","date_gmt":"2020-11-25T15:14:36","guid":{"rendered":"https:\/\/felixhotel.net\/reservas\/"},"modified":"2021-01-22T16:22:19","modified_gmt":"2021-01-22T16:22:19","slug":"reservas","status":"publish","type":"page","link":"https:\/\/felixhotel.net\/en\/reservas\/","title":{"rendered":"Reservations"},"content":{"rendered":"\n[et_pb_section fb_built=&#8221;1&#8243; _builder_version=&#8221;4.7.4&#8243; _module_preset=&#8221;default&#8221;][et_pb_row _builder_version=&#8221;4.7.4&#8243; _module_preset=&#8221;default&#8221;][et_pb_column type=&#8221;4_4&#8243; _builder_version=&#8221;4.7.0&#8243; _module_preset=&#8221;default&#8221;][et_pb_code _builder_version=&#8221;4.7.7&#8243; _module_preset=&#8221;default&#8221; text_orientation=&#8221;center&#8221; hover_enabled=&#8221;0&#8243; sticky_enabled=&#8221;0&#8243;]<script type=\"application\/javascript\"><!-- [et_pb_line_break_holder] --><!-- [et_pb_line_break_holder] -->(function($) {\t<!-- [et_pb_line_break_holder] -->    window.addEventListener('DOMNodeInserted', function(e) {<!-- [et_pb_line_break_holder] -->        $('iframe.ibe').load(function(){<!-- [et_pb_line_break_holder] -->            var iframe = $('iframe.ibe').contents();<!-- [et_pb_line_break_holder] --><!-- [et_pb_line_break_holder] -->            iframe.find(\".more-info\").click(function(){<!-- [et_pb_line_break_holder] -->              \tconsole.log('Test Info')<!-- [et_pb_line_break_holder] -->                $('html').scrollTop(0);<!-- [et_pb_line_break_holder] -->            });<!-- [et_pb_line_break_holder] -->        });<!-- [et_pb_line_break_holder] -->    });<!-- [et_pb_line_break_holder] --> })( jQuery ); <!-- [et_pb_line_break_holder] --><\/script><!-- [et_pb_line_break_holder] --><!-- [et_pb_line_break_holder] --><div class=\"ibe\" data-region=\"emea\" data-channelcode=\"felixhoteldirect\" data-widget=\"embed\"><!-- [et_pb_line_break_holder] --><\/div><!-- [et_pb_line_break_holder] --><!-- [et_pb_line_break_holder] -->[\/et_pb_code][\/et_pb_column][\/et_pb_row][\/et_pb_section][et_pb_section fb_built=&#8221;1&#8243; _builder_version=&#8221;4.7.4&#8243; _module_preset=&#8221;default&#8221; background_color=&#8221;#282828&#8243; custom_padding=&#8221;0px|0px|0px|0px|false|false&#8221; global_module=&#8221;913&#8243; saved_tabs=&#8221;all&#8221;][et_pb_row use_custom_gutter=&#8221;on&#8221; _builder_version=&#8221;4.7.0&#8243; _module_preset=&#8221;default&#8221; width=&#8221;100%&#8221; max_width=&#8221;100%&#8221; custom_margin=&#8221;0px||||false|false&#8221; custom_padding=&#8221;0px||||false|false&#8221;][et_pb_column type=&#8221;4_4&#8243; _builder_version=&#8221;4.7.0&#8243; _module_preset=&#8221;default&#8221;][et_pb_map address=&#8221;Espa\u00f1a&#8221; zoom_level=&#8221;15&#8243; address_lat=&#8221;41.268573218603&#8243; address_lng=&#8221;1.2459009657014&#8243; mouse_wheel=&#8221;off&#8221; mobile_dragging=&#8221;off&#8221; use_grayscale_filter=&#8221;on&#8221; _builder_version=&#8221;4.7.4&#8243; _module_preset=&#8221;default&#8221; custom_margin=&#8221;0px||||false|false&#8221; custom_padding=&#8221;0px||||false|false&#8221; filter_hue_rotate=&#8221;75deg&#8221; filter_saturate=&#8221;11%&#8221; filter_brightness=&#8221;94%&#8221; filter_contrast=&#8221;78%&#8221; filter_sepia=&#8221;10%&#8221;][et_pb_map_pin title=&#8221;Valls&#8221; pin_address=&#8221;N-240, 17, 43800 Valls, Tarragona&#8221; zoom_level=&#8221;16&#8243; pin_address_lat=&#8221;41.267033501375&#8243; pin_address_lng=&#8221;1.2483429908752&#8243; _builder_version=&#8221;4.7.4&#8243; _module_preset=&#8221;default&#8221;][\/et_pb_map_pin][\/et_pb_map][\/et_pb_column][\/et_pb_row][et_pb_row _builder_version=&#8221;4.7.4&#8243; _module_preset=&#8221;default&#8221; custom_padding=&#8221;0px||0px||false|false&#8221;][et_pb_column type=&#8221;4_4&#8243; _builder_version=&#8221;4.7.0&#8243; _module_preset=&#8221;default&#8221;][et_pb_text _builder_version=&#8221;4.7.4&#8243; _module_preset=&#8221;default&#8221; text_font=&#8221;Poppins|200|||||||&#8221; text_text_color=&#8221;#ffffff&#8221; header_3_font=&#8221;Poppins||||||||&#8221; header_3_text_color=&#8221;#ffffff&#8221; custom_margin=&#8221;0px|0px|0px|0px|false|false&#8221; custom_padding=&#8221;0px|0px|0px|0px|false|false&#8221;]<h3 style=\"text-align: center;\">Proyecto Leader<\/h3>\n<p style=\"text-align: center;\">MEJORA DE LAS HABITACIONES VINCULADAS A LAS EXPERIENCIAS TUR\u00cdSTICAS Y AGROALIMENTARIAS<\/p>\n<p style=\"text-align: center;\">Operaci\u00f3n: Implementaci\u00f3n de Estrategias de Desarrollo Local<\/p>[\/et_pb_text][\/et_pb_column][\/et_pb_row][et_pb_row column_structure=&#8221;1_3,1_3,1_3&#8243; _builder_version=&#8221;4.7.4&#8243; _module_preset=&#8221;default&#8221; custom_padding=&#8221;0px||0px||false|false&#8221;][et_pb_column type=&#8221;1_3&#8243; _builder_version=&#8221;4.7.0&#8243; _module_preset=&#8221;default&#8221;][\/et_pb_column][et_pb_column type=&#8221;1_3&#8243; _builder_version=&#8221;4.7.0&#8243; _module_preset=&#8221;default&#8221;][et_pb_image src=&#8221;https:\/\/felixhotel.net\/wp-content\/uploads\/2020\/12\/logo-leader-transparent-blanco.png&#8221; title_text=&#8221;logo-leader-transparent-blanco&#8221; align=&#8221;center&#8221; _builder_version=&#8221;4.7.4&#8243; _module_preset=&#8221;default&#8221;][\/et_pb_image][\/et_pb_column][et_pb_column type=&#8221;1_3&#8243; _builder_version=&#8221;4.7.0&#8243; _module_preset=&#8221;default&#8221;][\/et_pb_column][\/et_pb_row][et_pb_row _builder_version=&#8221;4.7.4&#8243; _module_preset=&#8221;default&#8221; custom_padding=&#8221;0px||0px||false|false&#8221;][et_pb_column type=&#8221;4_4&#8243; _builder_version=&#8221;4.7.0&#8243; _module_preset=&#8221;default&#8221;][et_pb_text _builder_version=&#8221;4.7.4&#8243; _module_preset=&#8221;default&#8221; text_font=&#8221;Poppins|300|||||||&#8221; text_text_color=&#8221;#ffffff&#8221; custom_padding=&#8221;0px||0px||false|false&#8221;]<p style=\"text-align: center;\">\u00a0Actuaci\u00f3n del Programa de Desarrollo Rural de Catalunya, 2014-2020, cofinanciado por:<\/p>\n<p style=\"text-align: center;\">[\/et_pb_text][\/et_pb_column][\/et_pb_row][et_pb_row column_structure=&#8221;1_4,1_4,1_4,1_4&#8243; _builder_version=&#8221;4.7.4&#8243; _module_preset=&#8221;default&#8221; custom_padding=&#8221;0px||0px||false|false&#8221;][et_pb_column type=&#8221;1_4&#8243; _builder_version=&#8221;4.7.0&#8243; _module_preset=&#8221;default&#8221;][\/et_pb_column][et_pb_column type=&#8221;1_4&#8243; _builder_version=&#8221;4.7.0&#8243; _module_preset=&#8221;default&#8221;][et_pb_image src=&#8221;https:\/\/felixhotel.net\/wp-content\/uploads\/2020\/12\/fonsEuropeuAgricoladeDesenvolupamentRural-blan.png&#8221; title_text=&#8221;fonsEuropeuAgricoladeDesenvolupamentRural-blan&#8221; align=&#8221;center&#8221; _builder_version=&#8221;4.7.4&#8243; _module_preset=&#8221;default&#8221;][\/et_pb_image][\/et_pb_column][et_pb_column type=&#8221;1_4&#8243; _builder_version=&#8221;4.7.0&#8243; _module_preset=&#8221;default&#8221;][et_pb_image src=&#8221;https:\/\/felixhotel.net\/wp-content\/uploads\/2020\/12\/generalitadecatalunya-blan.png&#8221; title_text=&#8221;generalitadecatalunya-blan&#8221; _builder_version=&#8221;4.7.4&#8243; _module_preset=&#8221;default&#8221;][\/et_pb_image][\/et_pb_column][et_pb_column type=&#8221;1_4&#8243; _builder_version=&#8221;4.7.0&#8243; _module_preset=&#8221;default&#8221;][\/et_pb_column][\/et_pb_row][et_pb_row column_structure=&#8221;1_4,1_4,1_4,1_4&#8243; _builder_version=&#8221;4.7.4&#8243; _module_preset=&#8221;default&#8221; custom_padding=&#8221;||0px||false|false&#8221;][et_pb_column type=&#8221;1_4&#8243; _builder_version=&#8221;4.7.0&#8243; _module_preset=&#8221;default&#8221;][\/et_pb_column][et_pb_column type=&#8221;1_4&#8243; _builder_version=&#8221;4.7.0&#8243; _module_preset=&#8221;default&#8221;][et_pb_image src=&#8221;https:\/\/felixhotel.net\/wp-content\/uploads\/2020\/11\/Tripadvisor-Logo.png&#8221; title_text=&#8221;Tripadvisor-Logo&#8221; align=&#8221;center&#8221; _builder_version=&#8221;4.7.0&#8243; _module_preset=&#8221;default&#8221;][\/et_pb_image][\/et_pb_column][et_pb_column type=&#8221;1_4&#8243; _builder_version=&#8221;4.7.0&#8243; _module_preset=&#8221;default&#8221;][et_pb_image src=&#8221;https:\/\/felixhotel.net\/wp-content\/uploads\/2020\/11\/bodasnet.png&#8221; title_text=&#8221;bodasnet&#8221; align=&#8221;center&#8221; _builder_version=&#8221;4.7.0&#8243; _module_preset=&#8221;default&#8221;][\/et_pb_image][\/et_pb_column][et_pb_column type=&#8221;1_4&#8243; _builder_version=&#8221;4.7.0&#8243; _module_preset=&#8221;default&#8221;][\/et_pb_column][\/et_pb_row][et_pb_row _builder_version=&#8221;4.7.0&#8243; _module_preset=&#8221;default&#8221;][et_pb_column type=&#8221;4_4&#8243; _builder_version=&#8221;4.7.0&#8243; _module_preset=&#8221;default&#8221;][et_pb_text _builder_version=&#8221;4.7.4&#8243; _module_preset=&#8221;default&#8221; text_font=&#8221;Poppins|300|||||||&#8221; text_text_color=&#8221;#ffffff&#8221; text_orientation=&#8221;center&#8221;]<p><span>Carretera N-240 KM.17<\/span><span>43800 Valls, Tarragona<\/span><span>GPS: 41\u00ba16\u201901.58\u2019\u2019 N<\/span><span>1\u00ba14\u201952.22\u2019\u2019 E<\/span><\/p>[\/et_pb_text][\/et_pb_column][\/et_pb_row][\/et_pb_section]\n","protected":false},"excerpt":{"rendered":"<p>Proyecto Leader MEJORA DE LAS HABITACIONES VINCULADAS A LAS EXPERIENCIAS TUR\u00cdSTICAS Y AGROALIMENTARIAS Operaci\u00f3n: Implementaci\u00f3n de Estrategias de Desarrollo Local\u00a0Actuaci\u00f3n del Programa de Desarrollo Rural de Catalunya, 2014-2020, cofinanciado por: Carretera N-240 KM.1743800 Valls, TarragonaGPS: 41\u00ba16\u201901.58\u2019\u2019 N1\u00ba14\u201952.22\u2019\u2019 E<\/p>\n","protected":false},"author":1,"featured_media":0,"parent":0,"menu_order":0,"comment_status":"closed","ping_status":"closed","template":"","meta":{"_et_pb_use_builder":"on","_et_pb_old_content":"","_et_gb_content_width":"","footnotes":""},"class_list":["post-6376","page","type-page","status-publish","hentry"],"yoast_head":"<!-- This site is optimized with the Yoast SEO plugin v25.0 - https:\/\/yoast.com\/wordpress\/plugins\/seo\/ -->\n<title>Reservations - F\u00e8lix Hotel<\/title>\n<meta name=\"robots\" content=\"index, follow, max-snippet:-1, max-image-preview:large, max-video-preview:-1\" \/>\n<link rel=\"canonical\" href=\"https:\/\/felixhotel.net\/en\/reservas\/\" \/>\n<meta property=\"og:locale\" content=\"en_US\" \/>\n<meta property=\"og:type\" content=\"article\" \/>\n<meta property=\"og:title\" content=\"Reservations - F\u00e8lix Hotel\" \/>\n<meta property=\"og:description\" content=\"Proyecto Leader MEJORA DE LAS HABITACIONES VINCULADAS A LAS EXPERIENCIAS TUR\u00cdSTICAS Y AGROALIMENTARIAS Operaci\u00f3n: Implementaci\u00f3n de Estrategias de Desarrollo Local\u00a0Actuaci\u00f3n del Programa de Desarrollo Rural de Catalunya, 2014-2020, cofinanciado por: Carretera N-240 KM.1743800 Valls, TarragonaGPS: 41\u00ba16\u201901.58\u2019\u2019 N1\u00ba14\u201952.22\u2019\u2019 E\" \/>\n<meta property=\"og:url\" content=\"https:\/\/felixhotel.net\/en\/reservas\/\" \/>\n<meta property=\"og:site_name\" content=\"F\u00e8lix Hotel\" \/>\n<meta property=\"article:modified_time\" content=\"2021-01-22T16:22:19+00:00\" \/>\n<meta name=\"twitter:card\" content=\"summary_large_image\" \/>\n<meta name=\"twitter:label1\" content=\"Est. reading time\" \/>\n\t<meta name=\"twitter:data1\" content=\"4 minutes\" \/>\n<script type=\"application\/ld+json\" class=\"yoast-schema-graph\">{\"@context\":\"https:\/\/schema.org\",\"@graph\":[{\"@type\":\"WebPage\",\"@id\":\"https:\/\/felixhotel.net\/en\/reservas\/\",\"url\":\"https:\/\/felixhotel.net\/en\/reservas\/\",\"name\":\"Reservations - F\u00e8lix Hotel\",\"isPartOf\":{\"@id\":\"https:\/\/felixhotel.net\/en\/#website\"},\"datePublished\":\"2020-11-25T15:14:36+00:00\",\"dateModified\":\"2021-01-22T16:22:19+00:00\",\"inLanguage\":\"en-US\",\"potentialAction\":[{\"@type\":\"ReadAction\",\"target\":[\"https:\/\/felixhotel.net\/en\/reservas\/\"]}]},{\"@type\":\"WebSite\",\"@id\":\"https:\/\/felixhotel.net\/en\/#website\",\"url\":\"https:\/\/felixhotel.net\/en\/\",\"name\":\"F\u00e8lix Hotel\",\"description\":\"Hotel en Valls\",\"potentialAction\":[{\"@type\":\"SearchAction\",\"target\":{\"@type\":\"EntryPoint\",\"urlTemplate\":\"https:\/\/felixhotel.net\/en\/?s={search_term_string}\"},\"query-input\":{\"@type\":\"PropertyValueSpecification\",\"valueRequired\":true,\"valueName\":\"search_term_string\"}}],\"inLanguage\":\"en-US\"}]}<\/script>\n<!-- \/ Yoast SEO plugin. -->","yoast_head_json":{"title":"Reservations - F\u00e8lix Hotel","robots":{"index":"index","follow":"follow","max-snippet":"max-snippet:-1","max-image-preview":"max-image-preview:large","max-video-preview":"max-video-preview:-1"},"canonical":"https:\/\/felixhotel.net\/en\/reservas\/","og_locale":"en_US","og_type":"article","og_title":"Reservations - F\u00e8lix Hotel","og_description":"Proyecto Leader MEJORA DE LAS HABITACIONES VINCULADAS A LAS EXPERIENCIAS TUR\u00cdSTICAS Y AGROALIMENTARIAS Operaci\u00f3n: Implementaci\u00f3n de Estrategias de Desarrollo Local\u00a0Actuaci\u00f3n del Programa de Desarrollo Rural de Catalunya, 2014-2020, cofinanciado por: Carretera N-240 KM.1743800 Valls, TarragonaGPS: 41\u00ba16\u201901.58\u2019\u2019 N1\u00ba14\u201952.22\u2019\u2019 E","og_url":"https:\/\/felixhotel.net\/en\/reservas\/","og_site_name":"F\u00e8lix Hotel","article_modified_time":"2021-01-22T16:22:19+00:00","twitter_card":"summary_large_image","twitter_misc":{"Est. reading time":"4 minutes"},"schema":{"@context":"https:\/\/schema.org","@graph":[{"@type":"WebPage","@id":"https:\/\/felixhotel.net\/en\/reservas\/","url":"https:\/\/felixhotel.net\/en\/reservas\/","name":"Reservations - F\u00e8lix Hotel","isPartOf":{"@id":"https:\/\/felixhotel.net\/en\/#website"},"datePublished":"2020-11-25T15:14:36+00:00","dateModified":"2021-01-22T16:22:19+00:00","inLanguage":"en-US","potentialAction":[{"@type":"ReadAction","target":["https:\/\/felixhotel.net\/en\/reservas\/"]}]},{"@type":"WebSite","@id":"https:\/\/felixhotel.net\/en\/#website","url":"https:\/\/felixhotel.net\/en\/","name":"F\u00e8lix Hotel","description":"Hotel en Valls","potentialAction":[{"@type":"SearchAction","target":{"@type":"EntryPoint","urlTemplate":"https:\/\/felixhotel.net\/en\/?s={search_term_string}"},"query-input":{"@type":"PropertyValueSpecification","valueRequired":true,"valueName":"search_term_string"}}],"inLanguage":"en-US"}]}},"_links":{"self":[{"href":"https:\/\/felixhotel.net\/en\/wp-json\/wp\/v2\/pages\/6376","targetHints":{"allow":["GET"]}}],"collection":[{"href":"https:\/\/felixhotel.net\/en\/wp-json\/wp\/v2\/pages"}],"about":[{"href":"https:\/\/felixhotel.net\/en\/wp-json\/wp\/v2\/types\/page"}],"author":[{"embeddable":true,"href":"https:\/\/felixhotel.net\/en\/wp-json\/wp\/v2\/users\/1"}],"replies":[{"embeddable":true,"href":"https:\/\/felixhotel.net\/en\/wp-json\/wp\/v2\/comments?post=6376"}],"version-history":[{"count":0,"href":"https:\/\/felixhotel.net\/en\/wp-json\/wp\/v2\/pages\/6376\/revisions"}],"wp:attachment":[{"href":"https:\/\/felixhotel.net\/en\/wp-json\/wp\/v2\/media?parent=6376"}],"curies":[{"name":"wp","href":"https:\/\/api.w.org\/{rel}","templated":true}]}}