{"id":7775,"date":"2021-05-05T09:04:41","date_gmt":"2021-05-05T09:04:41","guid":{"rendered":"https:\/\/felixhotel.net\/felixbox\/"},"modified":"2021-08-17T07:29:36","modified_gmt":"2021-08-17T07:29:36","slug":"regalar-escapades-tarragona","status":"publish","type":"page","link":"https:\/\/felixhotel.net\/ca\/regalar-escapades-tarragona\/","title":{"rendered":"FelixBox"},"content":{"rendered":"","protected":false},"excerpt":{"rendered":"","protected":false},"author":1,"featured_media":0,"parent":0,"menu_order":0,"comment_status":"closed","ping_status":"closed","template":"","meta":{"_et_pb_use_builder":"on","_et_pb_old_content":"","_et_gb_content_width":"","footnotes":""},"class_list":["post-7775","page","type-page","status-publish","hentry"],"yoast_head":"<!-- This site is optimized with the Yoast SEO plugin v25.0 - https:\/\/yoast.com\/wordpress\/plugins\/seo\/ -->\n<title>FelixBox: Regalar escapades a Tarragona - F\u00e8lix Hotel<\/title>\n<meta name=\"description\" content=\"Reglar escapades a Tarragona ara m\u00e9s f\u00e0cil que mai. Ajunta experi\u00e8ncies rom\u00e0ntiques, gastron\u00f2miques, culturals o relax amb F\u00e8lix Hotel.\" \/>\n<meta name=\"robots\" content=\"index, follow, max-snippet:-1, max-image-preview:large, max-video-preview:-1\" \/>\n<link rel=\"canonical\" href=\"https:\/\/felixhotel.net\/ca\/regalar-escapades-tarragona\/\" \/>\n<meta property=\"og:locale\" content=\"ca_ES\" \/>\n<meta property=\"og:type\" content=\"article\" \/>\n<meta property=\"og:title\" content=\"FelixBox: Regalar escapades a Tarragona - F\u00e8lix Hotel\" \/>\n<meta property=\"og:description\" content=\"Reglar escapades a Tarragona ara m\u00e9s f\u00e0cil que mai. Ajunta experi\u00e8ncies rom\u00e0ntiques, gastron\u00f2miques, culturals o relax amb F\u00e8lix Hotel.\" \/>\n<meta property=\"og:url\" content=\"https:\/\/felixhotel.net\/ca\/regalar-escapades-tarragona\/\" \/>\n<meta property=\"og:site_name\" content=\"F\u00e8lix Hotel\" \/>\n<meta property=\"article:modified_time\" content=\"2021-08-17T07:29:36+00:00\" \/>\n<meta name=\"twitter:card\" content=\"summary_large_image\" \/>\n<script type=\"application\/ld+json\" class=\"yoast-schema-graph\">{\"@context\":\"https:\/\/schema.org\",\"@graph\":[{\"@type\":\"WebPage\",\"@id\":\"https:\/\/felixhotel.net\/ca\/regalar-escapades-tarragona\/\",\"url\":\"https:\/\/felixhotel.net\/ca\/regalar-escapades-tarragona\/\",\"name\":\"FelixBox: Regalar escapades a Tarragona - F\u00e8lix Hotel\",\"isPartOf\":{\"@id\":\"https:\/\/felixhotel.net\/ca\/#website\"},\"datePublished\":\"2021-05-05T09:04:41+00:00\",\"dateModified\":\"2021-08-17T07:29:36+00:00\",\"description\":\"Reglar escapades a Tarragona ara m\u00e9s f\u00e0cil que mai. Ajunta experi\u00e8ncies rom\u00e0ntiques, gastron\u00f2miques, culturals o relax amb F\u00e8lix Hotel.\",\"inLanguage\":\"ca\",\"potentialAction\":[{\"@type\":\"ReadAction\",\"target\":[\"https:\/\/felixhotel.net\/ca\/regalar-escapades-tarragona\/\"]}]},{\"@type\":\"WebSite\",\"@id\":\"https:\/\/felixhotel.net\/ca\/#website\",\"url\":\"https:\/\/felixhotel.net\/ca\/\",\"name\":\"F\u00e8lix Hotel\",\"description\":\"Hotel en Valls\",\"potentialAction\":[{\"@type\":\"SearchAction\",\"target\":{\"@type\":\"EntryPoint\",\"urlTemplate\":\"https:\/\/felixhotel.net\/ca\/?s={search_term_string}\"},\"query-input\":{\"@type\":\"PropertyValueSpecification\",\"valueRequired\":true,\"valueName\":\"search_term_string\"}}],\"inLanguage\":\"ca\"}]}<\/script>\n<!-- \/ Yoast SEO plugin. -->","yoast_head_json":{"title":"FelixBox: Regalar escapades a Tarragona - F\u00e8lix Hotel","description":"Reglar escapades a Tarragona ara m\u00e9s f\u00e0cil que mai. Ajunta experi\u00e8ncies rom\u00e0ntiques, gastron\u00f2miques, culturals o relax amb F\u00e8lix Hotel.","robots":{"index":"index","follow":"follow","max-snippet":"max-snippet:-1","max-image-preview":"max-image-preview:large","max-video-preview":"max-video-preview:-1"},"canonical":"https:\/\/felixhotel.net\/ca\/regalar-escapades-tarragona\/","og_locale":"ca_ES","og_type":"article","og_title":"FelixBox: Regalar escapades a Tarragona - F\u00e8lix Hotel","og_description":"Reglar escapades a Tarragona ara m\u00e9s f\u00e0cil que mai. Ajunta experi\u00e8ncies rom\u00e0ntiques, gastron\u00f2miques, culturals o relax amb F\u00e8lix Hotel.","og_url":"https:\/\/felixhotel.net\/ca\/regalar-escapades-tarragona\/","og_site_name":"F\u00e8lix Hotel","article_modified_time":"2021-08-17T07:29:36+00:00","twitter_card":"summary_large_image","schema":{"@context":"https:\/\/schema.org","@graph":[{"@type":"WebPage","@id":"https:\/\/felixhotel.net\/ca\/regalar-escapades-tarragona\/","url":"https:\/\/felixhotel.net\/ca\/regalar-escapades-tarragona\/","name":"FelixBox: Regalar escapades a Tarragona - F\u00e8lix Hotel","isPartOf":{"@id":"https:\/\/felixhotel.net\/ca\/#website"},"datePublished":"2021-05-05T09:04:41+00:00","dateModified":"2021-08-17T07:29:36+00:00","description":"Reglar escapades a Tarragona ara m\u00e9s f\u00e0cil que mai. Ajunta experi\u00e8ncies rom\u00e0ntiques, gastron\u00f2miques, culturals o relax amb F\u00e8lix Hotel.","inLanguage":"ca","potentialAction":[{"@type":"ReadAction","target":["https:\/\/felixhotel.net\/ca\/regalar-escapades-tarragona\/"]}]},{"@type":"WebSite","@id":"https:\/\/felixhotel.net\/ca\/#website","url":"https:\/\/felixhotel.net\/ca\/","name":"F\u00e8lix Hotel","description":"Hotel en Valls","potentialAction":[{"@type":"SearchAction","target":{"@type":"EntryPoint","urlTemplate":"https:\/\/felixhotel.net\/ca\/?s={search_term_string}"},"query-input":{"@type":"PropertyValueSpecification","valueRequired":true,"valueName":"search_term_string"}}],"inLanguage":"ca"}]}},"_links":{"self":[{"href":"https:\/\/felixhotel.net\/ca\/wp-json\/wp\/v2\/pages\/7775","targetHints":{"allow":["GET"]}}],"collection":[{"href":"https:\/\/felixhotel.net\/ca\/wp-json\/wp\/v2\/pages"}],"about":[{"href":"https:\/\/felixhotel.net\/ca\/wp-json\/wp\/v2\/types\/page"}],"author":[{"embeddable":true,"href":"https:\/\/felixhotel.net\/ca\/wp-json\/wp\/v2\/users\/1"}],"replies":[{"embeddable":true,"href":"https:\/\/felixhotel.net\/ca\/wp-json\/wp\/v2\/comments?post=7775"}],"version-history":[{"count":0,"href":"https:\/\/felixhotel.net\/ca\/wp-json\/wp\/v2\/pages\/7775\/revisions"}],"wp:attachment":[{"href":"https:\/\/felixhotel.net\/ca\/wp-json\/wp\/v2\/media?parent=7775"}],"curies":[{"name":"wp","href":"https:\/\/api.w.org\/{rel}","templated":true}]}}