{"id":7043,"date":"2021-05-25T12:06:31","date_gmt":"2021-05-25T12:06:31","guid":{"rendered":"https:\/\/felixhotel.net\/?page_id=7043"},"modified":"2022-10-18T14:10:39","modified_gmt":"2022-10-18T14:10:39","slug":"blog","status":"publish","type":"page","link":"https:\/\/felixhotel.net\/ca\/hotel\/blog\/","title":{"rendered":"Blog"},"content":{"rendered":"<p>[et_pb_section fb_built=&#8221;1&#8243; fullwidth=&#8221;on&#8221; disabled_on=&#8221;on|on|on&#8221; _builder_version=&#8221;4.16&#8243; _module_preset=&#8221;default&#8221; disabled=&#8221;on&#8221; global_colors_info=&#8221;{}&#8221;][et_pb_fullwidth_slider _builder_version=&#8221;4.16&#8243; _module_preset=&#8221;default&#8221; height=&#8221;70vh&#8221; global_colors_info=&#8221;{}&#8221;][et_pb_slide heading=&#8221;Escapada amb cal\u00e7otada&#8221; button_text=&#8221;Veure m\u00e9s&#8221; use_bg_overlay=&#8221;on&#8221; bg_overlay_color=&#8221;rgba(255,255,255,0.49)&#8221; _builder_version=&#8221;4.16&#8243; _module_preset=&#8221;default&#8221; header_font=&#8221;|600|||||||&#8221; background_enable_color=&#8221;off&#8221; background_image=&#8221;https:\/\/felixhotel.net\/wp-content\/uploads\/2020\/11\/IMG_1721-e1444502420633-scaled.jpg&#8221; background_enable_image=&#8221;on&#8221; parallax=&#8221;on&#8221; custom_button=&#8221;on&#8221; button_text_color=&#8221;#000000&#8243; text_orientation=&#8221;left&#8221; background_layout=&#8221;light&#8221; header_text_shadow_style=&#8221;preset1&#8243; body_text_shadow_style=&#8221;preset4&#8243; global_colors_info=&#8221;{}&#8221; sticky_transition=&#8221;on&#8221;]<\/p>\n<p>Allotjament en habitaci\u00f3 doble amb el sopar men\u00fa d&#8217;hotel, bufet d&#8217;esmorzar i dinar men\u00fa de cal\u00e7otada a Casa F\u00e8lix<\/p>\n<p>[\/et_pb_slide][et_pb_slide heading=&#8221;Escapada Rom\u00e0ntica %22Stay in Room%22&#8243; button_text=&#8221;Veure m\u00e9s&#8221; use_bg_overlay=&#8221;on&#8221; bg_overlay_color=&#8221;rgba(255,255,255,0.49)&#8221; _builder_version=&#8221;4.16&#8243; _module_preset=&#8221;default&#8221; header_font=&#8221;|600|||||||&#8221; background_enable_color=&#8221;off&#8221; background_image=&#8221;https:\/\/felixhotel.net\/wp-content\/uploads\/2020\/11\/Escapada-1.jpg&#8221; background_enable_image=&#8221;on&#8221; parallax=&#8221;on&#8221; custom_button=&#8221;on&#8221; button_text_color=&#8221;#000000&#8243; text_orientation=&#8221;left&#8221; background_layout=&#8221;light&#8221; header_text_shadow_style=&#8221;preset1&#8243; body_text_shadow_style=&#8221;preset4&#8243; global_colors_info=&#8221;{}&#8221; sticky_transition=&#8221;on&#8221;]<\/p>\n<p>Reserva la teva escapada rom\u00e0ntica i afegeix el sopar a l&#8217;habitaci\u00f3<\/p>\n<p>[\/et_pb_slide][et_pb_slide heading=&#8221;F\u00e8lix a Casa&#8221; button_text=&#8221;Veure m\u00e9s&#8221; use_bg_overlay=&#8221;on&#8221; bg_overlay_color=&#8221;rgba(255,255,255,0.49)&#8221; _builder_version=&#8221;4.16&#8243; _module_preset=&#8221;default&#8221; header_font=&#8221;|600|||||||&#8221; background_enable_color=&#8221;off&#8221; background_image=&#8221;https:\/\/felixhotel.net\/wp-content\/uploads\/2020\/11\/Felix-Plats-Bodego-172-1-scaled.jpg&#8221; background_enable_image=&#8221;on&#8221; parallax=&#8221;on&#8221; custom_button=&#8221;on&#8221; button_text_color=&#8221;#000000&#8243; text_orientation=&#8221;left&#8221; background_layout=&#8221;light&#8221; header_text_shadow_style=&#8221;preset1&#8243; body_text_shadow_style=&#8221;preset4&#8243; global_colors_info=&#8221;{}&#8221; sticky_transition=&#8221;on&#8221;]<\/p>\n<p>Aprofita el nostre servei de menjars per\u00a0<span class=\"hiddenGrammarError\" style=\"padding-bottom: 2px; background-image: url('..\/..\/..\/..\/..\/images\/squiggle.png'); background-repeat: repeat-x; background-position: left bottom; cursor: default; color: #666666; font-family: 'Open Sans', Helvetica, Arial, sans-serif; font-size: 16px; font-style: normal; font-variant-ligatures: normal; font-variant-caps: normal; font-weight: 300; letter-spacing: normal; orphans: 2; text-align: start; text-indent: 0px; text-transform: none; white-space: normal; widows: 2; word-spacing: 0px; -webkit-text-stroke-width: 0px; text-decoration-style: initial; text-decoration-color: initial;\">emportar<\/span>\u00a0i gaudeix del restaurant a casa<\/p>\n<p>[\/et_pb_slide][\/et_pb_fullwidth_slider][\/et_pb_section][et_pb_section fb_built=&#8221;1&#8243; admin_label=&#8221;Rooms&#8221; _builder_version=&#8221;4.16&#8243; custom_margin=&#8221;|||&#8221; custom_padding=&#8221;|||&#8221; global_colors_info=&#8221;{}&#8221;][et_pb_row column_structure=&#8221;1_2,1_6,1_6,1_6&#8243; _builder_version=&#8221;4.16&#8243; custom_margin=&#8221;40px|||&#8221; custom_padding=&#8221;60px|||&#8221; border_color_all=&#8221;#f5f5f5&#8243; border_width_top=&#8221;2px&#8221; global_colors_info=&#8221;{}&#8221;][et_pb_column type=&#8221;1_2&#8243; _builder_version=&#8221;4.16&#8243; custom_padding=&#8221;|||&#8221; global_colors_info=&#8221;{}&#8221; custom_padding__hover=&#8221;|||&#8221;][et_pb_text _builder_version=&#8221;4.17.0&#8243; text_font=&#8221;||||||||&#8221; text_font_size=&#8221;16px&#8221; text_line_height=&#8221;2em&#8221; link_text_color=&#8221;#DFB758&#8243; header_font=&#8221;Raleway|700|||||||&#8221; header_font_size=&#8221;50px&#8221; header_line_height=&#8221;1.2em&#8221; header_2_font=&#8221;Raleway|700|||||||&#8221; header_2_font_size=&#8221;50px&#8221; header_2_line_height=&#8221;1.2em&#8221; header_6_font=&#8221;Raleway|700||on|||||&#8221; header_6_font_size=&#8221;16px&#8221; header_6_letter_spacing=&#8221;5px&#8221; header_6_line_height=&#8221;1.8em&#8221; max_width=&#8221;512px&#8221; max_width_last_edited=&#8221;off|desktop&#8221; hover_enabled=&#8221;0&#8243; header_2_font_size_tablet=&#8221;35px&#8221; header_2_font_size_phone=&#8221;25px&#8221; header_2_font_size_last_edited=&#8221;on|phone&#8221; global_colors_info=&#8221;{}&#8221; sticky_enabled=&#8221;0&#8243;]<\/p>\n<h6>Descobreix les nostres<\/h6>\n<h1>\u00daltimes novetats<\/h1>\n<p>Aqu\u00ed trobar\u00e0s les \u00faltimes novetats d&#8217;<a href=\"\/ca\/\">Hotel F\u00e8lix<\/a>, receptes diferents fetes per <a href=\"\/ca\/restaurant-a-valls\/\">Restaurant F\u00e8lix<\/a>, rutes, activitats per gaudir del <a href=\"\/ca\/enoturisme-a-tarragona\/\">enoturisme a Tarragona<\/a> o llocs d&#8217;inter\u00e8s per visitar en l&#8217;entorn de Valls i molt m\u00e9s.<\/p>\n<p>[\/et_pb_text][\/et_pb_column][et_pb_column type=&#8221;1_6&#8243; _builder_version=&#8221;4.16&#8243; custom_padding=&#8221;|||&#8221; global_colors_info=&#8221;{}&#8221; custom_padding__hover=&#8221;|||&#8221;][\/et_pb_column][et_pb_column type=&#8221;1_6&#8243; _builder_version=&#8221;4.16&#8243; custom_padding=&#8221;|||&#8221; global_colors_info=&#8221;{}&#8221; custom_padding__hover=&#8221;|||&#8221;][\/et_pb_column][et_pb_column type=&#8221;1_6&#8243; _builder_version=&#8221;4.16&#8243; custom_padding=&#8221;|||&#8221; global_colors_info=&#8221;{}&#8221; custom_padding__hover=&#8221;|||&#8221;][\/et_pb_column][\/et_pb_row][\/et_pb_section][et_pb_section fb_built=&#8221;1&#8243; _builder_version=&#8221;4.16&#8243; _module_preset=&#8221;default&#8221; global_colors_info=&#8221;{}&#8221;][et_pb_row _builder_version=&#8221;4.16&#8243; _module_preset=&#8221;default&#8221; hover_enabled=&#8221;0&#8243; global_colors_info=&#8221;{}&#8221; sticky_enabled=&#8221;0&#8243;][et_pb_column type=&#8221;4_4&#8243; _builder_version=&#8221;4.16&#8243; _module_preset=&#8221;default&#8221; global_colors_info=&#8221;{}&#8221;][et_pb_blog fullwidth=&#8221;off&#8221; posts_number=&#8221;100&#8243; include_categories=&#8221;all&#8221; show_more=&#8221;on&#8221; show_author=&#8221;off&#8221; show_date=&#8221;off&#8221; show_categories=&#8221;off&#8221; _builder_version=&#8221;4.18.0&#8243; _module_preset=&#8221;default&#8221; read_more_text_color=&#8221;#DFB758&#8243; hover_enabled=&#8221;0&#8243; global_colors_info=&#8221;{}&#8221; header_font=&#8221;|700|||||||&#8221; sticky_enabled=&#8221;0&#8243;][\/et_pb_blog][\/et_pb_column][\/et_pb_row][\/et_pb_section][et_pb_section fb_built=&#8221;1&#8243; _builder_version=&#8221;4.7.4&#8243; _module_preset=&#8221;default&#8221; background_color=&#8221;#282828&#8243; custom_padding=&#8221;0px|0px|0px|0px|false|false&#8221; global_module=&#8221;913&#8243; saved_tabs=&#8221;all&#8221; global_colors_info=&#8221;{}&#8221;][et_pb_row use_custom_gutter=&#8221;on&#8221; _builder_version=&#8221;4.16&#8243; _module_preset=&#8221;default&#8221; width=&#8221;100%&#8221; max_width=&#8221;100%&#8221; custom_margin=&#8221;0px||||false|false&#8221; custom_padding=&#8221;0px||||false|false&#8221; global_colors_info=&#8221;{}&#8221;][et_pb_column type=&#8221;4_4&#8243; _builder_version=&#8221;4.16&#8243; _module_preset=&#8221;default&#8221; global_colors_info=&#8221;{}&#8221;][et_pb_text _builder_version=&#8221;4.16&#8243; _module_preset=&#8221;default&#8221; text_text_color=&#8221;#ffffff&#8221; text_font_size=&#8221;24px&#8221; text_orientation=&#8221;center&#8221; custom_margin=&#8221;0px||||false|false&#8221; custom_padding=&#8221;40px||||false|false&#8221; global_colors_info=&#8221;{}&#8221;][\/et_pb_text][et_pb_map address=&#8221;Espa\u00f1a&#8221; zoom_level=&#8221;15&#8243; address_lat=&#8221;41.268573218603&#8243; address_lng=&#8221;1.2459009657014&#8243; mouse_wheel=&#8221;off&#8221; mobile_dragging=&#8221;off&#8221; use_grayscale_filter=&#8221;on&#8221; _builder_version=&#8221;4.16&#8243; _module_preset=&#8221;default&#8221; custom_margin=&#8221;0px||||false|false&#8221; custom_padding=&#8221;0px||||false|false&#8221; filter_hue_rotate=&#8221;75deg&#8221; filter_saturate=&#8221;11%&#8221; filter_brightness=&#8221;94%&#8221; filter_contrast=&#8221;78%&#8221; filter_sepia=&#8221;10%&#8221; global_colors_info=&#8221;{}&#8221;][et_pb_map_pin title=&#8221;F\u00e8lix Hotel&#8221; pin_address=&#8221;N-240, 17, 43800 Valls, Tarragona&#8221; zoom_level=&#8221;16&#8243; pin_address_lat=&#8221;41.267033501375&#8243; pin_address_lng=&#8221;1.2483429908752&#8243; _builder_version=&#8221;4.8.2&#8243; _module_preset=&#8221;default&#8221; global_colors_info=&#8221;{}&#8221;]<\/p>\n<p style=\"text-align: center;\"><a href=\"https:\/\/www.google.com\/maps\/place\/FELIX+HOTEL\/@41.2669387,1.2483628,15z\/data=!4m8!3m7!1s0x0:0xe204cb95c116a403!5m2!4m1!1i2!8m2!3d41.2669387!4d1.2483628\" target=\"_blank\" rel=\"noopener\">Cliqueu per veure a google maps<\/a><\/p>\n<p>[\/et_pb_map_pin][\/et_pb_map][\/et_pb_column][\/et_pb_row][et_pb_row _builder_version=&#8221;4.16&#8243; _module_preset=&#8221;default&#8221; custom_padding=&#8221;0px||0px||false|false&#8221; global_colors_info=&#8221;{}&#8221;][et_pb_column type=&#8221;4_4&#8243; _builder_version=&#8221;4.16&#8243; _module_preset=&#8221;default&#8221; global_colors_info=&#8221;{}&#8221;][et_pb_text _builder_version=&#8221;4.16&#8243; _module_preset=&#8221;default&#8221; text_font=&#8221;Poppins|200|||||||&#8221; text_text_color=&#8221;#ffffff&#8221; header_3_font=&#8221;Poppins||||||||&#8221; header_3_text_color=&#8221;#ffffff&#8221; custom_margin=&#8221;0px|0px|0px|0px|false|false&#8221; custom_padding=&#8221;0px|0px|0px|0px|false|false&#8221; global_colors_info=&#8221;{}&#8221;]<\/p>\n<h3 style=\"text-align: center;\">Projecte Leader<\/h3>\n<p style=\"text-align: center;\">Millora de les habitacions VINCULADES A LES EXPERI\u00c8NCIES TUR\u00cdSTIQUES I AGROALIMENT\u00c0RIES<\/p>\n<p style=\"text-align: center;\">Operaci\u00f3: Implementaci\u00f3 d&#8217;Estrat\u00e8gies de Desenvolupament Local<\/p>\n<p>[\/et_pb_text][\/et_pb_column][\/et_pb_row][et_pb_row column_structure=&#8221;1_3,1_3,1_3&#8243; _builder_version=&#8221;4.16&#8243; _module_preset=&#8221;default&#8221; custom_padding=&#8221;0px||0px||false|false&#8221; global_colors_info=&#8221;{}&#8221;][et_pb_column type=&#8221;1_3&#8243; _builder_version=&#8221;4.16&#8243; _module_preset=&#8221;default&#8221; global_colors_info=&#8221;{}&#8221;][\/et_pb_column][et_pb_column type=&#8221;1_3&#8243; _builder_version=&#8221;4.16&#8243; _module_preset=&#8221;default&#8221; global_colors_info=&#8221;{}&#8221;][et_pb_image src=&#8221;https:\/\/felixhotel.net\/wp-content\/uploads\/2020\/12\/logo-leader-transparent-blanco.png&#8221; title_text=&#8221;logo-leader-transparent-blanco&#8221; align=&#8221;center&#8221; _builder_version=&#8221;4.16&#8243; _module_preset=&#8221;default&#8221; global_colors_info=&#8221;{}&#8221;][\/et_pb_image][\/et_pb_column][et_pb_column type=&#8221;1_3&#8243; _builder_version=&#8221;4.16&#8243; _module_preset=&#8221;default&#8221; global_colors_info=&#8221;{}&#8221;][\/et_pb_column][\/et_pb_row][et_pb_row _builder_version=&#8221;4.16&#8243; _module_preset=&#8221;default&#8221; custom_padding=&#8221;0px||0px||false|false&#8221; global_colors_info=&#8221;{}&#8221;][et_pb_column type=&#8221;4_4&#8243; _builder_version=&#8221;4.16&#8243; _module_preset=&#8221;default&#8221; global_colors_info=&#8221;{}&#8221;][et_pb_text _builder_version=&#8221;4.16&#8243; _module_preset=&#8221;default&#8221; text_font=&#8221;Poppins|300|||||||&#8221; text_text_color=&#8221;#ffffff&#8221; custom_padding=&#8221;0px||0px||false|false&#8221; global_colors_info=&#8221;{}&#8221;]<\/p>\n<p style=\"text-align: center;\">\u00a0Actuaci\u00f3 de el Programa de Desenvolupament Rural de Catalunya, 2014-2020, cofinan\u00e7at per:<\/p>\n<p style=\"text-align: center;\">[\/et_pb_text][\/et_pb_column][\/et_pb_row][et_pb_row column_structure=&#8221;1_4,1_4,1_4,1_4&#8243; _builder_version=&#8221;4.16&#8243; _module_preset=&#8221;default&#8221; custom_padding=&#8221;0px||0px||false|false&#8221; global_colors_info=&#8221;{}&#8221;][et_pb_column type=&#8221;1_4&#8243; _builder_version=&#8221;4.16&#8243; _module_preset=&#8221;default&#8221; global_colors_info=&#8221;{}&#8221;][\/et_pb_column][et_pb_column type=&#8221;1_4&#8243; _builder_version=&#8221;4.16&#8243; _module_preset=&#8221;default&#8221; global_colors_info=&#8221;{}&#8221;][et_pb_image src=&#8221;https:\/\/felixhotel.net\/wp-content\/uploads\/2020\/12\/fonsEuropeuAgricoladeDesenvolupamentRural-blan.png&#8221; title_text=&#8221;fonsEuropeuAgricoladeDesenvolupamentRural-blan&#8221; align=&#8221;center&#8221; _builder_version=&#8221;4.16&#8243; _module_preset=&#8221;default&#8221; global_colors_info=&#8221;{}&#8221;][\/et_pb_image][\/et_pb_column][et_pb_column type=&#8221;1_4&#8243; _builder_version=&#8221;4.16&#8243; _module_preset=&#8221;default&#8221; global_colors_info=&#8221;{}&#8221;][et_pb_image src=&#8221;https:\/\/felixhotel.net\/wp-content\/uploads\/2020\/12\/generalitadecatalunya-blan.png&#8221; title_text=&#8221;generalitadecatalunya-blan&#8221; _builder_version=&#8221;4.16&#8243; _module_preset=&#8221;default&#8221; global_colors_info=&#8221;{}&#8221;][\/et_pb_image][\/et_pb_column][et_pb_column type=&#8221;1_4&#8243; _builder_version=&#8221;4.16&#8243; _module_preset=&#8221;default&#8221; global_colors_info=&#8221;{}&#8221;][\/et_pb_column][\/et_pb_row][et_pb_row column_structure=&#8221;1_4,1_4,1_4,1_4&#8243; _builder_version=&#8221;4.16&#8243; _module_preset=&#8221;default&#8221; custom_padding=&#8221;||0px||false|false&#8221; global_colors_info=&#8221;{}&#8221;][et_pb_column type=&#8221;1_4&#8243; _builder_version=&#8221;4.16&#8243; _module_preset=&#8221;default&#8221; global_colors_info=&#8221;{}&#8221;][\/et_pb_column][et_pb_column type=&#8221;1_4&#8243; _builder_version=&#8221;4.16&#8243; _module_preset=&#8221;default&#8221; global_colors_info=&#8221;{}&#8221;][et_pb_image src=&#8221;https:\/\/felixhotel.net\/wp-content\/uploads\/2020\/11\/Tripadvisor-Logo.png&#8221; title_text=&#8221;Tripadvisor-Logo&#8221; align=&#8221;center&#8221; _builder_version=&#8221;4.16&#8243; _module_preset=&#8221;default&#8221; global_colors_info=&#8221;{}&#8221;][\/et_pb_image][\/et_pb_column][et_pb_column type=&#8221;1_4&#8243; _builder_version=&#8221;4.16&#8243; _module_preset=&#8221;default&#8221; global_colors_info=&#8221;{}&#8221;][et_pb_image src=&#8221;https:\/\/felixhotel.net\/wp-content\/uploads\/2020\/11\/bodasnet.png&#8221; title_text=&#8221;bodasnet&#8221; align=&#8221;center&#8221; _builder_version=&#8221;4.16&#8243; _module_preset=&#8221;default&#8221; global_colors_info=&#8221;{}&#8221;][\/et_pb_image][\/et_pb_column][et_pb_column type=&#8221;1_4&#8243; _builder_version=&#8221;4.16&#8243; _module_preset=&#8221;default&#8221; global_colors_info=&#8221;{}&#8221;][\/et_pb_column][\/et_pb_row][et_pb_row _builder_version=&#8221;4.16&#8243; _module_preset=&#8221;default&#8221; global_colors_info=&#8221;{}&#8221;][et_pb_column type=&#8221;4_4&#8243; _builder_version=&#8221;4.16&#8243; _module_preset=&#8221;default&#8221; global_colors_info=&#8221;{}&#8221;][et_pb_text _builder_version=&#8221;4.16&#8243; _module_preset=&#8221;default&#8221; text_font=&#8221;Poppins|300|||||||&#8221; text_text_color=&#8221;#ffffff&#8221; text_orientation=&#8221;center&#8221; global_colors_info=&#8221;{}&#8221;]<\/p>\n<p><span>Carretera N-240 KM.17<\/span><span>43800 Valls, Tarragona<\/span><span>GPS: 41\u00ba16\u201901.58\u2019\u2019 N<\/span><span>1\u00ba14\u201952.22\u2019\u2019 E<\/span><\/p>\n<p>[\/et_pb_text][\/et_pb_column][\/et_pb_row][et_pb_row use_custom_gutter=&#8221;on&#8221; gutter_width=&#8221;1&#8243; _builder_version=&#8221;4.16&#8243; _module_preset=&#8221;default&#8221; width=&#8221;100%&#8221; max_width=&#8221;100%&#8221; global_colors_info=&#8221;{}&#8221;][et_pb_column type=&#8221;4_4&#8243; _builder_version=&#8221;4.16&#8243; _module_preset=&#8221;default&#8221; global_colors_info=&#8221;{}&#8221;][et_pb_divider color=&#8221;rgba(255,255,255,0.4)&#8221; _builder_version=&#8221;4.16&#8243; _module_preset=&#8221;default&#8221; global_colors_info=&#8221;{}&#8221;][\/et_pb_divider][\/et_pb_column][\/et_pb_row][et_pb_row column_structure=&#8221;1_2,1_2&#8243; _builder_version=&#8221;4.16&#8243; _module_preset=&#8221;default&#8221; locked=&#8221;off&#8221; global_colors_info=&#8221;{}&#8221;][et_pb_column type=&#8221;1_2&#8243; _builder_version=&#8221;4.16&#8243; _module_preset=&#8221;default&#8221; global_colors_info=&#8221;{}&#8221;][et_pb_image src=&#8221;https:\/\/felixhotel.net\/wp-content\/uploads\/2020\/11\/logo-felix-hotel.png&#8221; title_text=&#8221;Logo Felix Hotel&#8221; _builder_version=&#8221;4.16&#8243; _module_preset=&#8221;default&#8221; global_colors_info=&#8221;{}&#8221;][\/et_pb_image][\/et_pb_column][et_pb_column type=&#8221;1_2&#8243; _builder_version=&#8221;4.16&#8243; _module_preset=&#8221;default&#8221; global_colors_info=&#8221;{}&#8221;][et_pb_text _builder_version=&#8221;4.16&#8243; _module_preset=&#8221;default&#8221; text_text_color=&#8221;#FFFFFF&#8221; global_colors_info=&#8221;{}&#8221;]<\/p>\n<p>Felix Hotel, el teu <a href=\"https:\/\/felixhotel.net\/ca\/\">Hotel en Tarragona<\/a>. Gaudeix de les nostres escapades a Tarragona i les nostres habitacions amb jacuzzi. Tamb\u00e9 podr\u00e0s gaudir del nostre <a href=\"https:\/\/felixhotel.net\/ca\/restaurant-a-valls\/\">restaurant a Valls<\/a>, innovaci\u00f3 i tradici\u00f3 s\u2019uneixen a la nostra cuina. Gaudeix de l\u2019aut\u00e8ntica\u00a0 <a href=\"https:\/\/felixhotel.net\/ca\/calcotada-a-valls\/\">cal\u00e7otada a Tarragona<\/a>. Per \u00faltim, i no menys important, descobreix el nostre <a href=\"https:\/\/felixhotel.net\/ca\/esdeveniments-a-tarragona\/\">catering<\/a> a Tarragona, \u00a0organitzaci\u00f3 d\u2019esdeveniments a Tarragona.<\/p>\n<p>[\/et_pb_text][\/et_pb_column][\/et_pb_row][\/et_pb_section]<\/p>\n","protected":false},"excerpt":{"rendered":"<p>Allotjament en habitaci\u00f3 doble amb el sopar men\u00fa d&#8217;hotel, bufet d&#8217;esmorzar i dinar men\u00fa de cal\u00e7otada a Casa F\u00e8lixReserva la teva escapada rom\u00e0ntica i afegeix el sopar a l&#8217;habitaci\u00f3Aprofita el nostre servei de menjars per\u00a0emportar\u00a0i gaudeix del restaurant a casaDescobreix les nostres \u00daltimes novetats Aqu\u00ed trobar\u00e0s les \u00faltimes novetats d&#8217;Hotel F\u00e8lix, receptes diferents fetes per [&hellip;]<\/p>\n","protected":false},"author":8,"featured_media":0,"parent":2698,"menu_order":0,"comment_status":"closed","ping_status":"closed","template":"","meta":{"_et_pb_use_builder":"on","_et_pb_old_content":"","_et_gb_content_width":"","footnotes":""},"class_list":["post-7043","page","type-page","status-publish","hentry"],"yoast_head":"<!-- This site is optimized with the Yoast SEO plugin v25.0 - https:\/\/yoast.com\/wordpress\/plugins\/seo\/ -->\n<title>El Blog de Casa F\u00e8lix: Rutes, receptes, llocs d&#039;inter\u00e9s y m\u00e9s | Hotel F\u00e8lix<\/title>\n<meta name=\"description\" content=\"Descobreix el bloc d&#039;Hotel F\u00e8lix on trobar\u00e0s receptes especials, rutes o llocs d&#039;inter\u00e8s pel nostre entorn i les \u00faltimes novetats.\" \/>\n<meta name=\"robots\" content=\"index, follow, max-snippet:-1, max-image-preview:large, max-video-preview:-1\" \/>\n<link rel=\"canonical\" href=\"https:\/\/felixhotel.net\/ca\/hotel\/blog\/\" \/>\n<meta property=\"og:locale\" content=\"ca_ES\" \/>\n<meta property=\"og:type\" content=\"article\" \/>\n<meta property=\"og:title\" content=\"El Blog de Casa F\u00e8lix: Rutes, receptes, llocs d&#039;inter\u00e9s y m\u00e9s | Hotel F\u00e8lix\" \/>\n<meta property=\"og:description\" content=\"Descobreix el bloc d&#039;Hotel F\u00e8lix on trobar\u00e0s receptes especials, rutes o llocs d&#039;inter\u00e8s pel nostre entorn i les \u00faltimes novetats.\" \/>\n<meta property=\"og:url\" content=\"https:\/\/felixhotel.net\/ca\/hotel\/blog\/\" \/>\n<meta property=\"og:site_name\" content=\"F\u00e8lix Hotel\" \/>\n<meta property=\"article:modified_time\" content=\"2022-10-18T14:10:39+00:00\" \/>\n<meta name=\"twitter:card\" content=\"summary_large_image\" \/>\n<meta name=\"twitter:label1\" content=\"Temps estimat de lectura\" \/>\n\t<meta name=\"twitter:data1\" content=\"4 minuts\" \/>\n<script type=\"application\/ld+json\" class=\"yoast-schema-graph\">{\"@context\":\"https:\/\/schema.org\",\"@graph\":[{\"@type\":\"WebPage\",\"@id\":\"https:\/\/felixhotel.net\/ca\/hotel\/blog\/\",\"url\":\"https:\/\/felixhotel.net\/ca\/hotel\/blog\/\",\"name\":\"El Blog de Casa F\u00e8lix: Rutes, receptes, llocs d'inter\u00e9s y m\u00e9s | Hotel F\u00e8lix\",\"isPartOf\":{\"@id\":\"https:\/\/felixhotel.net\/ca\/#website\"},\"datePublished\":\"2021-05-25T12:06:31+00:00\",\"dateModified\":\"2022-10-18T14:10:39+00:00\",\"description\":\"Descobreix el bloc d'Hotel F\u00e8lix on trobar\u00e0s receptes especials, rutes o llocs d'inter\u00e8s pel nostre entorn i les \u00faltimes novetats.\",\"breadcrumb\":{\"@id\":\"https:\/\/felixhotel.net\/ca\/hotel\/blog\/#breadcrumb\"},\"inLanguage\":\"ca\",\"potentialAction\":[{\"@type\":\"ReadAction\",\"target\":[\"https:\/\/felixhotel.net\/ca\/hotel\/blog\/\"]}]},{\"@type\":\"BreadcrumbList\",\"@id\":\"https:\/\/felixhotel.net\/ca\/hotel\/blog\/#breadcrumb\",\"itemListElement\":[{\"@type\":\"ListItem\",\"position\":1,\"name\":\"Hotel\",\"item\":\"https:\/\/felixhotel.net\/ca\/\"},{\"@type\":\"ListItem\",\"position\":2,\"name\":\"Blog\"}]},{\"@type\":\"WebSite\",\"@id\":\"https:\/\/felixhotel.net\/ca\/#website\",\"url\":\"https:\/\/felixhotel.net\/ca\/\",\"name\":\"F\u00e8lix Hotel\",\"description\":\"Hotel en Valls\",\"potentialAction\":[{\"@type\":\"SearchAction\",\"target\":{\"@type\":\"EntryPoint\",\"urlTemplate\":\"https:\/\/felixhotel.net\/ca\/?s={search_term_string}\"},\"query-input\":{\"@type\":\"PropertyValueSpecification\",\"valueRequired\":true,\"valueName\":\"search_term_string\"}}],\"inLanguage\":\"ca\"}]}<\/script>\n<!-- \/ Yoast SEO plugin. -->","yoast_head_json":{"title":"El Blog de Casa F\u00e8lix: Rutes, receptes, llocs d'inter\u00e9s y m\u00e9s | Hotel F\u00e8lix","description":"Descobreix el bloc d'Hotel F\u00e8lix on trobar\u00e0s receptes especials, rutes o llocs d'inter\u00e8s pel nostre entorn i les \u00faltimes novetats.","robots":{"index":"index","follow":"follow","max-snippet":"max-snippet:-1","max-image-preview":"max-image-preview:large","max-video-preview":"max-video-preview:-1"},"canonical":"https:\/\/felixhotel.net\/ca\/hotel\/blog\/","og_locale":"ca_ES","og_type":"article","og_title":"El Blog de Casa F\u00e8lix: Rutes, receptes, llocs d'inter\u00e9s y m\u00e9s | Hotel F\u00e8lix","og_description":"Descobreix el bloc d'Hotel F\u00e8lix on trobar\u00e0s receptes especials, rutes o llocs d'inter\u00e8s pel nostre entorn i les \u00faltimes novetats.","og_url":"https:\/\/felixhotel.net\/ca\/hotel\/blog\/","og_site_name":"F\u00e8lix Hotel","article_modified_time":"2022-10-18T14:10:39+00:00","twitter_card":"summary_large_image","twitter_misc":{"Temps estimat de lectura":"4 minuts"},"schema":{"@context":"https:\/\/schema.org","@graph":[{"@type":"WebPage","@id":"https:\/\/felixhotel.net\/ca\/hotel\/blog\/","url":"https:\/\/felixhotel.net\/ca\/hotel\/blog\/","name":"El Blog de Casa F\u00e8lix: Rutes, receptes, llocs d'inter\u00e9s y m\u00e9s | Hotel F\u00e8lix","isPartOf":{"@id":"https:\/\/felixhotel.net\/ca\/#website"},"datePublished":"2021-05-25T12:06:31+00:00","dateModified":"2022-10-18T14:10:39+00:00","description":"Descobreix el bloc d'Hotel F\u00e8lix on trobar\u00e0s receptes especials, rutes o llocs d'inter\u00e8s pel nostre entorn i les \u00faltimes novetats.","breadcrumb":{"@id":"https:\/\/felixhotel.net\/ca\/hotel\/blog\/#breadcrumb"},"inLanguage":"ca","potentialAction":[{"@type":"ReadAction","target":["https:\/\/felixhotel.net\/ca\/hotel\/blog\/"]}]},{"@type":"BreadcrumbList","@id":"https:\/\/felixhotel.net\/ca\/hotel\/blog\/#breadcrumb","itemListElement":[{"@type":"ListItem","position":1,"name":"Hotel","item":"https:\/\/felixhotel.net\/ca\/"},{"@type":"ListItem","position":2,"name":"Blog"}]},{"@type":"WebSite","@id":"https:\/\/felixhotel.net\/ca\/#website","url":"https:\/\/felixhotel.net\/ca\/","name":"F\u00e8lix Hotel","description":"Hotel en Valls","potentialAction":[{"@type":"SearchAction","target":{"@type":"EntryPoint","urlTemplate":"https:\/\/felixhotel.net\/ca\/?s={search_term_string}"},"query-input":{"@type":"PropertyValueSpecification","valueRequired":true,"valueName":"search_term_string"}}],"inLanguage":"ca"}]}},"_links":{"self":[{"href":"https:\/\/felixhotel.net\/ca\/wp-json\/wp\/v2\/pages\/7043","targetHints":{"allow":["GET"]}}],"collection":[{"href":"https:\/\/felixhotel.net\/ca\/wp-json\/wp\/v2\/pages"}],"about":[{"href":"https:\/\/felixhotel.net\/ca\/wp-json\/wp\/v2\/types\/page"}],"author":[{"embeddable":true,"href":"https:\/\/felixhotel.net\/ca\/wp-json\/wp\/v2\/users\/8"}],"replies":[{"embeddable":true,"href":"https:\/\/felixhotel.net\/ca\/wp-json\/wp\/v2\/comments?post=7043"}],"version-history":[{"count":0,"href":"https:\/\/felixhotel.net\/ca\/wp-json\/wp\/v2\/pages\/7043\/revisions"}],"up":[{"embeddable":true,"href":"https:\/\/felixhotel.net\/ca\/wp-json\/wp\/v2\/pages\/2698"}],"wp:attachment":[{"href":"https:\/\/felixhotel.net\/ca\/wp-json\/wp\/v2\/media?parent=7043"}],"curies":[{"name":"wp","href":"https:\/\/api.w.org\/{rel}","templated":true}]}}