{"id":2829,"date":"2021-01-13T19:48:30","date_gmt":"2021-01-13T19:48:30","guid":{"rendered":"https:\/\/felixhotel.net\/instalacio\/carta-room-service\/"},"modified":"2021-01-13T19:48:30","modified_gmt":"2021-01-13T19:48:30","slug":"carta-room-service","status":"publish","type":"page","link":"https:\/\/felixhotel.net\/ca\/instalacio\/carta-room-service\/","title":{"rendered":"Carta Room Service"},"content":{"rendered":"<p>[et_pb_section fb_built=&#8221;1&#8243; _builder_version=&#8221;4.7.4&#8243; _module_preset=&#8221;default&#8221;][et_pb_row _builder_version=&#8221;4.7.4&#8243; _module_preset=&#8221;default&#8221; hover_enabled=&#8221;0&#8243; sticky_enabled=&#8221;0&#8243;][et_pb_column type=&#8221;4_4&#8243; _builder_version=&#8221;4.7.4&#8243; _module_preset=&#8221;default&#8221;][et_pb_button button_url=&#8221;\/wp-content\/uploads\/2020\/12\/ROOM-SERVICE-CAT_CAST-1.pdf&#8221; url_new_window=&#8221;on&#8221; button_text=&#8221; VEURE CARTA \/ VER CARTA&#8221; _builder_version=&#8221;4.7.4&#8243; _module_preset=&#8221;default&#8221; hover_enabled=&#8221;0&#8243; sticky_enabled=&#8221;0&#8243; custom_button=&#8221;on&#8221; button_border_color=&#8221;#1d428a&#8221; button_text_color=&#8221;#1d428a&#8221; button_alignment=&#8221;center&#8221;][\/et_pb_button][\/et_pb_column][\/et_pb_row][et_pb_row _builder_version=&#8221;4.7.4&#8243; _module_preset=&#8221;default&#8221; column_structure=&#8221;1_2,1_2&#8243; hover_enabled=&#8221;0&#8243; sticky_enabled=&#8221;0&#8243;][et_pb_column _builder_version=&#8221;4.7.4&#8243; _module_preset=&#8221;default&#8221; type=&#8221;1_2&#8243;][et_pb_text _builder_version=&#8221;4.7.4&#8243; _module_preset=&#8221;default&#8221; hover_enabled=&#8221;0&#8243; sticky_enabled=&#8221;0&#8243; text_orientation=&#8221;right&#8221; text_orientation_last_edited=&#8221;on|desktop&#8221; text_orientation_phone=&#8221;center&#8221; text_orientation_tablet=&#8221;center&#8221;]<\/p>\n<h3>INFORMACI\u00d3 DE L\u2019HOTEL<\/h3>\n<p>Tel\u00e8fon de Recepci\u00f3: 400<br \/> Codi d\u2019acc\u00e9s nocturn B2355B<br \/> WiFi obert sense contrasenya<br \/> Esmorzar de 7h a 10:30h<br \/> Dinars de 13h a 16h<br \/> Sopars de 20:00h a 22:30h<\/p>\n<p>[\/et_pb_text][\/et_pb_column][et_pb_column _builder_version=&#8221;4.7.4&#8243; _module_preset=&#8221;default&#8221; type=&#8221;1_2&#8243; hover_enabled=&#8221;0&#8243; sticky_enabled=&#8221;0&#8243;][et_pb_text _builder_version=&#8221;4.7.4&#8243; _module_preset=&#8221;default&#8221; hover_enabled=&#8221;0&#8243; sticky_enabled=&#8221;0&#8243; text_orientation_last_edited=&#8221;on|desktop&#8221; text_orientation_tablet=&#8221;center&#8221;]<\/p>\n<h3>INFORMACI\u00d3N DEL HOTEL<\/h3>\n<p>Tel\u00e9fono de Recepci\u00f3n: 400<br \/> Codigo de acceso nocturno B2355B<br \/> WiFi abierto y sin contrase\u00f1a<br \/> Desayunos de 7h a 10:30h<br \/> Comidas de 13h a 16h<br \/> Cenas de 20:00h a 22:30h<\/p>\n<p>[\/et_pb_text][\/et_pb_column][\/et_pb_row][\/et_pb_section]<\/p>\n","protected":false},"excerpt":{"rendered":"<p>INFORMACI\u00d3 DE L\u2019HOTEL Tel\u00e8fon de Recepci\u00f3: 400 Codi d\u2019acc\u00e9s nocturn B2355B WiFi obert sense contrasenya Esmorzar de 7h a 10:30h Dinars de 13h a 16h Sopars de 20:00h a 22:30h INFORMACI\u00d3N DEL HOTEL Tel\u00e9fono de Recepci\u00f3n: 400 Codigo de acceso nocturno B2355B WiFi abierto y sin contrase\u00f1a Desayunos de 7h a 10:30h Comidas de 13h [&hellip;]<\/p>\n","protected":false},"author":1,"featured_media":0,"parent":2824,"menu_order":0,"comment_status":"closed","ping_status":"closed","template":"","meta":{"_et_pb_use_builder":"on","_et_pb_old_content":"","_et_gb_content_width":"","footnotes":""},"class_list":["post-2829","page","type-page","status-publish","hentry"],"yoast_head":"<!-- This site is optimized with the Yoast SEO plugin v25.0 - https:\/\/yoast.com\/wordpress\/plugins\/seo\/ -->\n<title>Carta Room Service - F\u00e8lix Hotel<\/title>\n<meta name=\"robots\" content=\"index, follow, max-snippet:-1, max-image-preview:large, max-video-preview:-1\" \/>\n<link rel=\"canonical\" href=\"https:\/\/felixhotel.net\/ca\/instalacio\/carta-room-service\/\" \/>\n<meta property=\"og:locale\" content=\"ca_ES\" \/>\n<meta property=\"og:type\" content=\"article\" \/>\n<meta property=\"og:title\" content=\"Carta Room Service - F\u00e8lix Hotel\" \/>\n<meta property=\"og:description\" content=\"INFORMACI\u00d3 DE L\u2019HOTEL Tel\u00e8fon de Recepci\u00f3: 400 Codi d\u2019acc\u00e9s nocturn B2355B WiFi obert sense contrasenya Esmorzar de 7h a 10:30h Dinars de 13h a 16h Sopars de 20:00h a 22:30h INFORMACI\u00d3N DEL HOTEL Tel\u00e9fono de Recepci\u00f3n: 400 Codigo de acceso nocturno B2355B WiFi abierto y sin contrase\u00f1a Desayunos de 7h a 10:30h Comidas de 13h [&hellip;]\" \/>\n<meta property=\"og:url\" content=\"https:\/\/felixhotel.net\/ca\/instalacio\/carta-room-service\/\" \/>\n<meta property=\"og:site_name\" content=\"F\u00e8lix Hotel\" \/>\n<meta name=\"twitter:card\" content=\"summary_large_image\" \/>\n<meta name=\"twitter:label1\" content=\"Temps estimat de lectura\" \/>\n\t<meta name=\"twitter:data1\" content=\"1 minut\" \/>\n<script type=\"application\/ld+json\" class=\"yoast-schema-graph\">{\"@context\":\"https:\/\/schema.org\",\"@graph\":[{\"@type\":\"WebPage\",\"@id\":\"https:\/\/felixhotel.net\/ca\/instalacio\/carta-room-service\/\",\"url\":\"https:\/\/felixhotel.net\/ca\/instalacio\/carta-room-service\/\",\"name\":\"Carta Room Service - F\u00e8lix Hotel\",\"isPartOf\":{\"@id\":\"https:\/\/felixhotel.net\/ca\/#website\"},\"datePublished\":\"2021-01-13T19:48:30+00:00\",\"breadcrumb\":{\"@id\":\"https:\/\/felixhotel.net\/ca\/instalacio\/carta-room-service\/#breadcrumb\"},\"inLanguage\":\"ca\",\"potentialAction\":[{\"@type\":\"ReadAction\",\"target\":[\"https:\/\/felixhotel.net\/ca\/instalacio\/carta-room-service\/\"]}]},{\"@type\":\"BreadcrumbList\",\"@id\":\"https:\/\/felixhotel.net\/ca\/instalacio\/carta-room-service\/#breadcrumb\",\"itemListElement\":[{\"@type\":\"ListItem\",\"position\":1,\"name\":\"Instalaci\u00f3\",\"item\":\"https:\/\/felixhotel.net\/ca\/instalacio\/\"},{\"@type\":\"ListItem\",\"position\":2,\"name\":\"Carta Room Service\"}]},{\"@type\":\"WebSite\",\"@id\":\"https:\/\/felixhotel.net\/ca\/#website\",\"url\":\"https:\/\/felixhotel.net\/ca\/\",\"name\":\"F\u00e8lix Hotel\",\"description\":\"Hotel en Valls\",\"potentialAction\":[{\"@type\":\"SearchAction\",\"target\":{\"@type\":\"EntryPoint\",\"urlTemplate\":\"https:\/\/felixhotel.net\/ca\/?s={search_term_string}\"},\"query-input\":{\"@type\":\"PropertyValueSpecification\",\"valueRequired\":true,\"valueName\":\"search_term_string\"}}],\"inLanguage\":\"ca\"}]}<\/script>\n<!-- \/ Yoast SEO plugin. -->","yoast_head_json":{"title":"Carta Room Service - F\u00e8lix Hotel","robots":{"index":"index","follow":"follow","max-snippet":"max-snippet:-1","max-image-preview":"max-image-preview:large","max-video-preview":"max-video-preview:-1"},"canonical":"https:\/\/felixhotel.net\/ca\/instalacio\/carta-room-service\/","og_locale":"ca_ES","og_type":"article","og_title":"Carta Room Service - F\u00e8lix Hotel","og_description":"INFORMACI\u00d3 DE L\u2019HOTEL Tel\u00e8fon de Recepci\u00f3: 400 Codi d\u2019acc\u00e9s nocturn B2355B WiFi obert sense contrasenya Esmorzar de 7h a 10:30h Dinars de 13h a 16h Sopars de 20:00h a 22:30h INFORMACI\u00d3N DEL HOTEL Tel\u00e9fono de Recepci\u00f3n: 400 Codigo de acceso nocturno B2355B WiFi abierto y sin contrase\u00f1a Desayunos de 7h a 10:30h Comidas de 13h [&hellip;]","og_url":"https:\/\/felixhotel.net\/ca\/instalacio\/carta-room-service\/","og_site_name":"F\u00e8lix Hotel","twitter_card":"summary_large_image","twitter_misc":{"Temps estimat de lectura":"1 minut"},"schema":{"@context":"https:\/\/schema.org","@graph":[{"@type":"WebPage","@id":"https:\/\/felixhotel.net\/ca\/instalacio\/carta-room-service\/","url":"https:\/\/felixhotel.net\/ca\/instalacio\/carta-room-service\/","name":"Carta Room Service - F\u00e8lix Hotel","isPartOf":{"@id":"https:\/\/felixhotel.net\/ca\/#website"},"datePublished":"2021-01-13T19:48:30+00:00","breadcrumb":{"@id":"https:\/\/felixhotel.net\/ca\/instalacio\/carta-room-service\/#breadcrumb"},"inLanguage":"ca","potentialAction":[{"@type":"ReadAction","target":["https:\/\/felixhotel.net\/ca\/instalacio\/carta-room-service\/"]}]},{"@type":"BreadcrumbList","@id":"https:\/\/felixhotel.net\/ca\/instalacio\/carta-room-service\/#breadcrumb","itemListElement":[{"@type":"ListItem","position":1,"name":"Instalaci\u00f3","item":"https:\/\/felixhotel.net\/ca\/instalacio\/"},{"@type":"ListItem","position":2,"name":"Carta Room Service"}]},{"@type":"WebSite","@id":"https:\/\/felixhotel.net\/ca\/#website","url":"https:\/\/felixhotel.net\/ca\/","name":"F\u00e8lix Hotel","description":"Hotel en Valls","potentialAction":[{"@type":"SearchAction","target":{"@type":"EntryPoint","urlTemplate":"https:\/\/felixhotel.net\/ca\/?s={search_term_string}"},"query-input":{"@type":"PropertyValueSpecification","valueRequired":true,"valueName":"search_term_string"}}],"inLanguage":"ca"}]}},"_links":{"self":[{"href":"https:\/\/felixhotel.net\/ca\/wp-json\/wp\/v2\/pages\/2829","targetHints":{"allow":["GET"]}}],"collection":[{"href":"https:\/\/felixhotel.net\/ca\/wp-json\/wp\/v2\/pages"}],"about":[{"href":"https:\/\/felixhotel.net\/ca\/wp-json\/wp\/v2\/types\/page"}],"author":[{"embeddable":true,"href":"https:\/\/felixhotel.net\/ca\/wp-json\/wp\/v2\/users\/1"}],"replies":[{"embeddable":true,"href":"https:\/\/felixhotel.net\/ca\/wp-json\/wp\/v2\/comments?post=2829"}],"version-history":[{"count":0,"href":"https:\/\/felixhotel.net\/ca\/wp-json\/wp\/v2\/pages\/2829\/revisions"}],"up":[{"embeddable":true,"href":"https:\/\/felixhotel.net\/ca\/wp-json\/wp\/v2\/pages\/2824"}],"wp:attachment":[{"href":"https:\/\/felixhotel.net\/ca\/wp-json\/wp\/v2\/media?parent=2829"}],"curies":[{"name":"wp","href":"https:\/\/api.w.org\/{rel}","templated":true}]}}