{"id":2678,"date":"2021-01-07T14:56:55","date_gmt":"2021-01-07T14:56:55","guid":{"rendered":"https:\/\/felixhotel.net\/avis-legal\/"},"modified":"2025-06-22T14:03:09","modified_gmt":"2025-06-22T14:03:09","slug":"avis-legal","status":"publish","type":"page","link":"https:\/\/felixhotel.net\/ca\/avis-legal\/","title":{"rendered":"Av\u00eds Legal"},"content":{"rendered":"<p>[et_pb_section fb_built=&#8221;1&#8243; _builder_version=&#8221;4.16&#8243; _module_preset=&#8221;default&#8221; global_colors_info=&#8221;{}&#8221;][et_pb_row _builder_version=&#8221;4.16&#8243; _module_preset=&#8221;default&#8221; global_colors_info=&#8221;{}&#8221;][et_pb_column type=&#8221;4_4&#8243; _builder_version=&#8221;4.16&#8243; _module_preset=&#8221;default&#8221; global_colors_info=&#8221;{}&#8221;][et_pb_text _builder_version=&#8221;4.16&#8243; _module_preset=&#8221;default&#8221; global_colors_info=&#8221;{}&#8221;]<\/p>\n<div class=\"wpb_wrapper\">\n<p>Per tal de complir amb la legalitat vigent i atorgar seguretat i confian\u00e7a a tots els seus usuaris, els informem, en virtut de la Llei 34\/2002 de Serveis de la Societat de la Informaci\u00f3 i de Comer\u00e7 Electr\u00f2nic, que aquesta p\u00e0gina Web \u00e9s propietat de F\u00c8LIX HOTEL, SL en endavant F\u00c8LIX HOTEL, amb domicili a Valls, carrer Carretera N-240 KM.17, 43800 Valls (Tarragona &#8211; Espanya), amb CIF B43629591 i inscrita en el Registre Mercantil de Tarragona amb les seg\u00fcents dades: Volum xxx, foli xxx Full xxx, Inscripci\u00f3 n\u00ba1<\/p>\n<p>Per a qualsevol consulta o proposta, contacti&#8217;ns en l&#8217;e-mail a hotel@felixhotel.com o trucant a al tel\u00e8fon (+34) 977 60 90 90.<\/p>\n<p>Aquesta p\u00e0gina Web es regeix per la normativa exclusivament aplicable a Espanya, quedant sotmesa a ella, tant nacionals com estrangers que utilitzin aquesta Web.<\/p>\n<p>L&#8217;acc\u00e9s a la nostra p\u00e0gina Web per part de l&#8217;USUARI \u00e9s gratu\u00eft i est\u00e0 condicionat a la pr\u00e8via lectura i acceptaci\u00f3 integra, expressa i sense reserves de les presents CONDICIONS GENERALS D&#8217;\u00daS vigents en el moment de l&#8217;acc\u00e9s, que preguem llegeixi detingudament. L&#8217;USUARI en el moment que utilitza el nostre portal, els seus continguts o serveis, accepta i se sotmet expressament a les condicions generals d&#8217;\u00fas de la mateixa. Si l&#8217;usuari no estigu\u00e9s d&#8217;acord amb les presents condicions d&#8217;\u00fas, s&#8217;haur\u00e0 d&#8217;abstenir d&#8217;utilitzar aquest portal i operar per mitj\u00e0 del mateix.<\/p>\n<p>El subministrament de dades personals i la compra de productes a trav\u00e9s del nostre portal requereix una edat m\u00ednima de 14 anys, o, si s&#8217;escau, disposar de capacitat jur\u00eddica suficient per contractar.<\/p>\n<p>En qualsevol moment podrem modificar la presentaci\u00f3 i configuraci\u00f3 de la nostra Web, ampliar o reduir serveis, i fins i tot suprimir-la de la Xarxa, aix\u00ed com els serveis i continguts prestats, tot aix\u00f2 de forma unilateral i sense previ av\u00eds.<\/p>\n<p><strong>A. Propietat Intel\u00b7lectual<\/strong><\/p>\n<p>Tots els continguts, textos, imatges, i codis font s\u00f3n propietat de F\u00c8LIX HOTEL o de tercers que als que s&#8217;han adquirit els seus drets d&#8217;explotaci\u00f3, i estan protegits pels drets de Propietat Intel\u00b7lectual i Industrial.<\/p>\n<p>L&#8217;usuari \u00fanicament t\u00e9 dret a un \u00fas privat dels mateixos, sense \u00e0nim de lucre, i necessita autoritzaci\u00f3 expressa de F\u00c8LIX HOTEL i el titular dels drets per a modificar, reproduir-los, explotar-los, distribuir-los o qualsevol dret pertanyent al seu titular.<\/p>\n<p>F\u00c8LIX HOTEL \u00e9s una marca registrada, i est\u00e0 prohibida la seva reproducci\u00f3, imitaci\u00f3, utilitzaci\u00f3 o inserci\u00f3 d&#8217;aquestes marques sense la nostra deguda autoritzaci\u00f3.<\/p>\n<p>L&#8217;establiment d&#8217;enlla\u00e7os al nostre portal no confereix cap dret sobre el mateix. Aix\u00ed mateix, el simple fet d&#8217;establir un enlla\u00e7 a la nostra p\u00e0gina web no d\u00f3na dret a atorgar-se la categoria de col\u00b7laborador o soci de F\u00c8LIX HOTEL.<\/p>\n<p>Est\u00e0 absolutament prohibida la imitaci\u00f3 ja sigui total o parcial del nostre portal.<\/p>\n<p><strong>B. Condicions d&#8217;Acc\u00e9s<\/strong><\/p>\n<p>L&#8217;acc\u00e9s a la nostra p\u00e0gina web \u00e9s gratu\u00eft i no exigeix \u200b\u200bpr\u00e8via subscripci\u00f3 o registre. No obstant aix\u00f2, l&#8217;\u00fas d&#8217;alguns dels nostres serveis pot requerir omplir formularis o la identificaci\u00f3 mitjan\u00e7ant contrasenyes. Aquests serveis quedaran degudament identificats en la Web, amb f\u00e0cils indicacions per registrar-se.<\/p>\n<p>L&#8217;enviament de dades personals implica l&#8217;acceptaci\u00f3 expressa per part de l&#8217;USUARI de la nostra pol\u00edtica de privacitat.<\/p>\n<p>L&#8217;usuari ha d&#8217;accedir a la nostra p\u00e0gina web conforme a la bona fe, les normes d&#8217;ordre p\u00fablic, a les presents Condicions Generals d&#8217;\u00fas. L&#8217;acc\u00e9s al nostre lloc Web es realitza sota la pr\u00f2pia i exclusiva de l&#8217;usuari, que respondr\u00e0 en tot cas dels danys i perjudicis que pugui causar a tercers oa nosaltres mateixos.<\/p>\n<p>L&#8217;usuari t\u00e9 expressament prohibit la utilitzaci\u00f3 i obtenci\u00f3 dels serveis, productes i continguts oferts a la present p\u00e0gina web, per procediments diferents als estipulats en les presents condicions d&#8217;\u00fas, i si escau en les condicions particulars que regulin l&#8217;adquisici\u00f3 de determinats productes.<\/p>\n<p>Tenint en compte la impossibilitat de control respecte a la informaci\u00f3, continguts i serveis que continguin altres websites als quals es pugui accedir a trav\u00e9s dels enlla\u00e7os que la nostra p\u00e0gina web posa a la seva disposici\u00f3, li comuniquem que F\u00c8LIX HOTEL, queda eximit de qualsevol responsabilitat pels danys i perjudicis de tota classe que poguessin derivar per la utilitzaci\u00f3 d&#8217;aquestes p\u00e0gines web alienes a la nostra empresa per part de l&#8217;usuari.<\/p>\n<p>F\u00c8LIX HOTEL es reserva el dret unilateral i sense preav\u00eds de donar de baixa a qualsevol usuari que l&#8217;organitzaci\u00f3 entengui que ha vulnerat les condicions que regeixen l&#8217;\u00fas de la nostra p\u00e0gina web, sense que l&#8217;usuari tingui dret a reclamaci\u00f3 de cap tipus per aquest tipus d&#8217;accions.<\/p>\n<p>F\u00c8LIX HOTEL es reserva el dret d&#8217;exercitar les accions legals oportunes contra aquells que vulnerin les presents condicions generals d&#8217;\u00fas, acceptant l&#8217;USUARI que la no iniciaci\u00f3 d&#8217;aquestes accions no constitueix una ren\u00fancia formal als mateixes, romanent aquestes vigents fins als<\/p>\n<p>terminis de prescripci\u00f3 de les infraccions.<\/p>\n<p><strong>C. Pol\u00edtica de Privacitat<\/strong><\/p>\n<p>La confidencialitat i la seguretat s\u00f3n valors primordials de F\u00c8LIX HOTEL, i en conseq\u00fc\u00e8ncia, assumim el comprom\u00eds de garantir la privadesa de l&#8217;usuari en tot moment i de no recaptar informaci\u00f3 innecess\u00e0ria sobre l&#8217;Usuari.<\/p>\n<p>De conformitat amb la Llei Org\u00e0nica 15\/1999 de Protecci\u00f3 de Dades de Car\u00e0cter Personal (LOPD), i Reial Decret 1720\/2007 de desenvolupament de la LOPD, l&#8217;informem que la utilitzaci\u00f3 de determinats serveis en la nostra p\u00e0gina web requereix que ens faciliti determinades dades personals a trav\u00e9s de formularis de registre o mitjan\u00e7ant l&#8217;enviament de missatges de correu electr\u00f2nic amb la finalitat que ens sol\u00b7liciti qualsevol tipus d&#8217;informaci\u00f3, aclariment o dubte. Les seves dades seran objecte de tractament i incorporats als nostres fitxers, com a titulars i responsables dels mateixos. L&#8217;enviament referit de les dades personals constitueix el consentiment expr\u00e9s a l&#8217;tractament dels mateixos, si b\u00e9 de car\u00e0cter revocable i sense efectes retroactius.<\/p>\n<p>Aix\u00ed mateix li informem que tots els nostres fitxers es troben legalment inscrits al Registre General de Dades Personals de l&#8217;Ag\u00e8ncia Espanyola de Protecci\u00f3 de Dades, aix\u00ed com que per a salvaguardar la seguretat de les seves dades personals s&#8217;aplicaran les mesures de seguretat t\u00e8cniques i organitzatives exigides en el Reial Decret 1720\/2007 que regula el reglament de mesures de seguretat dels fitxers que continguin dades de car\u00e0cter personal.<\/p>\n<p>Amb car\u00e0cter general, queda absolutament prohibit facilitar dades personals als menors de 14 anys sense el consentiment de pares o tutors legals.<\/p>\n<p>F\u00c8LIX HOTEL, es reserva el dret de decidir la incorporaci\u00f3 o no de les seves dades personals als seus fitxers.<\/p>\n<p>L&#8217;usuari ser\u00e0 l&#8217;\u00fanic responsable de qualsevol dany o perjudici, directe i indirecte, que ocasioni a F\u00c8LIX HOTEL oa qualsevol tercer per emplenar els formularis amb dades falses, inexactes, incompletes, no actualitzades, o amb dades de tercers.<\/p>\n<p>Drets d&#8217;acc\u00e9s, rectificaci\u00f3, cancel\u00b7laci\u00f3 i oposici\u00f3 de les seves dades personals<\/p>\n<p>En qualsevol moment pot exercir els seus drets d&#8217;acc\u00e9s, rectificaci\u00f3, cancel\u00b7laci\u00f3 i oposici\u00f3, en els termes establerts legalment, podent dirigir-se a la seg\u00fcent adre\u00e7a indicada a l&#8217;inici de el present Av\u00eds Legal.<\/p>\n<p>Considerem que si no cancel\u00b7la les seves dades personals expressament dels nostres fitxers, continua interessat a seguir incorporat als mateixos fins que F\u00c8LIX HOTEL ho consideri oport\u00fa i mentre sigui adequat a la finalitat per a la qual es van obtenir.<\/p>\n<p>Comunicacions de dades<\/p>\n<p>F\u00c8LIX HOTEL l&#8217;informa que les seves dades s\u00f3n tractades amb la m\u00e0xima confidencialitat i que s\u00f3n utilitzats exclusivament de manera interna i per a les finalitats indicades. De manera que no cedim ni comuniquem a cap tercer les seves dades, a excepci\u00f3 que l&#8217;usuari ens ho autoritzi expressament, en els casos legalment previstos.<\/p>\n<p>Seguretat de les seves dades personals<\/p>\n<p>Amb l&#8217;objectiu de salvaguardar la seguretat de les seves dades personals, l&#8217;informem que F\u00c8LIX HOTEL ha adoptat totes les mesures d&#8217;\u00edndole t\u00e8cnica i organitzativa necess\u00e0ries per garantir la seguretat de les dades personals subministrades de la seva alteraci\u00f3, p\u00e8rdua, i tractaments o accessos no autoritzats, tal com exigeix \u200b\u200bel Reial Decret 1720\/2007 regula el reglament de mesures de seguretat dels fitxers que continguin dades de car\u00e0cter personal.<\/p>\n<p>Actualitzaci\u00f3 de les seves dades<\/p>\n<p>\u00c9s important que perqu\u00e8 puguem mantenir les seves dades personals actualitzades, ens informi sempre que hagi hagut alguna modificaci\u00f3 en ells, en cas contrari, no responem de la veracitat dels mateixos.<\/p>\n<p>Cookies<\/p>\n<p>Aquesta p\u00e0gina web pot utilitzar cookies per facilitar la navegaci\u00f3 a la nostra web, i en conseq\u00fc\u00e8ncia, l&#8217;usuari accepta l&#8217;\u00fas de les mateixes. Les cookies permeten recollir dades a efectes estad\u00edstics: data de la primera visita, nombre de vegades que s&#8217;ha visitat, data de l&#8217;\u00faltima visita, URL i domini de la qual prov\u00e9, explorador utilitzat i resoluci\u00f3 de la pantalla. No obstant aix\u00f2, l&#8217;usuari si ho desitja pot desactivar i \/ o eliminar aquestes cookies seguint les instruccions del seu navegador d&#8217;Internet. En cap cas, les cookies proporcionen dades personals de l&#8217;usuari.<\/p>\n<p>Comunicacions comercials per correu electr\u00f2nic<\/p>\n<p>Tenint en compte que el principal mitj\u00e0 de comunicaci\u00f3 entre F\u00c8LIX HOTEL i l&#8217;USUARI \u00e9s per mitj\u00e0 de l&#8217;adre\u00e7a de correu electr\u00f2nic facilitada, l&#8217;informem que utilitzarem aquest mitj\u00e0 per a totes les comunicacions amb els USUARIS, incloses les informacions comercials o notes informatives relacionades amb la finalitat del nostre portal, i en conseq\u00fc\u00e8ncia, en compliment de l&#8217;article 21 de la Llei de Serveis de la Societat de la Informaci\u00f3 i Comer\u00e7 electr\u00f2nic, que prohibeix l&#8217;enviament de comunicacions comercials a trav\u00e9s de l&#8217;correu electr\u00f2nic que pr\u00e8viament no hagin estat autoritzades expressament pels destinataris de les mateixes, l&#8217;informem que l&#8217;accepta<\/p>\n<p>ci\u00f3 de les presents condicions d&#8217;\u00fas, implica la seva autoritzaci\u00f3 expressament per remetre-li els nostres enviaments comercials, publicitaris i promocionals. No obstant aix\u00f2, si vost\u00e8 no desitja rebre les nostres comunicacions comercials per correu electr\u00f2nic pot oposar-se a les mateixes en l&#8217;adre\u00e7a dalt indicada, o en cada enviament que li remetem.<\/p>\n<p>F\u00c8LIX HOTEL, no es fa responsable de la pol\u00edtica de privacitat respecte a les dades personals que pugui facilitar a tercers per mitj\u00e0 dels enlla\u00e7os disponibles a la nostra p\u00e0gina web.<\/p>\n<p>F\u00c8LIX HOTEL pot modificar les presents pol\u00edtiques de privacitat per adaptar-les a les modificacions que es produeixin en la nostra web, aix\u00ed com modificacions legislatives o jurisprudencials sobre dades personals que vagin apareixent, pel que exigeix \u200b\u200bla seva lectura, cada vegada que ens faciliti les seves dades a trav\u00e9s d&#8217;aquesta web.<\/p>\n<p><strong>D. Responsabilitats<\/strong><\/p>\n<p>A posar a disposici\u00f3 de l&#8217;usuari aquesta p\u00e0gina Web volem oferir-li tot un seguit de continguts i serveis de qualitat, utilitzant la m\u00e0xima dilig\u00e8ncia en la prestaci\u00f3 dels mateixos aix\u00ed com en els mitjans tecnol\u00f2gics utilitzats. No obstant, no respondrem de la pres\u00e8ncia de virus i altres elements que d&#8217;alguna manera puguin danyar el sistema inform\u00e0tic de l&#8217;usuari.<\/p>\n<p>L&#8217;usuari assumeix l&#8217;exempci\u00f3 de qualsevol responsabilitat F\u00c8LIX HOTEL per causes de for\u00e7a major, incloses les fallades tecnol\u00f2giques pr\u00f2pies o alienes derivades de l&#8217;estat actual de la tecnologia.<\/p>\n<p>L&#8217;usuari t\u00e9 prohibit qualsevol tipus d&#8217;acci\u00f3 sobre el nostre portal que origini una excessiva sobrec\u00e0rrega de funcionament als nostres sistemes inform\u00e0tics, aix\u00ed com la introducci\u00f3 de virus, o instal\u00b7laci\u00f3 de robots, o programari que alteri el normal funcionament de la nostra web, o en definitiva pugui causar danys als nostres sistemes inform\u00e0tics.<\/p>\n<p>L&#8217;usuari assumeix tota la responsabilitat derivada de l&#8217;\u00fas de la nostra p\u00e0gina web, sent l&#8217;\u00fanic responsable de tot efecte directe o indirecte que sobre la p\u00e0gina web es derivi, incloent, de forma enunciativa i no limitativa, tot resultat econ\u00f2mic, t\u00e8cnic i \/ o jur\u00eddic advers, aix\u00ed com la defraudaci\u00f3 de les expectatives generades pel nostre portal, obligant-se l&#8217;usuari a mantenir indemne a F\u00c8LIX HOTEL per qualsevol reclamaci\u00f3 derivada, directament o indirectament de tals fets.<\/p>\n<p>F\u00c8LIX HOTEL queda exonerat de responsabilitat per qualsevol reclamaci\u00f3 respecte als drets de propietat intel\u00b7lectual dels articles i imatges publicades en el seu portal, aix\u00ed com, no garanteix l&#8217;exactitud, veracitat i vig\u00e8ncia dels continguts d&#8217;aquesta p\u00e0gina web, ja siguin propis, de tercers, o enlla\u00e7ables a altres web sites, quedant totalment exonerada de qualsevol responsabilitat derivada de l&#8217;\u00fas de la mateixos.<\/p>\n<p>F\u00c8LIX HOTEL queda exonerada de qualsevol responsabilitat derivada de qualsevol reclamaci\u00f3, incl\u00f2s el pagament d&#8217;honoraris a advocats, per les demandes i reclamacions originades per tercers per l&#8217;incompliment per part de l&#8217;USUARI de les nostres condicions d&#8217;\u00fas, acc\u00e9s i pol\u00edtica de privacitat, o qualsevol altra reclamaci\u00f3 per l&#8217;incompliment de la legislaci\u00f3 vigent.<\/p>\n<p>L&#8217;USUARI reconeix que ha ent\u00e8s tota la informaci\u00f3 respecte a les condicions d&#8217;\u00fas del nostre portal, i reconeix que s\u00f3n suficients per a l&#8217;exclusi\u00f3 de l&#8217;error en les mateixes, i per tant, les accepta integra i expressament.<\/p>\n<p>L&#8217;USUARI \u00e9s plenament conscient que la mera navegaci\u00f3 per la present p\u00e0gina web, aix\u00ed com la utilitzaci\u00f3 dels seus serveis, implica l&#8217;acceptaci\u00f3 de les presents condicions d&#8217;\u00fas.<\/p>\n<p>Tot el referent a la nostra p\u00e0gina web, es regeix exclusivament per les lleis espanyoles. En cas que es produeixi qualsevol tipus de discrep\u00e0ncia o difer\u00e8ncia entre les parts en relaci\u00f3 amb la interpretaci\u00f3 i contingut de la present p\u00e0gina web, totes les parts es sotmeten, amb ren\u00fancia expressa a qualsevol altre fur, als Jutjats i Tribunals de Tarragona.<\/p>\n<p><strong>E. Vig\u00e8ncia de les condicions generals d&#8217;acc\u00e9s a la web<\/strong><\/p>\n<p>Les presents Condicions Generals d&#8217;\u00das han estat modificades amb data 2013.02.08. En qualsevol moment podem procedir a la seva modificaci\u00f3: si us plau, comprovi la data d&#8217;emissi\u00f3 en cada ocasi\u00f3 que es connecti a la nostra p\u00e0gina Web i aix\u00ed tindr\u00e0 la certesa que no s&#8217;ha produ\u00eft modificaci\u00f3 alguna que li afecti.<\/p>\n<p>Per a qualsevol q\u00fcesti\u00f3 respecte a les Condicions d&#8217;\u00das de la nostra p\u00e0gina web, pot posar-se en contacte amb nosaltres en les dades a dalt indicats.<\/p>\n<p data-start=\"58\" data-end=\"115\"><strong data-start=\"58\" data-end=\"115\">F. Dades sol\u00b7licitades per l&#8217;hotel a la seva arribada<\/strong><\/p>\n<p data-start=\"117\" data-end=\"553\">En el moment del registre, ser\u00e0 obligatori presentar un document oficial d\u2019identificaci\u00f3 i una targeta de cr\u00e8dit v\u00e0lida com a garantia de l\u2019estada. La targeta haur\u00e0 de mostrar el n\u00famero complet i la data de caducitat, i s\u2019utilitzar\u00e0 per cobrir tant l\u2019import de la reserva com qualsevol c\u00e0rrec addicional o consum extra realitzat durant l\u2019estada. La targeta haur\u00e0 d\u2019estar a nom del hoste principal o d\u2019una persona degudament autoritzada.<\/p>\n<\/div>\n<p>[\/et_pb_text][\/et_pb_column][\/et_pb_row][\/et_pb_section]<\/p>\n","protected":false},"excerpt":{"rendered":"<p>Per tal de complir amb la legalitat vigent i atorgar seguretat i confian\u00e7a a tots els seus usuaris, els informem, en virtut de la Llei 34\/2002 de Serveis de la Societat de la Informaci\u00f3 i de Comer\u00e7 Electr\u00f2nic, que aquesta p\u00e0gina Web \u00e9s propietat de F\u00c8LIX HOTEL, SL en endavant F\u00c8LIX HOTEL, amb domicili a [&hellip;]<\/p>\n","protected":false},"author":1,"featured_media":0,"parent":0,"menu_order":0,"comment_status":"closed","ping_status":"closed","template":"","meta":{"_et_pb_use_builder":"on","_et_pb_old_content":"","_et_gb_content_width":"","footnotes":""},"class_list":["post-2678","page","type-page","status-publish","hentry"],"yoast_head":"<!-- This site is optimized with the Yoast SEO plugin v25.0 - https:\/\/yoast.com\/wordpress\/plugins\/seo\/ -->\n<title>Av\u00eds Legal - F\u00e8lix Hotel<\/title>\n<meta name=\"robots\" content=\"noindex, follow\" \/>\n<meta property=\"og:locale\" content=\"ca_ES\" \/>\n<meta property=\"og:type\" content=\"article\" \/>\n<meta property=\"og:title\" content=\"Av\u00eds Legal - F\u00e8lix Hotel\" \/>\n<meta property=\"og:description\" content=\"Per tal de complir amb la legalitat vigent i atorgar seguretat i confian\u00e7a a tots els seus usuaris, els informem, en virtut de la Llei 34\/2002 de Serveis de la Societat de la Informaci\u00f3 i de Comer\u00e7 Electr\u00f2nic, que aquesta p\u00e0gina Web \u00e9s propietat de F\u00c8LIX HOTEL, SL en endavant F\u00c8LIX HOTEL, amb domicili a [&hellip;]\" \/>\n<meta property=\"og:url\" content=\"https:\/\/felixhotel.net\/ca\/avis-legal\/\" \/>\n<meta property=\"og:site_name\" content=\"F\u00e8lix Hotel\" \/>\n<meta property=\"article:modified_time\" content=\"2025-06-22T14:03:09+00:00\" \/>\n<meta name=\"twitter:card\" content=\"summary_large_image\" \/>\n<meta name=\"twitter:label1\" content=\"Temps estimat de lectura\" \/>\n\t<meta name=\"twitter:data1\" content=\"12 minuts\" \/>\n<script type=\"application\/ld+json\" class=\"yoast-schema-graph\">{\"@context\":\"https:\/\/schema.org\",\"@graph\":[{\"@type\":\"WebPage\",\"@id\":\"https:\/\/felixhotel.net\/ca\/avis-legal\/\",\"url\":\"https:\/\/felixhotel.net\/ca\/avis-legal\/\",\"name\":\"Av\u00eds Legal - F\u00e8lix Hotel\",\"isPartOf\":{\"@id\":\"https:\/\/felixhotel.net\/ca\/#website\"},\"datePublished\":\"2021-01-07T14:56:55+00:00\",\"dateModified\":\"2025-06-22T14:03:09+00:00\",\"inLanguage\":\"ca\",\"potentialAction\":[{\"@type\":\"ReadAction\",\"target\":[\"https:\/\/felixhotel.net\/ca\/avis-legal\/\"]}]},{\"@type\":\"WebSite\",\"@id\":\"https:\/\/felixhotel.net\/ca\/#website\",\"url\":\"https:\/\/felixhotel.net\/ca\/\",\"name\":\"F\u00e8lix Hotel\",\"description\":\"Hotel en Valls\",\"potentialAction\":[{\"@type\":\"SearchAction\",\"target\":{\"@type\":\"EntryPoint\",\"urlTemplate\":\"https:\/\/felixhotel.net\/ca\/?s={search_term_string}\"},\"query-input\":{\"@type\":\"PropertyValueSpecification\",\"valueRequired\":true,\"valueName\":\"search_term_string\"}}],\"inLanguage\":\"ca\"}]}<\/script>\n<!-- \/ Yoast SEO plugin. -->","yoast_head_json":{"title":"Av\u00eds Legal - F\u00e8lix Hotel","robots":{"index":"noindex","follow":"follow"},"og_locale":"ca_ES","og_type":"article","og_title":"Av\u00eds Legal - F\u00e8lix Hotel","og_description":"Per tal de complir amb la legalitat vigent i atorgar seguretat i confian\u00e7a a tots els seus usuaris, els informem, en virtut de la Llei 34\/2002 de Serveis de la Societat de la Informaci\u00f3 i de Comer\u00e7 Electr\u00f2nic, que aquesta p\u00e0gina Web \u00e9s propietat de F\u00c8LIX HOTEL, SL en endavant F\u00c8LIX HOTEL, amb domicili a [&hellip;]","og_url":"https:\/\/felixhotel.net\/ca\/avis-legal\/","og_site_name":"F\u00e8lix Hotel","article_modified_time":"2025-06-22T14:03:09+00:00","twitter_card":"summary_large_image","twitter_misc":{"Temps estimat de lectura":"12 minuts"},"schema":{"@context":"https:\/\/schema.org","@graph":[{"@type":"WebPage","@id":"https:\/\/felixhotel.net\/ca\/avis-legal\/","url":"https:\/\/felixhotel.net\/ca\/avis-legal\/","name":"Av\u00eds Legal - F\u00e8lix Hotel","isPartOf":{"@id":"https:\/\/felixhotel.net\/ca\/#website"},"datePublished":"2021-01-07T14:56:55+00:00","dateModified":"2025-06-22T14:03:09+00:00","inLanguage":"ca","potentialAction":[{"@type":"ReadAction","target":["https:\/\/felixhotel.net\/ca\/avis-legal\/"]}]},{"@type":"WebSite","@id":"https:\/\/felixhotel.net\/ca\/#website","url":"https:\/\/felixhotel.net\/ca\/","name":"F\u00e8lix Hotel","description":"Hotel en Valls","potentialAction":[{"@type":"SearchAction","target":{"@type":"EntryPoint","urlTemplate":"https:\/\/felixhotel.net\/ca\/?s={search_term_string}"},"query-input":{"@type":"PropertyValueSpecification","valueRequired":true,"valueName":"search_term_string"}}],"inLanguage":"ca"}]}},"_links":{"self":[{"href":"https:\/\/felixhotel.net\/ca\/wp-json\/wp\/v2\/pages\/2678","targetHints":{"allow":["GET"]}}],"collection":[{"href":"https:\/\/felixhotel.net\/ca\/wp-json\/wp\/v2\/pages"}],"about":[{"href":"https:\/\/felixhotel.net\/ca\/wp-json\/wp\/v2\/types\/page"}],"author":[{"embeddable":true,"href":"https:\/\/felixhotel.net\/ca\/wp-json\/wp\/v2\/users\/1"}],"replies":[{"embeddable":true,"href":"https:\/\/felixhotel.net\/ca\/wp-json\/wp\/v2\/comments?post=2678"}],"version-history":[{"count":1,"href":"https:\/\/felixhotel.net\/ca\/wp-json\/wp\/v2\/pages\/2678\/revisions"}],"predecessor-version":[{"id":14412,"href":"https:\/\/felixhotel.net\/ca\/wp-json\/wp\/v2\/pages\/2678\/revisions\/14412"}],"wp:attachment":[{"href":"https:\/\/felixhotel.net\/ca\/wp-json\/wp\/v2\/media?parent=2678"}],"curies":[{"name":"wp","href":"https:\/\/api.w.org\/{rel}","templated":true}]}}